{"id":33659,"date":"2026-05-12T22:33:06","date_gmt":"2026-05-12T20:33:06","guid":{"rendered":"https:\/\/27-215.pl\/?post_type=product&#038;p=33659"},"modified":"2026-05-12T22:40:15","modified_gmt":"2026-05-12T20:40:15","slug":"sitko-do-sitopajaka","status":"publish","type":"product","link":"https:\/\/27-215.pl\/index.php\/produkt\/sitko-do-sitopajaka\/","title":{"rendered":"Sitko do sitopaj\u0105ka"},"content":{"rendered":"<p data-start=\"11\" data-end=\"274\"><strong data-start=\"11\" data-end=\"53\">Sitko paj\u0105k \/ sito paj\u0105czek do powa\u0142ki<\/strong> to praktyczny element wyposa\u017cenia ula, wykonany z trwa\u0142ego tworzywa sztucznego. Produkt przeznaczony jest do monta\u017cu w otworach powa\u0142kowych i wspomaga prawid\u0142ow\u0105 wentylacj\u0119 ula, zapewniaj\u0105c odpowiedni przep\u0142yw powietrza.<\/p>\n<p data-start=\"276\" data-end=\"570\">Sitko mo\u017cna \u0142atwo i stabilnie zamontowa\u0107 na pier\u015bcieniu monta\u017cowym za pomoc\u0105 <strong data-start=\"353\" data-end=\"369\">3 zatrzask\u00f3w<\/strong>. Dzi\u0119ki temu obs\u0142uga jest szybka, wygodna i nie wymaga u\u017cycia specjalistycznych narz\u0119dzi. Plastikowa konstrukcja sprawia, \u017ce sito jest lekkie, wytrzyma\u0142e i odporne na dzia\u0142anie czynnik\u00f3w zewn\u0119trznych.<\/p>\n<p data-start=\"572\" data-end=\"831\">Sito paj\u0105czek stosowane jest przede wszystkim w powa\u0142kach uli. Po zamontowaniu poprawia wentylacj\u0119 dennicy oraz powa\u0142y, a jednocze\u015bnie mo\u017ce ogranicza\u0107 dost\u0119p pszcz\u00f3\u0142 do wybranych przestrzeni ula. Produkt mo\u017ce by\u0107 tak\u017ce wykorzystywany jako po\u0142awiacz propolisu.<\/p>\n<p data-start=\"833\" data-end=\"1114\">W po\u0142\u0105czeniu z pier\u015bcieniem monta\u017cowym sitko paj\u0105k mo\u017ce s\u0142u\u017cy\u0107 r\u00f3wnie\u017c jako podstawa pod podkarmiaczk\u0119, na przyk\u0142ad wiaderkow\u0105. To uniwersalny i funkcjonalny dodatek do ula, kt\u00f3ry u\u0142atwia codzienn\u0105 prac\u0119 pszczelarza oraz pomaga utrzyma\u0107 w\u0142a\u015bciwe warunki wewn\u0105trz rodziny pszczelej.<\/p>\n","protected":false},"excerpt":{"rendered":"<p>Sitko paj\u0105k \/ sito paj\u0105czek do powa\u0142ki to praktyczny element wyposa\u017cenia ula, wykonany z trwa\u0142ego tworzywa sztucznego. Produkt przeznaczony jest do monta\u017cu w otworach powa\u0142kowych i wspomaga prawid\u0142ow\u0105 wentylacj\u0119 ula, zapewniaj\u0105c odpowiedni przep\u0142yw powietrza. Sitko mo\u017cna \u0142atwo i stabilnie zamontowa\u0107 na pier\u015bcieniu monta\u017cowym za pomoc\u0105 3 zatrzask\u00f3w. Dzi\u0119ki temu obs\u0142uga jest szybka, wygodna i nie [&hellip;]<\/p>\n","protected":false},"featured_media":33660,"template":"","meta":[],"product_brand":[],"product_cat":[41],"product_tag":[],"class_list":{"0":"post-33659","1":"product","2":"type-product","3":"status-publish","4":"has-post-thumbnail","6":"product_cat-inne","8":"first","9":"instock","10":"taxable","11":"shipping-taxable","12":"purchasable","13":"product-type-simple"},"_links":{"self":[{"href":"https:\/\/27-215.pl\/index.php\/wp-json\/wp\/v2\/product\/33659","targetHints":{"allow":["GET"]}}],"collection":[{"href":"https:\/\/27-215.pl\/index.php\/wp-json\/wp\/v2\/product"}],"about":[{"href":"https:\/\/27-215.pl\/index.php\/wp-json\/wp\/v2\/types\/product"}],"wp:featuredmedia":[{"embeddable":true,"href":"https:\/\/27-215.pl\/index.php\/wp-json\/wp\/v2\/media\/33660"}],"wp:attachment":[{"href":"https:\/\/27-215.pl\/index.php\/wp-json\/wp\/v2\/media?parent=33659"}],"wp:term":[{"taxonomy":"product_brand","embeddable":true,"href":"https:\/\/27-215.pl\/index.php\/wp-json\/wp\/v2\/product_brand?post=33659"},{"taxonomy":"product_cat","embeddable":true,"href":"https:\/\/27-215.pl\/index.php\/wp-json\/wp\/v2\/product_cat?post=33659"},{"taxonomy":"product_tag","embeddable":true,"href":"https:\/\/27-215.pl\/index.php\/wp-json\/wp\/v2\/product_tag?post=33659"}],"curies":[{"name":"wp","href":"https:\/\/api.w.org\/{rel}","templated":true}]}}