{"id":337,"date":"2025-01-17T20:07:11","date_gmt":"2025-01-17T19:07:11","guid":{"rendered":"https:\/\/www.27-215.pl\/?post_type=product&#038;p=337"},"modified":"2026-04-04T08:47:42","modified_gmt":"2026-04-04T06:47:42","slug":"metody-wychowu-matek-pszczelich","status":"publish","type":"product","link":"https:\/\/27-215.pl\/index.php\/produkt\/metody-wychowu-matek-pszczelich\/","title":{"rendered":"Metody wychowu matek pszczelich"},"content":{"rendered":"<p>Wed\u0142ug danych statystycznych w Polsce jest oko\u0142o milion rodzin pszcze\u00adlich. W okresie ostatniego dziesi\u0119ciolecia liczba ich zmniejszy\u0142a si\u0119 ponad dwu\u00adkrotnie. Na sta\u0142ym poziomie pozosta\u0142a produkcja miodu, wynosz\u0105ca 13 ty\u015b. ton rocznie, co by\u0142o mo\u017cliwe dzi\u0119ki intensyfikacji produkcji pasiecznej. Jedn\u0105 z dr\u00f3g tej intensyfikacji jest odpowiednio cz\u0119sta wymiana matek pszczelich w rodzinach. W Polsce sugeruje si\u0119, aby wymienia\u0107 je co najmniej raz na 3 la\u00adta. W intensywnie prowadzonych pasiekach w USA matki pszczele wymienia si\u0119 ka\u017cdego roku. Gdyby nawet przyj\u0105\u0107, \u017ce wymiana matek pszczelich b\u0119dzie prowadzona co 3 lata, to roczne zapotrzebowanie na nie w Polsce wyniesie po\u00adnad 330 ty\u015b. sztuk. Roczna produkcja matek pszczelich, kontrolowanej jako\u015bci, nie przekracza 50 ty\u015b. sztuk. Stanowi to zaledwie 15 % zapotrzebowania. Przy takiej produkcji matka z pasieki zarodowej czy reprodukcyjnej, trafia do rodzi\u00adny pszczelej raz na 6 lat. Wi\u0119ksz\u0105 cz\u0119\u015b\u0107 potrzebnych matek hoduj\u0105 pszczelarze we w\u0142asnym zakresie. Z tego znaczny procent stanowi\u0105 matki rojowe. Reszta to matki ratunkowe i z cichej wymiany. Warto\u015b\u0107 u\u017cytkowa zar\u00f3wno matek rojo\u00adwych, jak i ratunkowych, jest znacznie gorsza ni\u017c matek wychowanych nowo\u00adczesnymi metodami w pasiekach zarodowych czy te\u017c reprodukcyjnych. Pszcze\u00adlarze najch\u0119tniej nabywaj\u0105 matki z pasiek zarodowych i reprodukcyjnych o wie\u00adloletniej tradycji. Ma\u0142o znane pasieki reprodukcyjne maj\u0105 niekiedy trudno\u015bci ze zbytem.<\/p>\n<p>Wydawnictwo: Bartnik S\u0105decki<br \/>\nAutor: A. Pidek<br \/>\nWydawca, rok wydania: Bartnik, 1999<br \/>\nLiczba stron : 150<br \/>\nOprawa i wymiary: mi\u0119kka, 160 x 230 mm<br \/>\nISBN: 83-907013-9-1<\/p>\n","protected":false},"excerpt":{"rendered":"<p>Wed\u0142ug danych statystycznych w Polsce jest oko\u0142o milion rodzin pszcze\u00adlich. W okresie ostatniego dziesi\u0119ciolecia liczba ich zmniejszy\u0142a si\u0119 ponad dwu\u00adkrotnie. Na sta\u0142ym poziomie pozosta\u0142a produkcja miodu, wynosz\u0105ca 13 ty\u015b. ton rocznie, co by\u0142o mo\u017cliwe dzi\u0119ki intensyfikacji produkcji pasiecznej. Jedn\u0105 z dr\u00f3g tej intensyfikacji jest odpowiednio cz\u0119sta wymiana matek pszczelich w rodzinach. W Polsce sugeruje si\u0119, [&hellip;]<\/p>\n","protected":false},"featured_media":338,"template":"","meta":[],"product_brand":[],"product_cat":[18],"product_tag":[],"class_list":{"0":"post-337","1":"product","2":"type-product","3":"status-publish","4":"has-post-thumbnail","6":"product_cat-literatura","8":"first","9":"instock","10":"taxable","11":"shipping-taxable","12":"purchasable","13":"product-type-simple"},"_links":{"self":[{"href":"https:\/\/27-215.pl\/index.php\/wp-json\/wp\/v2\/product\/337","targetHints":{"allow":["GET"]}}],"collection":[{"href":"https:\/\/27-215.pl\/index.php\/wp-json\/wp\/v2\/product"}],"about":[{"href":"https:\/\/27-215.pl\/index.php\/wp-json\/wp\/v2\/types\/product"}],"wp:featuredmedia":[{"embeddable":true,"href":"https:\/\/27-215.pl\/index.php\/wp-json\/wp\/v2\/media\/338"}],"wp:attachment":[{"href":"https:\/\/27-215.pl\/index.php\/wp-json\/wp\/v2\/media?parent=337"}],"wp:term":[{"taxonomy":"product_brand","embeddable":true,"href":"https:\/\/27-215.pl\/index.php\/wp-json\/wp\/v2\/product_brand?post=337"},{"taxonomy":"product_cat","embeddable":true,"href":"https:\/\/27-215.pl\/index.php\/wp-json\/wp\/v2\/product_cat?post=337"},{"taxonomy":"product_tag","embeddable":true,"href":"https:\/\/27-215.pl\/index.php\/wp-json\/wp\/v2\/product_tag?post=337"}],"curies":[{"name":"wp","href":"https:\/\/api.w.org\/{rel}","templated":true}]}}