{"id":341,"date":"2025-01-17T20:29:12","date_gmt":"2025-01-17T19:29:12","guid":{"rendered":"https:\/\/www.27-215.pl\/?post_type=product&#038;p=341"},"modified":"2026-04-04T08:47:46","modified_gmt":"2026-04-04T06:47:46","slug":"pszczelarstwo-to-moze-byc-biznes","status":"publish","type":"product","link":"https:\/\/27-215.pl\/index.php\/produkt\/pszczelarstwo-to-moze-byc-biznes\/","title":{"rendered":"Pszczelarstwo to mo\u017ce by\u0107 biznes"},"content":{"rendered":"<p>Pszczelarstwo jest wa\u017cnym elementem rozwoju rolnictwa w Polsce. Pszczo\u0142y, pr\u00f3cz bezpo\u015bredniej produkcji miodu, wosku, obn\u00f3\u017cy py\u0142kowych, mleczka i jadu pszczelego, gwarantuj\u0105 te\u017c zapylanie upraw entomofilnych. Szacuje si\u0119, \u017ce 1\/3 produkcji wytwarzanej w rolnictwie jest zas\u0142ug\u0105 zapyla\u00adj\u0105cej roli pszcz\u00f3\u0142 i dziko \u017cyj\u0105cych owad\u00f3w zapylaj\u0105cych. Zwi\u0119kszaj\u0105 one plony ro\u015blin owadopylnych \u015brednio o 30%, b\u0119d\u0105c r\u00f3wnocze\u015bnie wa\u017cnym elementem r\u00f3wnowagi ekologicznej.<\/p>\n<p>Pszczelarstwo daje mo\u017cliwo\u015bci dodatkowego zarobku dla os\u00f3b pracuj\u0105\u00adcych w innych zawodach. Wa\u017cnym, cho\u0107 niewymiernym elementem, jest dzia\u0142anie kulturotw\u00f3rcze pszczelarstwa.<\/p>\n<p>Wydawnictwo: Bartnik S\u0105decki<br \/>\nAutor: J. Wilde, J. Cicho\u0144<br \/>\nRok wydania: 1999<br \/>\nLiczba stron : 168<br \/>\nOprawa: mi\u0119kka<br \/>\nWymiary: 160 x 230 mm<br \/>\nZdj\u0119cie ksi\u0105\u017cki pogl\u0105dowe<br \/>\nISBN: 83-910477-0-9<\/p>\n","protected":false},"excerpt":{"rendered":"<p>Pszczelarstwo jest wa\u017cnym elementem rozwoju rolnictwa w Polsce. Pszczo\u0142y, pr\u00f3cz bezpo\u015bredniej produkcji miodu, wosku, obn\u00f3\u017cy py\u0142kowych, mleczka i jadu pszczelego, gwarantuj\u0105 te\u017c zapylanie upraw entomofilnych. Szacuje si\u0119, \u017ce 1\/3 produkcji wytwarzanej w rolnictwie jest zas\u0142ug\u0105 zapyla\u00adj\u0105cej roli pszcz\u00f3\u0142 i dziko \u017cyj\u0105cych owad\u00f3w zapylaj\u0105cych. Zwi\u0119kszaj\u0105 one plony ro\u015blin owadopylnych \u015brednio o 30%, b\u0119d\u0105c r\u00f3wnocze\u015bnie wa\u017cnym elementem [&hellip;]<\/p>\n","protected":false},"featured_media":342,"template":"","meta":[],"product_brand":[],"product_cat":[18],"product_tag":[],"class_list":{"0":"post-341","1":"product","2":"type-product","3":"status-publish","4":"has-post-thumbnail","6":"product_cat-literatura","8":"first","9":"instock","10":"taxable","11":"shipping-taxable","12":"purchasable","13":"product-type-simple"},"_links":{"self":[{"href":"https:\/\/27-215.pl\/index.php\/wp-json\/wp\/v2\/product\/341","targetHints":{"allow":["GET"]}}],"collection":[{"href":"https:\/\/27-215.pl\/index.php\/wp-json\/wp\/v2\/product"}],"about":[{"href":"https:\/\/27-215.pl\/index.php\/wp-json\/wp\/v2\/types\/product"}],"wp:featuredmedia":[{"embeddable":true,"href":"https:\/\/27-215.pl\/index.php\/wp-json\/wp\/v2\/media\/342"}],"wp:attachment":[{"href":"https:\/\/27-215.pl\/index.php\/wp-json\/wp\/v2\/media?parent=341"}],"wp:term":[{"taxonomy":"product_brand","embeddable":true,"href":"https:\/\/27-215.pl\/index.php\/wp-json\/wp\/v2\/product_brand?post=341"},{"taxonomy":"product_cat","embeddable":true,"href":"https:\/\/27-215.pl\/index.php\/wp-json\/wp\/v2\/product_cat?post=341"},{"taxonomy":"product_tag","embeddable":true,"href":"https:\/\/27-215.pl\/index.php\/wp-json\/wp\/v2\/product_tag?post=341"}],"curies":[{"name":"wp","href":"https:\/\/api.w.org\/{rel}","templated":true}]}}