{"id":343,"date":"2025-01-17T21:42:35","date_gmt":"2025-01-17T20:42:35","guid":{"rendered":"https:\/\/www.27-215.pl\/?post_type=product&#038;p=343"},"modified":"2026-04-04T08:47:44","modified_gmt":"2026-04-04T06:47:44","slug":"moja-gospodarka-pasieczna","status":"publish","type":"product","link":"https:\/\/27-215.pl\/index.php\/produkt\/moja-gospodarka-pasieczna\/","title":{"rendered":"Moja gospodarka pasieczna"},"content":{"rendered":"<p>Autor wprowadza Czytelnika w obszar gospodarki pasiecznej od strony hodowli. Uwa\u017ca, \u017ce istotnym celem hodowli by\u0142o zawsze osi\u0105gni\u0119cie maksymalnej wydajno\u015bci rodzin pszczelich. Niezb\u0119dnym czynnikiem jest oczywi\u015bcie matka pszczela najwy\u017cszej jako\u015bci. Zak\u0142\u00f3cenia jej rozwoju hamuj\u0105 mo\u017cliwo\u015b\u0107 wykazania dziedzicznie uwarunkowanej zdolno\u015bci czerwienia. W nowoczesnym pszczelarstwie jako\u015b\u0107 matki pszczelej jest decyduj\u0105cym faktorem, od kt\u00f3rego zale\u017cy wydajno\u015b\u0107 rodziny pszczelej. Brat Adam opisuje swoj\u0105 przygod\u0119 z pszczo\u0142\u0105 Buckwast w Dewonie, na jej przyk\u0142adzie wyja\u015bnia istot\u0119 dobrej hodowli pszcz\u00f3\u0142. Autor nie omieszka pomin\u0105\u0107 opinii, \u017ce ka\u017cde przedsi\u0119biorstwo pszczelarskie musi by\u0107 dopasowane do panuj\u0105cych warunk\u00f3w \u015brodowiskowych i jest to bezsprzeczne. Ka\u017cda ingerencja i zmiana musi by\u0107 odpowiednio rozwa\u017cona, a \u015blepe na\u015bladownictwo nigdy nie przynosi oczekiwanych rezultat\u00f3w.<\/p>\n<p>Autor: Brat Adam<br \/>\nWydawnictwo: S\u0105decki Bartnik<br \/>\nRok wydania: 2009<br \/>\nStron: 114<br \/>\nOprawa: mi\u0119kka<br \/>\nWymiary: 234 x 162 mm<br \/>\nZdj\u0119cie ksi\u0105\u017cki pogl\u0105dowe<br \/>\nISBN: 978-83-924214-4-3<\/p>\n","protected":false},"excerpt":{"rendered":"<p>Autor wprowadza Czytelnika w obszar gospodarki pasiecznej od strony hodowli. Uwa\u017ca, \u017ce istotnym celem hodowli by\u0142o zawsze osi\u0105gni\u0119cie maksymalnej wydajno\u015bci rodzin pszczelich. Niezb\u0119dnym czynnikiem jest oczywi\u015bcie matka pszczela najwy\u017cszej jako\u015bci. Zak\u0142\u00f3cenia jej rozwoju hamuj\u0105 mo\u017cliwo\u015b\u0107 wykazania dziedzicznie uwarunkowanej zdolno\u015bci czerwienia. W nowoczesnym pszczelarstwie jako\u015b\u0107 matki pszczelej jest decyduj\u0105cym faktorem, od kt\u00f3rego zale\u017cy wydajno\u015b\u0107 rodziny pszczelej. [&hellip;]<\/p>\n","protected":false},"featured_media":344,"template":"","meta":[],"product_brand":[],"product_cat":[18],"product_tag":[],"class_list":{"0":"post-343","1":"product","2":"type-product","3":"status-publish","4":"has-post-thumbnail","6":"product_cat-literatura","8":"first","9":"outofstock","10":"taxable","11":"shipping-taxable","12":"purchasable","13":"product-type-simple"},"_links":{"self":[{"href":"https:\/\/27-215.pl\/index.php\/wp-json\/wp\/v2\/product\/343","targetHints":{"allow":["GET"]}}],"collection":[{"href":"https:\/\/27-215.pl\/index.php\/wp-json\/wp\/v2\/product"}],"about":[{"href":"https:\/\/27-215.pl\/index.php\/wp-json\/wp\/v2\/types\/product"}],"wp:featuredmedia":[{"embeddable":true,"href":"https:\/\/27-215.pl\/index.php\/wp-json\/wp\/v2\/media\/344"}],"wp:attachment":[{"href":"https:\/\/27-215.pl\/index.php\/wp-json\/wp\/v2\/media?parent=343"}],"wp:term":[{"taxonomy":"product_brand","embeddable":true,"href":"https:\/\/27-215.pl\/index.php\/wp-json\/wp\/v2\/product_brand?post=343"},{"taxonomy":"product_cat","embeddable":true,"href":"https:\/\/27-215.pl\/index.php\/wp-json\/wp\/v2\/product_cat?post=343"},{"taxonomy":"product_tag","embeddable":true,"href":"https:\/\/27-215.pl\/index.php\/wp-json\/wp\/v2\/product_tag?post=343"}],"curies":[{"name":"wp","href":"https:\/\/api.w.org\/{rel}","templated":true}]}}