{"id":345,"date":"2025-01-17T21:43:10","date_gmt":"2025-01-17T20:43:10","guid":{"rendered":"https:\/\/www.27-215.pl\/?post_type=product&#038;p=345"},"modified":"2026-04-04T08:47:49","modified_gmt":"2026-04-04T06:47:49","slug":"pszczoly-w-ogrodzie","status":"publish","type":"product","link":"https:\/\/27-215.pl\/index.php\/produkt\/pszczoly-w-ogrodzie\/","title":{"rendered":"Pszczo\u0142y w ogrodzie"},"content":{"rendered":"<p>Zastanawiasz si\u0119 nad za\u0142o\u017ceniem w\u0142asnej pasieki, ale nie wiesz jak si\u0119 do tego zabra\u0107?<br \/>\nDo tej pory brakowa\u0142o na rynku wydawniczym ksi\u0105\u017cki, kt\u00f3ra w przyst\u0119pny spos\u00f3b przedstawi problematyk\u0119 zak\u0142adania i prowadzenia przydomowej pasieki.<\/p>\n<p>Je\u015bli my\u015blisz o za\u0142o\u017ceniu przydomowej pasieki to najlepsze co mo\u017cesz zrobi\u0107 to kupi\u0107 ten poradnik, kt\u00f3ry podpowie: od czego zacz\u0105\u0107, jaki sprz\u0119t pszczelarski wybra\u0107, jak prawid\u0142owo dba\u0107 o dobrostan rodziny pszczelej, kiedy podj\u0105\u0107 decyzj\u0119 o rozpocz\u0119ciu miodobrania czy w jaki spos\u00f3b przygotowa\u0107 rodzin\u0119 pszczel\u0105 do zimowli. Ksi\u0105\u017cka z pewno\u015bci\u0105 u\u0142atwi wykonywanie wszystkich prac przy pszczo\u0142ach.<\/p>\n<p>Ka\u017cdy ul to dom dla oko\u0142o 50-60 tysi\u0119cy po\u017cytecznych owad\u00f3w (w okresie letnim), kt\u00f3re pe\u0142ni\u0105 nieocenion\u0105 rol\u0119 zapylaczy.<\/p>\n<p>Zapylanie ro\u015blin przez pszczo\u0142y jest powszechnie wykorzystywane w rolnictwie i sadownictwie. Nie od dzi\u015b bowiem wiadomo, \u017ce im cz\u0119\u015bciej pszczo\u0142a odwiedzi dany kwiat, tym p\u00f3\u017aniej lepszy i bardziej dorodny powstanie z niego owoc. Pszczo\u0142om zawdzi\u0119czamy lwi\u0105 cz\u0119\u015b\u0107 tego, co znajdujemy codziennie na talerzu, szacuje si\u0119, \u017ce nawet 90 %. Wiele owoc\u00f3w, w tym: morele, brzoskwinie, wi\u015bnie, truskawki, poziomki, jagody, bor\u00f3wki &#8211; oraz 4 tys. odmian warzyw zawdzi\u0119czamy w\u0142a\u015bnie pszczo\u0142owatym. Warto przy tym wspomnie\u0107, \u017ce zapylanie przynosi korzy\u015b\u0107 w postaci jedzenia nie tylko nam, ludziom.  Owoce jarz\u0119biny, g\u0142ogu, je\u017cyn, malin, jag\u00f3d i innych ro\u015blin, kt\u00f3rymi \u017cywi\u0105 si\u0119 dzikie ssaki i ptaki, powstaj\u0105 dzi\u0119ki Apis mellifera.<\/p>\n<p>Autor: Zygmunt Paluch, Hazem M. Kalaji<br \/>\nWydawnictwo: ITP-PIB<br \/>\nRok wydania: 2021<br \/>\nStron: 92<br \/>\nOprawa: mi\u0119kka<br \/>\nWymiary: 234 x 162 mm<br \/>\nZdj\u0119cie ksi\u0105\u017cki pogl\u0105dowe<br \/>\nISBN: 978-83-65426-63-5<\/p>\n","protected":false},"excerpt":{"rendered":"<p>Zastanawiasz si\u0119 nad za\u0142o\u017ceniem w\u0142asnej pasieki, ale nie wiesz jak si\u0119 do tego zabra\u0107? Do tej pory brakowa\u0142o na rynku wydawniczym ksi\u0105\u017cki, kt\u00f3ra w przyst\u0119pny spos\u00f3b przedstawi problematyk\u0119 zak\u0142adania i prowadzenia przydomowej pasieki. Je\u015bli my\u015blisz o za\u0142o\u017ceniu przydomowej pasieki to najlepsze co mo\u017cesz zrobi\u0107 to kupi\u0107 ten poradnik, kt\u00f3ry podpowie: od czego zacz\u0105\u0107, jaki sprz\u0119t [&hellip;]<\/p>\n","protected":false},"featured_media":362,"template":"","meta":[],"product_brand":[],"product_cat":[18],"product_tag":[],"class_list":{"0":"post-345","1":"product","2":"type-product","3":"status-publish","4":"has-post-thumbnail","6":"product_cat-literatura","8":"first","9":"outofstock","10":"taxable","11":"shipping-taxable","12":"purchasable","13":"product-type-simple"},"_links":{"self":[{"href":"https:\/\/27-215.pl\/index.php\/wp-json\/wp\/v2\/product\/345","targetHints":{"allow":["GET"]}}],"collection":[{"href":"https:\/\/27-215.pl\/index.php\/wp-json\/wp\/v2\/product"}],"about":[{"href":"https:\/\/27-215.pl\/index.php\/wp-json\/wp\/v2\/types\/product"}],"wp:featuredmedia":[{"embeddable":true,"href":"https:\/\/27-215.pl\/index.php\/wp-json\/wp\/v2\/media\/362"}],"wp:attachment":[{"href":"https:\/\/27-215.pl\/index.php\/wp-json\/wp\/v2\/media?parent=345"}],"wp:term":[{"taxonomy":"product_brand","embeddable":true,"href":"https:\/\/27-215.pl\/index.php\/wp-json\/wp\/v2\/product_brand?post=345"},{"taxonomy":"product_cat","embeddable":true,"href":"https:\/\/27-215.pl\/index.php\/wp-json\/wp\/v2\/product_cat?post=345"},{"taxonomy":"product_tag","embeddable":true,"href":"https:\/\/27-215.pl\/index.php\/wp-json\/wp\/v2\/product_tag?post=345"}],"curies":[{"name":"wp","href":"https:\/\/api.w.org\/{rel}","templated":true}]}}