{"id":349,"date":"2025-01-17T21:07:24","date_gmt":"2025-01-17T20:07:24","guid":{"rendered":"https:\/\/www.27-215.pl\/?post_type=product&#038;p=349"},"modified":"2026-04-04T12:31:33","modified_gmt":"2026-04-04T10:31:33","slug":"choroby-pszczol","status":"publish","type":"product","link":"https:\/\/27-215.pl\/index.php\/produkt\/choroby-pszczol\/","title":{"rendered":"Choroby pszcz\u00f3\u0142"},"content":{"rendered":"<p>To pierwsza pozycja, kt\u00f3ra znalaz\u0142a si\u0119 na li\u015bcie zaplanowanych przez wydawnictwo \u201eS\u0105decki Bartnik\u201d reprint\u00f3w prac polskich autor\u00f3w, os\u00f3b szczeg\u00f3lnie zas\u0142u\u017conych dla polskiego pszczelarstwa. Tych, kt\u00f3rzy zaszczepili innym mi\u0142o\u015b\u0107 do pszcz\u00f3\u0142 i spopularyzowali ch\u00f3w, s\u0142u\u017c\u0105c i wiedz\u0105, i do\u015bwiadczeniem. Jednym z nich jest mjr prof. nadz. nauk wet. Stanis\u0142aw Kirkor. Nie mia\u0142em szcz\u0119\u015bcia pozna\u0107 Go osobi\u015bcie. Znam jedynie relacje Jego uczni\u00f3w i nast\u0119pc\u00f3w, kt\u00f3rzy o swoim Mistrzu wypowiadaj\u0105 si\u0119 zawsze z wielkim szacunkiem.<\/p>\n<p>Stanis\u0142aw Kirkor jest pionierem wsp\u00f3\u0142czesnej polskiej apipatologii. To jemu nauka o chorobach pszcz\u00f3\u0142 zawdzi\u0119cza solidne podwaliny. Warto przy okazji wspomnie\u0107, \u017ce dorobek \u017cyciowy autora Chor\u00f3b pszcz\u00f3\u0142 nie ogranicza si\u0119 jedynie do nauki. Stanis\u0142aw Kirkor to tak\u017ce oddany \u017co\u0142nierz gen. W\u0142adys\u0142awa Sikorskiego, oficer VI Oddzia\u0142u Sztabu Naczelnego Wodza, kt\u00f3ry do Polski powr\u00f3ci\u0142 w mundurze majora AK. Jego losy mog\u0142yby pos\u0142u\u017cy\u0107 za gotowy scenariusz niejednego filmu akcji.<\/p>\n<p>Decyzja o reprincie ksi\u0105\u017cki Choroby pszcz\u00f3\u0142, uwa\u017canej za syntez\u0119 dorobku naukowego Stanis\u0142awa Kirkora, jest zarazem wyrazem mojego uznania dla polskiego badacza, kt\u00f3ry ma sta\u0142e miejsce w historii polskiego pszczelarstwa i pszczelnictwa, a tak\u017ce odpowiedzi\u0105 na potrzeby wsp\u00f3\u0142czesnych pszczelarzy.<\/p>\n<p>Reprint zachowuje wierno\u015b\u0107 w stosunku do orygina\u0142u (w tym pisowni). Postanowili\u015bmy wzbogaci\u0107 go jednak o rys historyczny dotycz\u0105cy sylwetki Autora.<\/p>\n<p>Autor: Stanis\u0142aw Kirkor<br \/>\nWydawnictwo: S\u0105decki Bartnik<br \/>\nRok wydania: 2021<br \/>\nStrony: 224<br \/>\nOprawa: miekka<br \/>\nFormat: 16,5 x 23,5 cm<br \/>\nZdj\u0119cie ksi\u0105\u017cki pogl\u0105dowe<br \/>\nISBN \u2013 978-83-61904-61-8<\/p>\n","protected":false},"excerpt":{"rendered":"<p>To pierwsza pozycja, kt\u00f3ra znalaz\u0142a si\u0119 na li\u015bcie zaplanowanych przez wydawnictwo \u201eS\u0105decki Bartnik\u201d reprint\u00f3w prac polskich autor\u00f3w, os\u00f3b szczeg\u00f3lnie zas\u0142u\u017conych dla polskiego pszczelarstwa. Tych, kt\u00f3rzy zaszczepili innym mi\u0142o\u015b\u0107 do pszcz\u00f3\u0142 i spopularyzowali ch\u00f3w, s\u0142u\u017c\u0105c i wiedz\u0105, i do\u015bwiadczeniem. Jednym z nich jest mjr prof. nadz. nauk wet. Stanis\u0142aw Kirkor. Nie mia\u0142em szcz\u0119\u015bcia pozna\u0107 Go osobi\u015bcie. [&hellip;]<\/p>\n","protected":false},"featured_media":350,"template":"","meta":[],"product_brand":[],"product_cat":[18],"product_tag":[],"class_list":{"0":"post-349","1":"product","2":"type-product","3":"status-publish","4":"has-post-thumbnail","6":"product_cat-literatura","8":"first","9":"outofstock","10":"taxable","11":"shipping-taxable","12":"purchasable","13":"product-type-simple"},"_links":{"self":[{"href":"https:\/\/27-215.pl\/index.php\/wp-json\/wp\/v2\/product\/349","targetHints":{"allow":["GET"]}}],"collection":[{"href":"https:\/\/27-215.pl\/index.php\/wp-json\/wp\/v2\/product"}],"about":[{"href":"https:\/\/27-215.pl\/index.php\/wp-json\/wp\/v2\/types\/product"}],"wp:featuredmedia":[{"embeddable":true,"href":"https:\/\/27-215.pl\/index.php\/wp-json\/wp\/v2\/media\/350"}],"wp:attachment":[{"href":"https:\/\/27-215.pl\/index.php\/wp-json\/wp\/v2\/media?parent=349"}],"wp:term":[{"taxonomy":"product_brand","embeddable":true,"href":"https:\/\/27-215.pl\/index.php\/wp-json\/wp\/v2\/product_brand?post=349"},{"taxonomy":"product_cat","embeddable":true,"href":"https:\/\/27-215.pl\/index.php\/wp-json\/wp\/v2\/product_cat?post=349"},{"taxonomy":"product_tag","embeddable":true,"href":"https:\/\/27-215.pl\/index.php\/wp-json\/wp\/v2\/product_tag?post=349"}],"curies":[{"name":"wp","href":"https:\/\/api.w.org\/{rel}","templated":true}]}}