{"id":353,"date":"2025-01-17T21:15:59","date_gmt":"2025-01-17T20:15:59","guid":{"rendered":"https:\/\/www.27-215.pl\/?post_type=product&#038;p=353"},"modified":"2026-04-04T08:47:42","modified_gmt":"2026-04-04T06:47:42","slug":"miod-naturalny-w-medycynie-i-farmacji","status":"publish","type":"product","link":"https:\/\/27-215.pl\/index.php\/produkt\/miod-naturalny-w-medycynie-i-farmacji\/","title":{"rendered":"Mi\u00f3d naturalny w medycynie i farmacji"},"content":{"rendered":"<p>Obszerna publikacja napisana pod redakcj\u0105 A.I. Tichonowa z Ukrai\u0144skiej Akademii Nauk przedstawia wielokierunkowe, dog\u0142\u0119bne i kompleksowe badania nad miodem pszczelim. W opracowaniu przedstawiono usystematyzowane materia\u0142y dotycz\u0105ce pozyskiwania, przetwarzania, a tak\u017ce metod analitycznych miodu naturalnego i jego standaryzowanej formy- naturalnego miodu sproszkowanego. Przedstawiono r\u00f3wnie\u017c oryginalne materia\u0142y na temat otrzymanych na jego podstawie preparat\u00f3w leczniczych. Monografia obejmuje r\u00f3wnie\u017c badania teoretyczne i do\u015bwiadczalne o kontroli jako\u015bci miodu naturalnego oraz dane odno\u015bnie sk\u0142adu i w\u0142a\u015bciwo\u015bci farmakologicznych substancji biologicznie czynnych w nim zawartych. Autorzy udost\u0119pniaj\u0105 r\u00f3wnie\u017c receptury na bazie miodu naturalnego do stosowania w leczeniu r\u00f3\u017cnych dolegliwo\u015bci.<\/p>\n<p>Wydawnictwo: S\u0105decki Bartnik<br \/>\nAutor: A.I. Tichonow, L.A. Bondarenko, T.G. Jarnych, O.S. Szpyczak, W.M. Kowal, R.I. Skrypnik-Tichonow<br \/>\nRok wydania: 2017<br \/>\nIlo\u015b\u0107 stron: 264<br \/>\nOprawa: mi\u0119kka<br \/>\nWymiary: 160 mm x 230 mm<br \/>\nZdj\u0119cie ksi\u0105\u017cki pogl\u0105dowe<br \/>\nISBN: 978-83-61904-13-7<\/p>\n","protected":false},"excerpt":{"rendered":"<p>Obszerna publikacja napisana pod redakcj\u0105 A.I. Tichonowa z Ukrai\u0144skiej Akademii Nauk przedstawia wielokierunkowe, dog\u0142\u0119bne i kompleksowe badania nad miodem pszczelim. W opracowaniu przedstawiono usystematyzowane materia\u0142y dotycz\u0105ce pozyskiwania, przetwarzania, a tak\u017ce metod analitycznych miodu naturalnego i jego standaryzowanej formy- naturalnego miodu sproszkowanego. Przedstawiono r\u00f3wnie\u017c oryginalne materia\u0142y na temat otrzymanych na jego podstawie preparat\u00f3w leczniczych. Monografia obejmuje [&hellip;]<\/p>\n","protected":false},"featured_media":354,"template":"","meta":[],"product_brand":[],"product_cat":[18],"product_tag":[],"class_list":{"0":"post-353","1":"product","2":"type-product","3":"status-publish","4":"has-post-thumbnail","6":"product_cat-literatura","8":"first","9":"outofstock","10":"taxable","11":"shipping-taxable","12":"purchasable","13":"product-type-simple"},"_links":{"self":[{"href":"https:\/\/27-215.pl\/index.php\/wp-json\/wp\/v2\/product\/353","targetHints":{"allow":["GET"]}}],"collection":[{"href":"https:\/\/27-215.pl\/index.php\/wp-json\/wp\/v2\/product"}],"about":[{"href":"https:\/\/27-215.pl\/index.php\/wp-json\/wp\/v2\/types\/product"}],"wp:featuredmedia":[{"embeddable":true,"href":"https:\/\/27-215.pl\/index.php\/wp-json\/wp\/v2\/media\/354"}],"wp:attachment":[{"href":"https:\/\/27-215.pl\/index.php\/wp-json\/wp\/v2\/media?parent=353"}],"wp:term":[{"taxonomy":"product_brand","embeddable":true,"href":"https:\/\/27-215.pl\/index.php\/wp-json\/wp\/v2\/product_brand?post=353"},{"taxonomy":"product_cat","embeddable":true,"href":"https:\/\/27-215.pl\/index.php\/wp-json\/wp\/v2\/product_cat?post=353"},{"taxonomy":"product_tag","embeddable":true,"href":"https:\/\/27-215.pl\/index.php\/wp-json\/wp\/v2\/product_tag?post=353"}],"curies":[{"name":"wp","href":"https:\/\/api.w.org\/{rel}","templated":true}]}}