{"id":360,"date":"2025-01-17T21:42:25","date_gmt":"2025-01-17T20:42:25","guid":{"rendered":"https:\/\/www.27-215.pl\/?post_type=product&#038;p=360"},"modified":"2026-04-04T10:56:20","modified_gmt":"2026-04-04T08:56:20","slug":"jad-pszczeli-w-farmacji-i-medycynie","status":"publish","type":"product","link":"https:\/\/27-215.pl\/index.php\/produkt\/jad-pszczeli-w-farmacji-i-medycynie\/","title":{"rendered":"Jad pszczeli w farmacji i medycynie"},"content":{"rendered":"<p>Opracowanie zawiera fundamentalne podstawy teoretyczne i do\u015bwiadczalne w zakresie bada\u0144 fizykochemicznych, technologicznych, mikrobiologicznych i farmakologicznych preparat\u00f3w z jadem pszczelim. Dlatego mo\u017ce by\u0107 ono przydatne zar\u00f3wno dla pracownik\u00f3w naukowych i technicznych przemys\u0142u farmaceutycznego i chemicznego, naukowc\u00f3w zajmuj\u0105cych si\u0119 profesjonalnie jadem pszczelim, sposobach ich podawania oraz stosowania w r\u00f3\u017cnych stanach chorobowych. Tym cenniejsza, \u017ce w kraju nie wytwarza si\u0119 i nie stosuje w medycynie oficjalnej \u017cadnych preparat\u00f3w zawieraj\u0105cych jad pszczeli.<\/p>\n<p>Wydawnictwo: Apipol-Farma<br \/>\nAutor: Tichonow A.I., Tylc Grzegorz, Papuzi\u0144ski Andrzej<br \/>\nT\u0142umacz: Bogdan K\u0119dzia<br \/>\nRok wydania: 2011<br \/>\nLiczba stron : 240<br \/>\nOprawa: mi\u0119kka<br \/>\nWymiary: 145 x 205 mm<br \/>\nZdj\u0119cie ksi\u0105\u017cki pogl\u0105dowe<br \/>\nISBN: 83-923203-0-1<\/p>\n","protected":false},"excerpt":{"rendered":"<p>Opracowanie zawiera fundamentalne podstawy teoretyczne i do\u015bwiadczalne w zakresie bada\u0144 fizykochemicznych, technologicznych, mikrobiologicznych i farmakologicznych preparat\u00f3w z jadem pszczelim. Dlatego mo\u017ce by\u0107 ono przydatne zar\u00f3wno dla pracownik\u00f3w naukowych i technicznych przemys\u0142u farmaceutycznego i chemicznego, naukowc\u00f3w zajmuj\u0105cych si\u0119 profesjonalnie jadem pszczelim, sposobach ich podawania oraz stosowania w r\u00f3\u017cnych stanach chorobowych. Tym cenniejsza, \u017ce w kraju nie [&hellip;]<\/p>\n","protected":false},"featured_media":361,"template":"","meta":[],"product_brand":[],"product_cat":[18],"product_tag":[],"class_list":{"0":"post-360","1":"product","2":"type-product","3":"status-publish","4":"has-post-thumbnail","6":"product_cat-literatura","8":"first","9":"outofstock","10":"taxable","11":"shipping-taxable","12":"purchasable","13":"product-type-simple"},"_links":{"self":[{"href":"https:\/\/27-215.pl\/index.php\/wp-json\/wp\/v2\/product\/360","targetHints":{"allow":["GET"]}}],"collection":[{"href":"https:\/\/27-215.pl\/index.php\/wp-json\/wp\/v2\/product"}],"about":[{"href":"https:\/\/27-215.pl\/index.php\/wp-json\/wp\/v2\/types\/product"}],"wp:featuredmedia":[{"embeddable":true,"href":"https:\/\/27-215.pl\/index.php\/wp-json\/wp\/v2\/media\/361"}],"wp:attachment":[{"href":"https:\/\/27-215.pl\/index.php\/wp-json\/wp\/v2\/media?parent=360"}],"wp:term":[{"taxonomy":"product_brand","embeddable":true,"href":"https:\/\/27-215.pl\/index.php\/wp-json\/wp\/v2\/product_brand?post=360"},{"taxonomy":"product_cat","embeddable":true,"href":"https:\/\/27-215.pl\/index.php\/wp-json\/wp\/v2\/product_cat?post=360"},{"taxonomy":"product_tag","embeddable":true,"href":"https:\/\/27-215.pl\/index.php\/wp-json\/wp\/v2\/product_tag?post=360"}],"curies":[{"name":"wp","href":"https:\/\/api.w.org\/{rel}","templated":true}]}}