{"id":363,"date":"2025-01-25T10:50:20","date_gmt":"2025-01-25T09:50:20","guid":{"rendered":"https:\/\/www.27-215.pl\/?post_type=product&#038;p=363"},"modified":"2026-04-04T08:48:39","modified_gmt":"2026-04-04T06:48:39","slug":"palacio-zel-konopny-rozgrzewajacy-flex-500ml","status":"publish","type":"product","link":"https:\/\/27-215.pl\/index.php\/produkt\/palacio-zel-konopny-rozgrzewajacy-flex-500ml\/","title":{"rendered":"Palacio \u017bel konopny rozgrzewaj\u0105cy Flex 500ml"},"content":{"rendered":"<h2>Palacio Cannabis &#8211; Balsam do cia\u0142a ROZGRZEWAJ\u0104CY 500 ml<\/h2>\n<p>Balsam do cia\u0142a<strong>\u00a0Palacio\u00a0Flex\u00a0<\/strong>z rozgrzewaj\u0105cym ekstraktem z chilli oraz<strong>\u00a05% zawarto\u015bci\u0105 oleju konopnego t\u0142oczonego na zimno.<\/strong><br \/>\nZawiera\u00a0<strong>94.2% sk\u0142adnik\u00f3w pochodzenia naturalnego<\/strong>\u00a0w tym ekstrakt z 19 zi\u00f3\u0142 i eteryczny olejek sosnowy.<br \/>\n<strong>Palacio Body Lotion dzia\u0142a rozgrzewaj\u0105co<\/strong>, pomaga rozlu\u017ani\u0107 napi\u0119te mi\u0119\u015bnie i stawy, \u0142agodzi sztywno\u015b\u0107 uk\u0142adu kostno-szkieletowego.<br \/>\nPrzynosi ulg\u0119 po wysi\u0142ku fizycznym, przyspiesza regeneracj\u0119, \u0142agodzi uczucie ci\u0119\u017ckich n\u00f3g.<br \/>\n<strong>Kosmetyki\u00a0Palacio Cannabis\u00a0<\/strong>charakteryzuj\u0105 si\u0119 tym, \u017ce\u00a0zawieraj\u0105 naturalny\u00a0<strong>olej konopny t\u0142oczony na zimno.<\/strong><br \/>\nPozyskiwany w tej spos\u00f3b olej konopny odznacza si\u0119 szerokim spektrum dzia\u0142ania i skuteczno\u015bci\u0105.<br \/>\nKosmetyki konopne polecane s\u0105 zar\u00f3wno do codziennej piel\u0119gnacji jak i pomocniczo przy wszelkich problemach sk\u00f3rnych.<br \/>\nPo\u0142\u0105czenie masa\u017cu z unikalnym sk\u0142adem balsamu zapewnia szybk\u0105 ulg\u0119 w b\u00f3lu, pomaga zmniejszy\u0107 sztywno\u015b\u0107 mi\u0119\u015bni oraz poprawia ruchomo\u015b\u0107 staw\u00f3w.<\/p>\n<h3>Cechy Palacio Flex Gel:<\/h3>\n<ul>\n<li>dzia\u0142anie rozgrzewaj\u0105ce i rewitalizuj\u0105ce<\/li>\n<li>przynosi ulg\u0119<\/li>\n<li>\u0142agodzi sztywno\u015b\u0107 mi\u0119\u015bni i staw\u00f3w<\/li>\n<li>szybko si\u0119 wch\u0142ania<\/li>\n<li>dzia\u0142a relaksuj\u0105co na uk\u0142ad mi\u0119\u015bniowo-szkieletowy<\/li>\n<li>przyspiesza regeneracj\u0119 po wysi\u0142ku fizycznym<\/li>\n<li>od\u015bwie\u017ca, \u0142agodzi i nadaje elastyczno\u015b\u0107<\/li>\n<li>\u0142agodzi uczucie ci\u0119\u017ckich n\u00f3g<\/li>\n<li>testowany dermatologicznie<\/li>\n<li>balsam o konsystencji \u017celowej<\/li>\n<\/ul>\n<p><strong>Sk\u0142ad:<\/strong><\/p>\n<p>94,2% pochodzenia naturalnego w tym:<\/p>\n<ul>\n<li>Olej konopny (5%)<\/li>\n<li>Ekstrakt z chili<\/li>\n<li>olej s\u0142onecznikowy<\/li>\n<li>kamfora<\/li>\n<li>ekstrakt z 19 zi\u00f3\u0142<\/li>\n<li>eteryczny olejek sosnowy<\/li>\n<\/ul>\n<p><strong>Opakowanie: 500 ml<\/strong><\/p>\n","protected":false},"excerpt":{"rendered":"<p>Palacio Cannabis &#8211; Balsam do cia\u0142a ROZGRZEWAJ\u0104CY 500 ml Balsam do cia\u0142a\u00a0Palacio\u00a0Flex\u00a0z rozgrzewaj\u0105cym ekstraktem z chilli oraz\u00a05% zawarto\u015bci\u0105 oleju konopnego t\u0142oczonego na zimno. Zawiera\u00a094.2% sk\u0142adnik\u00f3w pochodzenia naturalnego\u00a0w tym ekstrakt z 19 zi\u00f3\u0142 i eteryczny olejek sosnowy. Palacio Body Lotion dzia\u0142a rozgrzewaj\u0105co, pomaga rozlu\u017ani\u0107 napi\u0119te mi\u0119\u015bnie i stawy, \u0142agodzi sztywno\u015b\u0107 uk\u0142adu kostno-szkieletowego. Przynosi ulg\u0119 po wysi\u0142ku [&hellip;]<\/p>\n","protected":false},"featured_media":364,"template":"","meta":[],"product_brand":[22],"product_cat":[21],"product_tag":[],"class_list":{"0":"post-363","1":"product","2":"type-product","3":"status-publish","4":"has-post-thumbnail","6":"product_brand-palacio","7":"product_cat-palacio","9":"first","10":"instock","11":"taxable","12":"shipping-taxable","13":"purchasable","14":"product-type-simple"},"_links":{"self":[{"href":"https:\/\/27-215.pl\/index.php\/wp-json\/wp\/v2\/product\/363","targetHints":{"allow":["GET"]}}],"collection":[{"href":"https:\/\/27-215.pl\/index.php\/wp-json\/wp\/v2\/product"}],"about":[{"href":"https:\/\/27-215.pl\/index.php\/wp-json\/wp\/v2\/types\/product"}],"wp:featuredmedia":[{"embeddable":true,"href":"https:\/\/27-215.pl\/index.php\/wp-json\/wp\/v2\/media\/364"}],"wp:attachment":[{"href":"https:\/\/27-215.pl\/index.php\/wp-json\/wp\/v2\/media?parent=363"}],"wp:term":[{"taxonomy":"product_brand","embeddable":true,"href":"https:\/\/27-215.pl\/index.php\/wp-json\/wp\/v2\/product_brand?post=363"},{"taxonomy":"product_cat","embeddable":true,"href":"https:\/\/27-215.pl\/index.php\/wp-json\/wp\/v2\/product_cat?post=363"},{"taxonomy":"product_tag","embeddable":true,"href":"https:\/\/27-215.pl\/index.php\/wp-json\/wp\/v2\/product_tag?post=363"}],"curies":[{"name":"wp","href":"https:\/\/api.w.org\/{rel}","templated":true}]}}