{"id":367,"date":"2025-01-25T11:07:00","date_gmt":"2025-01-25T10:07:00","guid":{"rendered":"https:\/\/www.27-215.pl\/?post_type=product&#038;p=367"},"modified":"2026-04-04T08:48:06","modified_gmt":"2026-04-04T06:48:06","slug":"palacio-sol-do-kapieli-z-szalwia-i-olejem-konopnym-900g","status":"publish","type":"product","link":"https:\/\/27-215.pl\/index.php\/produkt\/palacio-sol-do-kapieli-z-szalwia-i-olejem-konopnym-900g\/","title":{"rendered":"Palacio S\u00f3l do k\u0105pieli z sza\u0142wi\u0105 i olejem konopnym 900g"},"content":{"rendered":"<p>S\u00f3l do k\u0105pieli z serii kosmetyk\u00f3w z substancjami naturalnymi i zio\u0142ami do unikalnej k\u0105pieli piel\u0119gnuj\u0105cej cia\u0142o. Zawiera wysokiej jako\u015bci olej z nasion konopi (Cannabis Sativa L., Angiospermae), kt\u00f3ry dzia\u0142a jak naturalny emolient, ma doskona\u0142e w\u0142a\u015bciwo\u015bci eudermiczne i zmi\u0119kcza sk\u00f3r\u0119 oraz sza\u0142wi\u0119 (Salvia Officinalis), szeroko stosowan\u0105 w zio\u0142olecznictwie. Ciep\u0142a k\u0105piel wodna i urzekaj\u0105cy zapach pobudzaj\u0105 organizm, uwalniaj\u0105 wewn\u0119trzne napi\u0119cie i promuj\u0105 oczyszczaj\u0105ce i od\u017cywcze dzia\u0142anie na sk\u00f3r\u0119.<\/p>\n<p><strong>Zastosowanie<\/strong>:<\/p>\n<p>Dodaj 2 do 5 \u0142y\u017cek soli do wanny i pozw\u00f3l jej si\u0119 rozpu\u015bci\u0107. Do prawdziwie skutecznej k\u0105pieli mo\u017cna dozowa\u0107 j\u0105 w st\u0119\u017ceniu do 1% (baseny solne zawieraj\u0105 oko\u0142o 0,5%, s\u00f3l fizjologiczna zawiera 0,9% i normaln\u0105 wod\u0119 morsk\u0105 ponad 3% soli) \u2013 woda nie powinna by\u0107 nieprzyjemnie gor\u0105ca. K\u0105piel powinna trwa\u0107 do 30 minut.<\/p>\n<p>Opakowanie zawiera 900g<\/p>\n","protected":false},"excerpt":{"rendered":"<p>S\u00f3l do k\u0105pieli z serii kosmetyk\u00f3w z substancjami naturalnymi i zio\u0142ami do unikalnej k\u0105pieli piel\u0119gnuj\u0105cej cia\u0142o. Zawiera wysokiej jako\u015bci olej z nasion konopi (Cannabis Sativa L., Angiospermae), kt\u00f3ry dzia\u0142a jak naturalny emolient, ma doskona\u0142e w\u0142a\u015bciwo\u015bci eudermiczne i zmi\u0119kcza sk\u00f3r\u0119 oraz sza\u0142wi\u0119 (Salvia Officinalis), szeroko stosowan\u0105 w zio\u0142olecznictwie. Ciep\u0142a k\u0105piel wodna i urzekaj\u0105cy zapach pobudzaj\u0105 organizm, [&hellip;]<\/p>\n","protected":false},"featured_media":368,"template":"","meta":[],"product_brand":[22],"product_cat":[21],"product_tag":[],"class_list":{"0":"post-367","1":"product","2":"type-product","3":"status-publish","4":"has-post-thumbnail","6":"product_brand-palacio","7":"product_cat-palacio","9":"first","10":"outofstock","11":"taxable","12":"shipping-taxable","13":"purchasable","14":"product-type-simple"},"_links":{"self":[{"href":"https:\/\/27-215.pl\/index.php\/wp-json\/wp\/v2\/product\/367","targetHints":{"allow":["GET"]}}],"collection":[{"href":"https:\/\/27-215.pl\/index.php\/wp-json\/wp\/v2\/product"}],"about":[{"href":"https:\/\/27-215.pl\/index.php\/wp-json\/wp\/v2\/types\/product"}],"wp:featuredmedia":[{"embeddable":true,"href":"https:\/\/27-215.pl\/index.php\/wp-json\/wp\/v2\/media\/368"}],"wp:attachment":[{"href":"https:\/\/27-215.pl\/index.php\/wp-json\/wp\/v2\/media?parent=367"}],"wp:term":[{"taxonomy":"product_brand","embeddable":true,"href":"https:\/\/27-215.pl\/index.php\/wp-json\/wp\/v2\/product_brand?post=367"},{"taxonomy":"product_cat","embeddable":true,"href":"https:\/\/27-215.pl\/index.php\/wp-json\/wp\/v2\/product_cat?post=367"},{"taxonomy":"product_tag","embeddable":true,"href":"https:\/\/27-215.pl\/index.php\/wp-json\/wp\/v2\/product_tag?post=367"}],"curies":[{"name":"wp","href":"https:\/\/api.w.org\/{rel}","templated":true}]}}