{"id":369,"date":"2025-01-25T11:14:57","date_gmt":"2025-01-25T10:14:57","guid":{"rendered":"https:\/\/www.27-215.pl\/?post_type=product&#038;p=369"},"modified":"2026-04-04T08:48:13","modified_gmt":"2026-04-04T06:48:13","slug":"palacio-zel-do-masazu-z-olejem-konopnym-600-ml","status":"publish","type":"product","link":"https:\/\/27-215.pl\/index.php\/produkt\/palacio-zel-do-masazu-z-olejem-konopnym-600-ml\/","title":{"rendered":"Palacio \u017bel do masa\u017cu z olejem konopnym 600ml"},"content":{"rendered":"<h2>PALACIO Cannabis &#8211; \u017bel do masa\u017cu z olejem konopnym 600 ml<\/h2>\n<p>\u017bel do masa\u017cu czeskiego producenta <strong>Palacio\u00a0Cannabis<\/strong>\u00a0z naturalnym olejem konopnym, mentolem, kamfor\u0105 oraz ekstraktami z kasztanowca, \u017cywokostu, kamfory i innych zi\u00f3\u0142.<br \/>\nZalecany do masa\u017cu sk\u00f3ry okolic bol\u0105cych mi\u0119\u015bni i staw\u00f3w.<br \/>\nZawiera\u00a0<strong>94,1% sk\u0142adnik\u00f3w pochodzenia naturalnego.<\/strong><br \/>\n<strong>\u017bel Palacio<\/strong>\u00a0przynosi ulg\u0119 i przyspiesza regeneracj\u0119 po wysi\u0142ku fizycznym.<br \/>\n\u0141agodzi zm\u0119czenie, poprawia miejscowe ukrwienie oraz rewitalizuje.<br \/>\n<strong>Kosmetyki Palacio<\/strong>\u00a0zawieraj\u0105 wysokiej jako\u015bci, naturalny\u00a0<strong>olej konopny t\u0142oczony na zimno.<\/strong><br \/>\nPozyskiwany w tej spos\u00f3b olej konopny charakteryzuje si\u0119 szerokim spektrum skuteczno\u015bci.<br \/>\nPolecany jest zar\u00f3wno do codziennej piel\u0119gnacji jak i dla os\u00f3b z r\u00f3\u017cnymi problemami sk\u00f3rnymi.<br \/>\nOlej konopny w po\u0142\u0105czeniu z masa\u017cem zapewnia rozlu\u017anienie uk\u0142adu mi\u0119\u015bniowo-szkieletowego, pomaga zmniejszy\u0107 sztywno\u015b\u0107 mi\u0119\u015bni i plec\u00f3w oraz poprawia ruchomo\u015b\u0107 staw\u00f3w.<\/p>\n<h3>Cechy \u017celu Palacio:<\/h3>\n<ul>\n<li>rewitalizuje i intensywnie regeneruje<\/li>\n<li>przynosi szybk\u0105 ulg\u0119 w b\u00f3lu<\/li>\n<li>przyspiesza regeneracj\u0119 po wysi\u0142ku fizycznym<\/li>\n<li>\u0142atwo si\u0119 wch\u0142ania<\/li>\n<li>\u0142agodzi, od\u015bwie\u017ca i nadaje sk\u00f3rze elastyczno\u015b\u0107<\/li>\n<li>\u0142agodzi uczucie ci\u0119\u017ckich n\u00f3g<\/li>\n<\/ul>\n<p><strong>Sk\u0142ad:<\/strong><\/p>\n<ul>\n<li>94,1% sk\u0142adnik\u00f3w pochodzenia naturalnego &#8211; w tym 5% oleju konopnego t\u0142oczonego na zimno<\/li>\n<li>testowany dermatologicznie<\/li>\n<li>nieodpowiedni dla dzieci poni\u017cej 3 roku \u017cycia<\/li>\n<\/ul>\n","protected":false},"excerpt":{"rendered":"<p>PALACIO Cannabis &#8211; \u017bel do masa\u017cu z olejem konopnym 600 ml \u017bel do masa\u017cu czeskiego producenta Palacio\u00a0Cannabis\u00a0z naturalnym olejem konopnym, mentolem, kamfor\u0105 oraz ekstraktami z kasztanowca, \u017cywokostu, kamfory i innych zi\u00f3\u0142. Zalecany do masa\u017cu sk\u00f3ry okolic bol\u0105cych mi\u0119\u015bni i staw\u00f3w. Zawiera\u00a094,1% sk\u0142adnik\u00f3w pochodzenia naturalnego. \u017bel Palacio\u00a0przynosi ulg\u0119 i przyspiesza regeneracj\u0119 po wysi\u0142ku fizycznym. \u0141agodzi zm\u0119czenie, [&hellip;]<\/p>\n","protected":false},"featured_media":370,"template":"","meta":[],"product_brand":[22],"product_cat":[21],"product_tag":[],"class_list":{"0":"post-369","1":"product","2":"type-product","3":"status-publish","4":"has-post-thumbnail","6":"product_brand-palacio","7":"product_cat-palacio","9":"first","10":"instock","11":"taxable","12":"shipping-taxable","13":"purchasable","14":"product-type-simple"},"_links":{"self":[{"href":"https:\/\/27-215.pl\/index.php\/wp-json\/wp\/v2\/product\/369","targetHints":{"allow":["GET"]}}],"collection":[{"href":"https:\/\/27-215.pl\/index.php\/wp-json\/wp\/v2\/product"}],"about":[{"href":"https:\/\/27-215.pl\/index.php\/wp-json\/wp\/v2\/types\/product"}],"wp:featuredmedia":[{"embeddable":true,"href":"https:\/\/27-215.pl\/index.php\/wp-json\/wp\/v2\/media\/370"}],"wp:attachment":[{"href":"https:\/\/27-215.pl\/index.php\/wp-json\/wp\/v2\/media?parent=369"}],"wp:term":[{"taxonomy":"product_brand","embeddable":true,"href":"https:\/\/27-215.pl\/index.php\/wp-json\/wp\/v2\/product_brand?post=369"},{"taxonomy":"product_cat","embeddable":true,"href":"https:\/\/27-215.pl\/index.php\/wp-json\/wp\/v2\/product_cat?post=369"},{"taxonomy":"product_tag","embeddable":true,"href":"https:\/\/27-215.pl\/index.php\/wp-json\/wp\/v2\/product_tag?post=369"}],"curies":[{"name":"wp","href":"https:\/\/api.w.org\/{rel}","templated":true}]}}