{"id":373,"date":"2025-01-25T11:25:24","date_gmt":"2025-01-25T10:25:24","guid":{"rendered":"https:\/\/www.27-215.pl\/?post_type=product&#038;p=373"},"modified":"2026-04-04T08:48:38","modified_gmt":"2026-04-04T06:48:38","slug":"palacio-zel-do-masazu-z-jadem-weza-600ml","status":"publish","type":"product","link":"https:\/\/27-215.pl\/index.php\/produkt\/palacio-zel-do-masazu-z-jadem-weza-600ml\/","title":{"rendered":"PALACIO Snake Venom \u2013 \u017bel do masa\u017cu z jadem w\u0119\u017ca 600 ml"},"content":{"rendered":"<p data-start=\"252\" data-end=\"610\">Si\u0119gnij po <strong data-start=\"263\" data-end=\"279\">si\u0142\u0119 SYN-AKE<\/strong> \u2013 syntetycznego jadu w\u0119\u017ca, kt\u00f3ry przynosi intensywn\u0105 ulg\u0119 zm\u0119czonym mi\u0119\u015bniom i stawom. \ud83d\udcaa <strong data-start=\"370\" data-end=\"405\">PALACIO Snake Venom Massage Gel<\/strong> to wyj\u0105tkowe po\u0142\u0105czenie sk\u0142adnik\u00f3w aktywnych, kt\u00f3re <strong data-start=\"458\" data-end=\"507\">rozlu\u017aniaj\u0105, regeneruj\u0105 i przywracaj\u0105 komfort<\/strong>. Idealny po wysi\u0142ku fizycznym lub na co dzie\u0144 \u2013 gdy czujesz napi\u0119cie i potrzebujesz chwili odpr\u0119\u017cenia.<\/p>\n<p data-start=\"612\" data-end=\"1007\">\ud83e\uddf4 <strong data-start=\"615\" data-end=\"661\">Silne dzia\u0142anie regeneruj\u0105ce i odpr\u0119\u017caj\u0105ce<\/strong><br data-start=\"661\" data-end=\"664\" \/>\ud83d\udd25 <strong data-start=\"667\" data-end=\"707\">Wspomaga kr\u0105\u017cenie i \u0142agodzi napi\u0119cia<\/strong><br data-start=\"707\" data-end=\"710\" \/>\ud83c\udf3f <strong data-start=\"713\" data-end=\"767\">Zawiera wyci\u0105gi z kasztanowca, \u017cywokostu i ja\u0142owca<\/strong><br data-start=\"767\" data-end=\"770\" \/>\ud83d\udc86 <strong data-start=\"773\" data-end=\"806\">Uelastycznia i od\u015bwie\u017ca sk\u00f3r\u0119<\/strong><br data-start=\"806\" data-end=\"809\" \/>\ud83d\udca8 <strong data-start=\"812\" data-end=\"868\">Szybko si\u0119 wch\u0142ania \u2013 nie pozostawia t\u0142ustej warstwy<\/strong><br data-start=\"868\" data-end=\"871\" \/>\ud83c\udf31 <strong data-start=\"874\" data-end=\"918\">94,2% sk\u0142adnik\u00f3w pochodzenia naturalnego<\/strong><br data-start=\"918\" data-end=\"921\" \/>\ud83d\udd2c <strong data-start=\"924\" data-end=\"954\">Testowany dermatologicznie<\/strong><br data-start=\"954\" data-end=\"957\" \/>\u26a0\ufe0f <strong data-start=\"960\" data-end=\"1007\">Nie stosowa\u0107 u dzieci poni\u017cej 3. roku \u017cycia<\/strong><\/p>\n<h3 data-start=\"1009\" data-end=\"1040\">\u2705 Dzia\u0142anie i zastosowanie:<\/h3>\n<ul data-start=\"1042\" data-end=\"1318\">\n<li data-start=\"1042\" data-end=\"1098\">\n<p data-start=\"1044\" data-end=\"1098\">Rozlu\u017ania napi\u0119te mi\u0119\u015bnie i przeci\u0105\u017cone partie cia\u0142a<\/p>\n<\/li>\n<li data-start=\"1099\" data-end=\"1153\">\n<p data-start=\"1101\" data-end=\"1153\">Poprawia elastyczno\u015b\u0107 sk\u00f3ry i wspomaga regeneracj\u0119<\/p>\n<\/li>\n<li data-start=\"1154\" data-end=\"1199\">\n<p data-start=\"1156\" data-end=\"1199\">Redukuje uczucie sztywno\u015bci i b\u00f3lu staw\u00f3w<\/p>\n<\/li>\n<li data-start=\"1200\" data-end=\"1261\">\n<p data-start=\"1202\" data-end=\"1261\">Idealny po treningu, pracy fizycznej lub stresuj\u0105cym dniu<\/p>\n<\/li>\n<li data-start=\"1262\" data-end=\"1318\">\n<p data-start=\"1264\" data-end=\"1318\">Doskona\u0142y do masa\u017cy relaksacyjnych i regeneracyjnych<\/p>\n<\/li>\n<\/ul>\n<h3 data-start=\"1320\" data-end=\"1345\">\ud83c\udf31 Sk\u0142adniki aktywne:<\/h3>\n<ul data-start=\"1347\" data-end=\"1867\">\n<li data-start=\"1347\" data-end=\"1422\">\n<p data-start=\"1349\" data-end=\"1422\"><strong data-start=\"1349\" data-end=\"1383\">SYN-AKE (syntetyczny jad w\u0119\u017ca)<\/strong> \u2013 dzia\u0142a rozkurczowo i przeciwb\u00f3lowo<\/p>\n<\/li>\n<li data-start=\"1423\" data-end=\"1500\">\n<p data-start=\"1425\" data-end=\"1500\"><strong data-start=\"1425\" data-end=\"1449\">Wyci\u0105g z kasztanowca<\/strong> \u2013 wzmacnia naczynia krwiono\u015bne, wspiera kr\u0105\u017cenie<\/p>\n<\/li>\n<li data-start=\"1501\" data-end=\"1582\">\n<p data-start=\"1503\" data-end=\"1582\"><strong data-start=\"1503\" data-end=\"1535\">Wyci\u0105g z \u017cywokostu i ja\u0142owca<\/strong> \u2013 \u0142agodzi b\u00f3le staw\u00f3w i wspomaga regeneracj\u0119<\/p>\n<\/li>\n<li data-start=\"1583\" data-end=\"1640\">\n<p data-start=\"1585\" data-end=\"1640\"><strong data-start=\"1585\" data-end=\"1605\">Mentol i kamfora<\/strong> \u2013 daj\u0105 uczucie ch\u0142odzenia i ulgi<\/p>\n<\/li>\n<li data-start=\"1641\" data-end=\"1725\">\n<p data-start=\"1643\" data-end=\"1725\"><strong data-start=\"1643\" data-end=\"1657\">Kapsaicyna<\/strong> \u2013 intensyfikuje efekt rozgrzania i u\u0142atwia wch\u0142anianie sk\u0142adnik\u00f3w<\/p>\n<\/li>\n<li data-start=\"1726\" data-end=\"1794\">\n<p data-start=\"1728\" data-end=\"1794\"><strong data-start=\"1728\" data-end=\"1757\">Oleje i ekstrakty zio\u0142owe<\/strong> \u2013 dzia\u0142aj\u0105 koj\u0105co i piel\u0119gnacyjnie<\/p>\n<\/li>\n<li data-start=\"1795\" data-end=\"1867\">\n<p data-start=\"1797\" data-end=\"1867\"><strong data-start=\"1797\" data-end=\"1809\">Kumaryna<\/strong> \u2013 naturalny sk\u0142adnik zapachowy o dzia\u0142aniu relaksuj\u0105cym<\/p>\n<\/li>\n<\/ul>\n<h3 data-start=\"1869\" data-end=\"1889\">\ud83e\uddf4 Jak stosowa\u0107?<\/h3>\n<p data-start=\"1891\" data-end=\"2145\">Wmasuj odpowiedni\u0105 ilo\u015b\u0107 \u017celu w wybrane miejsce \u2013 najlepiej na zm\u0119czone mi\u0119\u015bnie lub stawy. Aby uzyska\u0107 najlepsze efekty, po\u015bwi\u0119\u0107 chwil\u0119 na dok\u0142adny masa\u017c. <strong data-start=\"2046\" data-end=\"2098\">Stosuj wed\u0142ug potrzeb, nawet kilka razy dziennie<\/strong>.<br data-start=\"2099\" data-end=\"2102\" \/>\u26a0\ufe0f <strong data-start=\"2105\" data-end=\"2145\">Nie stosowa\u0107 u dzieci poni\u017cej 3 lat.<\/strong><\/p>\n<h3 data-start=\"2147\" data-end=\"2199\">\ud83d\udc0d SYN-AKE \u2013 si\u0142a i mobilno\u015b\u0107 dzi\u0119ki jadowi w\u0119\u017ca<\/h3>\n<p data-start=\"2201\" data-end=\"2492\"><strong data-start=\"2201\" data-end=\"2235\">Syntetyczny jad w\u0119\u017ca (SYN-AKE)<\/strong> to nowoczesny sk\u0142adnik, kt\u00f3ry wspomaga <strong data-start=\"2275\" data-end=\"2330\">si\u0142\u0119, elastyczno\u015b\u0107 i regeneracj\u0119 mi\u0119\u015bni oraz staw\u00f3w<\/strong>. Rozlu\u017ania napi\u0119cia, u\u0142atwia ruch i przynosi natychmiastow\u0105 ulg\u0119. To <strong data-start=\"2400\" data-end=\"2435\">precyzyjne i skuteczne wsparcie<\/strong> dla cia\u0142a \u2013 idealne dla os\u00f3b aktywnych i zestresowanych.<\/p>\n","protected":false},"excerpt":{"rendered":"<p>Si\u0119gnij po si\u0142\u0119 SYN-AKE \u2013 syntetycznego jadu w\u0119\u017ca, kt\u00f3ry przynosi intensywn\u0105 ulg\u0119 zm\u0119czonym mi\u0119\u015bniom i stawom. \ud83d\udcaa PALACIO Snake Venom Massage Gel to wyj\u0105tkowe po\u0142\u0105czenie sk\u0142adnik\u00f3w aktywnych, kt\u00f3re rozlu\u017aniaj\u0105, regeneruj\u0105 i przywracaj\u0105 komfort. Idealny po wysi\u0142ku fizycznym lub na co dzie\u0144 \u2013 gdy czujesz napi\u0119cie i potrzebujesz chwili odpr\u0119\u017cenia. \ud83e\uddf4 Silne dzia\u0142anie regeneruj\u0105ce i odpr\u0119\u017caj\u0105ce\ud83d\udd25 [&hellip;]<\/p>\n","protected":false},"featured_media":374,"template":"","meta":[],"product_brand":[22],"product_cat":[21],"product_tag":[],"class_list":{"0":"post-373","1":"product","2":"type-product","3":"status-publish","4":"has-post-thumbnail","6":"product_brand-palacio","7":"product_cat-palacio","9":"first","10":"outofstock","11":"taxable","12":"shipping-taxable","13":"purchasable","14":"product-type-simple"},"_links":{"self":[{"href":"https:\/\/27-215.pl\/index.php\/wp-json\/wp\/v2\/product\/373","targetHints":{"allow":["GET"]}}],"collection":[{"href":"https:\/\/27-215.pl\/index.php\/wp-json\/wp\/v2\/product"}],"about":[{"href":"https:\/\/27-215.pl\/index.php\/wp-json\/wp\/v2\/types\/product"}],"wp:featuredmedia":[{"embeddable":true,"href":"https:\/\/27-215.pl\/index.php\/wp-json\/wp\/v2\/media\/374"}],"wp:attachment":[{"href":"https:\/\/27-215.pl\/index.php\/wp-json\/wp\/v2\/media?parent=373"}],"wp:term":[{"taxonomy":"product_brand","embeddable":true,"href":"https:\/\/27-215.pl\/index.php\/wp-json\/wp\/v2\/product_brand?post=373"},{"taxonomy":"product_cat","embeddable":true,"href":"https:\/\/27-215.pl\/index.php\/wp-json\/wp\/v2\/product_cat?post=373"},{"taxonomy":"product_tag","embeddable":true,"href":"https:\/\/27-215.pl\/index.php\/wp-json\/wp\/v2\/product_tag?post=373"}],"curies":[{"name":"wp","href":"https:\/\/api.w.org\/{rel}","templated":true}]}}