{"id":375,"date":"2025-01-25T11:28:48","date_gmt":"2025-01-25T10:28:48","guid":{"rendered":"https:\/\/www.27-215.pl\/?post_type=product&#038;p=375"},"modified":"2026-04-04T08:48:12","modified_gmt":"2026-04-04T06:48:12","slug":"palacio-zel-do-masazu-z-konska-mascia-600-ml","status":"publish","type":"product","link":"https:\/\/27-215.pl\/index.php\/produkt\/palacio-zel-do-masazu-z-konska-mascia-600-ml\/","title":{"rendered":"Palacio \u017bel do masa\u017cu z ko\u0144sk\u0105 ma\u015bci\u0105 600 ml"},"content":{"rendered":"<h2>Palacio Cannabis &#8211; \u017bel do masa\u017cu z ko\u0144sk\u0105 ma\u015bci\u0105 600 ml<\/h2>\n<p>Poznaj \u017cel do masa\u017cu czeskego prodecenta\u00a0<strong>Palacio<\/strong>\u00a0z ma\u015bci\u0105 ko\u0144sk\u0105 i olejem konopnym t\u0142oczonym na zimno.<br \/>\nZawiera 95.1% sk\u0142adnik\u00f3w pochodzenia naturalnego.<br \/>\nUnikalna kombinacja wyci\u0105gu z kasztanowca, oleju konopnego i ma\u015bci ko\u0144skiej sprawia, \u017ce \u017cel jest niezwykle skuteczny w b\u00f3lach mi\u0119\u015bni i staw\u00f3w oraz wspomagaj\u0105co w leczeniu \u017cylak\u00f3w.<br \/>\nNaturalny wyci\u0105g z kasztanowca uszczelnia naczynia krwiono\u015bne, dzia\u0142a przeciwzapalnie, a ma\u015b\u0107 ko\u0144ska dzia\u0142a relaksuj\u0105co na napi\u0119te mi\u0119\u015bnie.<br \/>\n<strong>Kosmetyki\u00a0Palacio Cannabis<\/strong>\u00a0zawieraj\u0105 naturalny\u00a0<strong>olej konopny t\u0142oczony na zimno.<\/strong><br \/>\nPozyskiwany w tej spos\u00f3b olej konopny charakteryzuje si\u0119 szerokim spektrum dzia\u0142ania i wszechstronno\u015bci\u0105.<br \/>\nKosmetyki konopne polecane s\u0105 zar\u00f3wno do codziennej piel\u0119gnacji jak i pomocniczo przy wszelkich problemach sk\u00f3rnych.<br \/>\nSkuteczne po\u0142\u0105czenie sk\u0142adnik\u00f3w zawartych w \u017celu do masa\u017cu Palacio Cannabis ukoi Tw\u00f3j uk\u0142ad mi\u0119\u015bniowo-szkieletowy, doda elastyczno\u015bci i z\u0142agodzi zm\u0119czenie.<\/p>\n<h3>Cechy Palacio Pferde Balsam:<\/h3>\n<ul>\n<li>intensywnie regeneruje<\/li>\n<li>\u0142agodzi i nadaje elastyczno\u015b\u0107<\/li>\n<li>przynosi ulg\u0119<\/li>\n<li>\u0142atwo si\u0119 wch\u0142ania<\/li>\n<li>przyspiesza regeneracj\u0119 po wysi\u0142ku fizycznym<\/li>\n<li>\u0142agodzi uczucie ci\u0119\u017ckich n\u00f3g<\/li>\n<li>testowany dermatologicznie<\/li>\n<\/ul>\n<p><strong>Sk\u0142adniki:<\/strong><\/p>\n<ul>\n<li>95,2% pochodzenia naturalnego w tym:<\/li>\n<li>olej konopny t\u0142oczony na zimno<\/li>\n<li>gliceryna<\/li>\n<li>ekstrakt z kasztanowca<\/li>\n<li>mentol<\/li>\n<li>olej eukaliptusowy<\/li>\n<li>ekstrakty rzadkich zi\u00f3\u0142<\/li>\n<li>olejki eteryczne<\/li>\n<\/ul>\n","protected":false},"excerpt":{"rendered":"<p>Palacio Cannabis &#8211; \u017bel do masa\u017cu z ko\u0144sk\u0105 ma\u015bci\u0105 600 ml Poznaj \u017cel do masa\u017cu czeskego prodecenta\u00a0Palacio\u00a0z ma\u015bci\u0105 ko\u0144sk\u0105 i olejem konopnym t\u0142oczonym na zimno. Zawiera 95.1% sk\u0142adnik\u00f3w pochodzenia naturalnego. Unikalna kombinacja wyci\u0105gu z kasztanowca, oleju konopnego i ma\u015bci ko\u0144skiej sprawia, \u017ce \u017cel jest niezwykle skuteczny w b\u00f3lach mi\u0119\u015bni i staw\u00f3w oraz wspomagaj\u0105co w leczeniu [&hellip;]<\/p>\n","protected":false},"featured_media":376,"template":"","meta":[],"product_brand":[22],"product_cat":[21],"product_tag":[],"class_list":{"0":"post-375","1":"product","2":"type-product","3":"status-publish","4":"has-post-thumbnail","6":"product_brand-palacio","7":"product_cat-palacio","9":"first","10":"outofstock","11":"taxable","12":"shipping-taxable","13":"purchasable","14":"product-type-simple"},"_links":{"self":[{"href":"https:\/\/27-215.pl\/index.php\/wp-json\/wp\/v2\/product\/375","targetHints":{"allow":["GET"]}}],"collection":[{"href":"https:\/\/27-215.pl\/index.php\/wp-json\/wp\/v2\/product"}],"about":[{"href":"https:\/\/27-215.pl\/index.php\/wp-json\/wp\/v2\/types\/product"}],"wp:featuredmedia":[{"embeddable":true,"href":"https:\/\/27-215.pl\/index.php\/wp-json\/wp\/v2\/media\/376"}],"wp:attachment":[{"href":"https:\/\/27-215.pl\/index.php\/wp-json\/wp\/v2\/media?parent=375"}],"wp:term":[{"taxonomy":"product_brand","embeddable":true,"href":"https:\/\/27-215.pl\/index.php\/wp-json\/wp\/v2\/product_brand?post=375"},{"taxonomy":"product_cat","embeddable":true,"href":"https:\/\/27-215.pl\/index.php\/wp-json\/wp\/v2\/product_cat?post=375"},{"taxonomy":"product_tag","embeddable":true,"href":"https:\/\/27-215.pl\/index.php\/wp-json\/wp\/v2\/product_tag?post=375"}],"curies":[{"name":"wp","href":"https:\/\/api.w.org\/{rel}","templated":true}]}}