{"id":379,"date":"2025-01-25T11:39:36","date_gmt":"2025-01-25T10:39:36","guid":{"rendered":"https:\/\/www.27-215.pl\/?post_type=product&#038;p=379"},"modified":"2026-04-04T08:48:33","modified_gmt":"2026-04-04T06:48:33","slug":"palacio-balsam-do-ciala-chlodzacy-500-ml","status":"publish","type":"product","link":"https:\/\/27-215.pl\/index.php\/produkt\/palacio-balsam-do-ciala-chlodzacy-500-ml\/","title":{"rendered":"Palacio Balsam do cia\u0142a ch\u0142odz\u0105cy 500 ml"},"content":{"rendered":"<h2>Palacio Cannabis &#8211; Balsam do cia\u0142a CH\u0141ODZ\u0104CY 500 ml<\/h2>\n<p>Balsam do cia\u0142a<strong>\u00a0Palacio\u00a0Cannabis Flex\u00a0<\/strong>z<strong>\u00a05% zawarto\u015bci\u0105 oleju konopnego t\u0142oczonego na zimno.<\/strong><br \/>\nZawiera\u00a0<strong>94.2% sk\u0142adnik\u00f3w pochodzenia naturalnego<\/strong>\u00a0w tym ekstrakt z 19 zi\u00f3\u0142, gliceryn\u0119 oraz mentol.<br \/>\nPalacio Body Lotion dzia\u0142a och\u0142adzaj\u0105co oraz rewitalizuj\u0105co.<br \/>\nZalecany jest do regeneracyjnego masa\u017cu po urazach (zamiast kompresu ch\u0142odz\u0105cego).<br \/>\nPrzynosi ulg\u0119 po wysi\u0142ku fizycznym, przyspiesza regeneracj\u0119, \u0142agodzi uczucie ci\u0119\u017ckich n\u00f3g.<br \/>\n<strong>Kosmetyki\u00a0Palacio Cannabis<\/strong>\u00a0zawieraj\u0105 naturalny\u00a0<strong>olej konopny t\u0142oczony na zimno.<\/strong><br \/>\nPozyskiwany w tej spos\u00f3b olej konopny charakteryzuje si\u0119 szerokim spektrum dzia\u0142ania i skuteczno\u015bci\u0105.<br \/>\nKosmetyki konopne polecane s\u0105 zar\u00f3wno do codziennej piel\u0119gnacji jak i pomocniczo przy wszelkich problemach sk\u00f3rnych.<br \/>\nCh\u0142odz\u0105cy balsam Palacio Cannabis Flex sprzyja rozlu\u017anieniu i regeneracji sk\u00f3ry staw\u00f3w, mi\u0119\u015bni i wi\u0119zade\u0142.<br \/>\nEfekt ch\u0142odz\u0105cy przynosi szybki relaks i od\u015bwie\u017cenie.<\/p>\n<h3>Cechy Palacio Flex Lotion:<\/h3>\n<ul>\n<li>dzia\u0142anie ch\u0142odz\u0105ce i rewitalizuj\u0105ce<\/li>\n<li>szybka ulga po wysi\u0142ku fizycznym<\/li>\n<li>\u0142agodzi sztywno\u015b\u0107 mi\u0119\u015bni i staw\u00f3w<\/li>\n<li>szybko si\u0119 wch\u0142ania<\/li>\n<li>dzia\u0142a relaksuj\u0105co<\/li>\n<li>przyspiesza regeneracj\u0119<\/li>\n<li>od\u015bwie\u017ca, \u0142agodzi i nadaje elastyczno\u015b\u0107<\/li>\n<li>\u0142agodzi uczucie ci\u0119\u017ckich n\u00f3g<\/li>\n<li>testowany dermatologicznie<\/li>\n<li><strong>balsam o konsystencji \u017celu<\/strong><\/li>\n<\/ul>\n<p><strong>Sk\u0142ad:<\/strong><\/p>\n<ul>\n<li>94,2% pochodzenia naturalnego w tym:<\/li>\n<li>Olej konopny (5%)<\/li>\n<li>gliceryna<\/li>\n<li>kamfora<\/li>\n<li>mentol<\/li>\n<li>ekstrakt z 19 zi\u00f3\u0142<\/li>\n<li>eteryczny olejek sosnowy<\/li>\n<\/ul>\n<p><strong>Opakowanie: 500 ml<\/strong><\/p>\n","protected":false},"excerpt":{"rendered":"<p>Palacio Cannabis &#8211; Balsam do cia\u0142a CH\u0141ODZ\u0104CY 500 ml Balsam do cia\u0142a\u00a0Palacio\u00a0Cannabis Flex\u00a0z\u00a05% zawarto\u015bci\u0105 oleju konopnego t\u0142oczonego na zimno. Zawiera\u00a094.2% sk\u0142adnik\u00f3w pochodzenia naturalnego\u00a0w tym ekstrakt z 19 zi\u00f3\u0142, gliceryn\u0119 oraz mentol. Palacio Body Lotion dzia\u0142a och\u0142adzaj\u0105co oraz rewitalizuj\u0105co. Zalecany jest do regeneracyjnego masa\u017cu po urazach (zamiast kompresu ch\u0142odz\u0105cego). Przynosi ulg\u0119 po wysi\u0142ku fizycznym, przyspiesza regeneracj\u0119, [&hellip;]<\/p>\n","protected":false},"featured_media":380,"template":"","meta":[],"product_brand":[22],"product_cat":[21],"product_tag":[],"class_list":{"0":"post-379","1":"product","2":"type-product","3":"status-publish","4":"has-post-thumbnail","6":"product_brand-palacio","7":"product_cat-palacio","9":"first","10":"instock","11":"taxable","12":"shipping-taxable","13":"purchasable","14":"product-type-simple"},"_links":{"self":[{"href":"https:\/\/27-215.pl\/index.php\/wp-json\/wp\/v2\/product\/379","targetHints":{"allow":["GET"]}}],"collection":[{"href":"https:\/\/27-215.pl\/index.php\/wp-json\/wp\/v2\/product"}],"about":[{"href":"https:\/\/27-215.pl\/index.php\/wp-json\/wp\/v2\/types\/product"}],"wp:featuredmedia":[{"embeddable":true,"href":"https:\/\/27-215.pl\/index.php\/wp-json\/wp\/v2\/media\/380"}],"wp:attachment":[{"href":"https:\/\/27-215.pl\/index.php\/wp-json\/wp\/v2\/media?parent=379"}],"wp:term":[{"taxonomy":"product_brand","embeddable":true,"href":"https:\/\/27-215.pl\/index.php\/wp-json\/wp\/v2\/product_brand?post=379"},{"taxonomy":"product_cat","embeddable":true,"href":"https:\/\/27-215.pl\/index.php\/wp-json\/wp\/v2\/product_cat?post=379"},{"taxonomy":"product_tag","embeddable":true,"href":"https:\/\/27-215.pl\/index.php\/wp-json\/wp\/v2\/product_tag?post=379"}],"curies":[{"name":"wp","href":"https:\/\/api.w.org\/{rel}","templated":true}]}}