{"id":383,"date":"2025-01-25T11:51:43","date_gmt":"2025-01-25T10:51:43","guid":{"rendered":"https:\/\/www.27-215.pl\/?post_type=product&#038;p=383"},"modified":"2026-04-04T08:48:34","modified_gmt":"2026-04-04T06:48:34","slug":"palacio-balsam-do-ciala-z-olejem-konopnym-500-ml","status":"publish","type":"product","link":"https:\/\/27-215.pl\/index.php\/produkt\/palacio-balsam-do-ciala-z-olejem-konopnym-500-ml\/","title":{"rendered":"Palacio Balsam do cia\u0142a z olejem konopnym 500 ml"},"content":{"rendered":"<h2>Palacio Cannabis &#8211; Balsam do cia\u0142a z pompk\u0105 500 ml<\/h2>\n<p><strong>Balsam<\/strong>\u00a0do cia\u0142a czeskiego producenta\u00a0<strong>Palacio<\/strong>\u00a0<strong>z olejem konopnym t\u0142oczonym na zimno.<\/strong><br \/>\nPrzeznaczony do stosowania miejscowego &#8211;\u00a0<strong>unikalne po\u0142\u0105czenie ekstrakt\u00f3w z 19 zi\u00f3\u0142 i substancji aktywnych<\/strong>.<br \/>\nMasa\u017c z balsamem\u00a0Palacio Cannabis\u00a0sprzyja rozlu\u017anieniu i regeneracji mi\u0119\u015bni, staw\u00f3w i wi\u0119zade\u0142.<br \/>\nPolecany jest do masa\u017cu zmeczonych st\u00f3p po ca\u0142ym dniu stania.<br \/>\n<strong>Kosmetyki Palacio Cannabis\u00a0<\/strong>charakteryzuj\u0105 si\u0119 tym, \u017ce\u00a0zawieraj\u0105 naturalny\u00a0<strong>olej konopny t\u0142oczony na zimno.<\/strong><br \/>\nTak pozyskiwany olej konopny odznacza si\u0119 szerokim spektrum dzia\u0142ania i wysok\u0105 skuteczno\u015bci\u0105.<br \/>\nKosmetyki konopne polecane s\u0105 zar\u00f3wno do codziennej piel\u0119gnacji jak i pomocniczo przy wszelkich problemach sk\u00f3rnych.<br \/>\nPo\u0142\u0105czenie masa\u017cu z olejem konopnym i ekstraktami z zi\u00f3\u0142 zapewnia szybk\u0105 ulg\u0119 w b\u00f3lu, pomaga zmniejszy\u0107 sztywno\u015b\u0107 mi\u0119\u015bni oraz poprawia ruchomo\u015b\u0107 staw\u00f3w.<\/p>\n<h3>Cechy balsamu Palacio Cannabis:<\/h3>\n<ul>\n<li>intensywnie regeneruje<\/li>\n<li>rewitalizuje<\/li>\n<li>przynosi ulg\u0119<\/li>\n<li>\u0142atwo si\u0119 wch\u0142ania<\/li>\n<li>od\u015bwie\u017ca, \u0142agodzi i nadaje elastyczno\u015b\u0107<\/li>\n<li>\u0142agodzi uczucie ci\u0119\u017ckich n\u00f3g<\/li>\n<li>przyspiesza regeneracj\u0119 po wysi\u0142ku fizycznym<\/li>\n<li>praktyczna pompka dozuj\u0105ca<\/li>\n<li>testowany dermatologicznie<\/li>\n<\/ul>\n<p><strong>Sk\u0142adniki:<br \/>\n<\/strong><\/p>\n<ul>\n<li>94.1% sk\u0142adnik\u00f3w pochodzenia naturalnego w tym:<\/li>\n<li>olej konopny (5%)<\/li>\n<li>gliceryna<\/li>\n<li>kamfora<\/li>\n<li>mentol<\/li>\n<li>ekstrakt z 19 zi\u00f3\u0142<\/li>\n<li>eteryczny olejek sosnowy<\/li>\n<\/ul>\n","protected":false},"excerpt":{"rendered":"<p>Palacio Cannabis &#8211; Balsam do cia\u0142a z pompk\u0105 500 ml Balsam\u00a0do cia\u0142a czeskiego producenta\u00a0Palacio\u00a0z olejem konopnym t\u0142oczonym na zimno. Przeznaczony do stosowania miejscowego &#8211;\u00a0unikalne po\u0142\u0105czenie ekstrakt\u00f3w z 19 zi\u00f3\u0142 i substancji aktywnych. Masa\u017c z balsamem\u00a0Palacio Cannabis\u00a0sprzyja rozlu\u017anieniu i regeneracji mi\u0119\u015bni, staw\u00f3w i wi\u0119zade\u0142. Polecany jest do masa\u017cu zmeczonych st\u00f3p po ca\u0142ym dniu stania. Kosmetyki Palacio [&hellip;]<\/p>\n","protected":false},"featured_media":384,"template":"","meta":[],"product_brand":[22],"product_cat":[21],"product_tag":[],"class_list":{"0":"post-383","1":"product","2":"type-product","3":"status-publish","4":"has-post-thumbnail","6":"product_brand-palacio","7":"product_cat-palacio","9":"first","10":"outofstock","11":"taxable","12":"shipping-taxable","13":"purchasable","14":"product-type-simple"},"_links":{"self":[{"href":"https:\/\/27-215.pl\/index.php\/wp-json\/wp\/v2\/product\/383","targetHints":{"allow":["GET"]}}],"collection":[{"href":"https:\/\/27-215.pl\/index.php\/wp-json\/wp\/v2\/product"}],"about":[{"href":"https:\/\/27-215.pl\/index.php\/wp-json\/wp\/v2\/types\/product"}],"wp:featuredmedia":[{"embeddable":true,"href":"https:\/\/27-215.pl\/index.php\/wp-json\/wp\/v2\/media\/384"}],"wp:attachment":[{"href":"https:\/\/27-215.pl\/index.php\/wp-json\/wp\/v2\/media?parent=383"}],"wp:term":[{"taxonomy":"product_brand","embeddable":true,"href":"https:\/\/27-215.pl\/index.php\/wp-json\/wp\/v2\/product_brand?post=383"},{"taxonomy":"product_cat","embeddable":true,"href":"https:\/\/27-215.pl\/index.php\/wp-json\/wp\/v2\/product_cat?post=383"},{"taxonomy":"product_tag","embeddable":true,"href":"https:\/\/27-215.pl\/index.php\/wp-json\/wp\/v2\/product_tag?post=383"}],"curies":[{"name":"wp","href":"https:\/\/api.w.org\/{rel}","templated":true}]}}