{"id":388,"date":"2025-01-25T12:07:21","date_gmt":"2025-01-25T11:07:21","guid":{"rendered":"https:\/\/www.27-215.pl\/?post_type=product&#038;p=388"},"modified":"2026-04-24T20:11:35","modified_gmt":"2026-04-24T18:11:35","slug":"putorius-zel-konopny-ekstra-mocny-500-ml","status":"publish","type":"product","link":"https:\/\/27-215.pl\/index.php\/produkt\/putorius-zel-konopny-ekstra-mocny-500-ml\/","title":{"rendered":"Putorius \u017bel konopny ekstra mocny 500 ml"},"content":{"rendered":"<h2>Konopny \u017cel extra mocny Putorius 500 ml:<\/h2>\n<ul>\n<li>\u017bel z wysok\u0105 zawarto\u015bci\u0105 oleju konopnego i eukaliptusowego.<\/li>\n<li>\u017bel wykonany wed\u0142ug oryginalnej, sprawdzonej receptury. Skuteczna formu\u0142a\u00a0<b>wykorzystuje regeneruj\u0105ce i zmi\u0119kczaj\u0105ce dzia\u0142anie oleju konopnego.<\/b><\/li>\n<li>Uj\u0119drnia sk\u00f3r\u0119, pozostawiaj\u0105c j\u0105 g\u0142adk\u0105, l\u015bni\u0105c\u0105 i j\u0119drn\u0105. Konopie indyjskie\u00a0<b>maj\u0105 zbawienne dzia\u0142anie na egzem\u0119 i inne choroby sk\u00f3ry.<\/b>\u00a0Regularne stosowanie zwi\u0119ksza skuteczno\u015b\u0107.<\/li>\n<li>\u017bel mo\u017cna stosowa\u0107 na sk\u00f3r\u0119, aby poczu\u0107 ulg\u0119 podczas wysi\u0142ku.\u00a0<b>Od\u015bwie\u017ca przy zm\u0119czeniu, dzia\u0142a uspokajaj\u0105co i regeneruj\u0105co.<\/b><\/li>\n<\/ul>\n<p><b>Spos\u00f3b u\u017cycia:<\/b><\/p>\n<ol>\n<li>\u017bel nanie\u015b\u0107 na chore miejsce i delikatnie wmasowa\u0107.<\/li>\n<li>W razie potrzeby powtarzaj kilka razy dziennie.<\/li>\n<li><b>Przeznaczony wy\u0142\u0105cznie do u\u017cytku zewn\u0119trznego. Unika\u0107 kontaktu z oczami.<\/b><\/li>\n<\/ol>\n<p><b>\u017bel CANNABIS z wysok\u0105 zawarto\u015bci\u0105 oleju konopnego<\/b><\/p>\n","protected":false},"excerpt":{"rendered":"<p>Konopny \u017cel extra mocny Putorius 500 ml: \u017bel z wysok\u0105 zawarto\u015bci\u0105 oleju konopnego i eukaliptusowego. \u017bel wykonany wed\u0142ug oryginalnej, sprawdzonej receptury. Skuteczna formu\u0142a\u00a0wykorzystuje regeneruj\u0105ce i zmi\u0119kczaj\u0105ce dzia\u0142anie oleju konopnego. Uj\u0119drnia sk\u00f3r\u0119, pozostawiaj\u0105c j\u0105 g\u0142adk\u0105, l\u015bni\u0105c\u0105 i j\u0119drn\u0105. Konopie indyjskie\u00a0maj\u0105 zbawienne dzia\u0142anie na egzem\u0119 i inne choroby sk\u00f3ry.\u00a0Regularne stosowanie zwi\u0119ksza skuteczno\u015b\u0107. \u017bel mo\u017cna stosowa\u0107 na sk\u00f3r\u0119, [&hellip;]<\/p>\n","protected":false},"featured_media":389,"template":"","meta":[],"product_brand":[26],"product_cat":[25],"product_tag":[],"class_list":{"0":"post-388","1":"product","2":"type-product","3":"status-publish","4":"has-post-thumbnail","6":"product_brand-putorius","7":"product_cat-putorius","9":"first","10":"instock","11":"taxable","12":"shipping-taxable","13":"purchasable","14":"product-type-simple"},"_links":{"self":[{"href":"https:\/\/27-215.pl\/index.php\/wp-json\/wp\/v2\/product\/388","targetHints":{"allow":["GET"]}}],"collection":[{"href":"https:\/\/27-215.pl\/index.php\/wp-json\/wp\/v2\/product"}],"about":[{"href":"https:\/\/27-215.pl\/index.php\/wp-json\/wp\/v2\/types\/product"}],"wp:featuredmedia":[{"embeddable":true,"href":"https:\/\/27-215.pl\/index.php\/wp-json\/wp\/v2\/media\/389"}],"wp:attachment":[{"href":"https:\/\/27-215.pl\/index.php\/wp-json\/wp\/v2\/media?parent=388"}],"wp:term":[{"taxonomy":"product_brand","embeddable":true,"href":"https:\/\/27-215.pl\/index.php\/wp-json\/wp\/v2\/product_brand?post=388"},{"taxonomy":"product_cat","embeddable":true,"href":"https:\/\/27-215.pl\/index.php\/wp-json\/wp\/v2\/product_cat?post=388"},{"taxonomy":"product_tag","embeddable":true,"href":"https:\/\/27-215.pl\/index.php\/wp-json\/wp\/v2\/product_tag?post=388"}],"curies":[{"name":"wp","href":"https:\/\/api.w.org\/{rel}","templated":true}]}}