{"id":390,"date":"2025-01-25T12:12:14","date_gmt":"2025-01-25T11:12:14","guid":{"rendered":"https:\/\/www.27-215.pl\/?post_type=product&#038;p=390"},"modified":"2026-04-04T08:48:15","modified_gmt":"2026-04-04T06:48:15","slug":"putorius-zel-konopny-rozgrzewajacy-500-ml","status":"publish","type":"product","link":"https:\/\/27-215.pl\/index.php\/produkt\/putorius-zel-konopny-rozgrzewajacy-500-ml\/","title":{"rendered":"Putorius \u017bel konopny rozgrzewaj\u0105cy 500 ml"},"content":{"rendered":"<p><strong>\u017bel rozgrzewaj\u0105cy Putorius na b\u00f3le mi\u0119\u015bn<\/strong>i to wyj\u0105tkowa receptura, wzbogacona o wysok\u0105 zawarto\u015b\u0107 oleju konopnego oraz olejku eukaliptusowego. Ta skuteczna formu\u0142a oparta na po\u0142\u0105czeniu naturalnych substancji i ekstrakt\u00f3w wspomaga miejscowe ukrwienie i sch\u0142adza nadwyr\u0119\u017cone mi\u0119\u015bnie i stawy. Masa\u017c relaksacyjny pomaga rozlu\u017ani\u0107 zm\u0119czone mi\u0119\u015bnie, zmniejsza sztywno\u015b\u0107 i poprawia mobilno\u015b\u0107. \u015awietnie sprawdza si\u0119 po intensywnym wysi\u0142ku fizycznym lub sporcie.<\/p>\n<p>Oryginalna receptura \u017celu Putorius przynosi ulg\u0119 w dolegliwo\u015bciach b\u00f3lowych.\u00a0 W sk\u0142adzie znajduj\u0105 si\u0119 naturalne sk\u0142adniki ro\u015blinne:<\/p>\n<ul>\n<li><strong>Olej z nasion konopi siewnych (Cannabis Sativa Seed Oil):<\/strong>\u00a0W konopiach wyst\u0119puj\u0105 kannabinoidy, takie jak CBD, kt\u00f3re posiadaj\u0105 w\u0142a\u015bciwo\u015bci przeciwb\u00f3lowe i przeciwzapalne. Olej CBD mo\u017ce wp\u0142ywa\u0107 na receptory kannabinoidowe w organizmie, co prowadzi do z\u0142agodzenia b\u00f3lu i stan\u00f3w zapalnych.<\/li>\n<li><strong>Kamfora (Camphor):<\/strong>\u00a0Jest znana ze swoich w\u0142a\u015bciwo\u015bci rozgrzewaj\u0105cych i przeciwb\u00f3lowych. Po zastosowaniu na sk\u00f3r\u0119, kamfora powoduje miejscowe rozszerzenie naczy\u0144 krwiono\u015bnych, co przyczynia si\u0119 do poprawy kr\u0105\u017cenia krwi i z\u0142agodzenia b\u00f3lu mi\u0119\u015bniowego.<\/li>\n<li><strong>Olejek z li\u015bci eukaliptusa (Eucalyptus Globulus Leaf Oil):<\/strong>\u00a0Posiada dzia\u0142anie przeciwb\u00f3lowe, przeciwzapalne i rozgrzewaj\u0105ce. Olejek eukaliptusowy dzia\u0142a poprzez stymulacj\u0119 receptora zwanego TRPM8, co prowadzi do z\u0142agodzenia b\u00f3lu i redukcji stan\u00f3w zapalnych.<\/li>\n<li><strong>Mentol (Menthol):<\/strong>\u00a0Posiada dzia\u0142anie ch\u0142odz\u0105ce i \u0142agodz\u0105ce b\u00f3l. Po aplikacji na sk\u00f3r\u0119, mentol powoduje uczucie ch\u0142odu, kt\u00f3re pomaga w z\u0142agodzeniu b\u00f3lu poprzez blokowanie przekazywania sygna\u0142\u00f3w b\u00f3lowych do m\u00f3zgu.<\/li>\n<li><strong>Olejek lawendowy (Lavandula Angustifolia Oil):<\/strong>\u00a0Posiada w\u0142a\u015bciwo\u015bci relaksacyjne i przeciwb\u00f3lowe. W ma\u015bci dzia\u0142a poprzez redukcj\u0119 napi\u0119cia mi\u0119\u015bniowego i uspokojenie uk\u0142adu nerwowego, co przyczynia si\u0119 do z\u0142agodzenia b\u00f3lu.<\/li>\n<li><strong>\u017bywica papryczki chili (Capsicum Frutescens Resin):<\/strong>\u00a0Zawiera substancj\u0119 zwan\u0105 kapsaicyn\u0105, kt\u00f3ra wykazuje silne w\u0142a\u015bciwo\u015bci przeciwb\u00f3lowe. Po zastosowaniu na sk\u00f3r\u0119, kapsaicyna powoduje miejscowe podra\u017cnienie, kt\u00f3re blokuje przekazywanie sygna\u0142\u00f3w b\u00f3lowych do m\u00f3zgu, co prowadzi do z\u0142agodzenia b\u00f3lu.<\/li>\n<\/ul>\n<p>Dzi\u0119ki temu unikalnemu po\u0142\u0105czeniu sk\u0142adnik\u00f3w, \u017cel Putorius zapewnia kompleksow\u0105 ulg\u0119 w b\u00f3lach mi\u0119\u015bniowych i stawowych.<\/p>\n<p><strong>Spos\u00f3b U\u017cycia:<\/strong>\u00a0Nanie\u015b \u017cel na miejsce wymagaj\u0105ce piel\u0119gnacji i delikatnie wmasuj. Stosuj kilka razy dziennie wed\u0142ug potrzeb. Produkt przeznaczony wy\u0142\u0105cznie do u\u017cytku zewn\u0119trznego. Unikaj kontaktu z oczami.<\/p>\n<p><strong>Sk\u0142ad:<\/strong>\u00a0Aqua, Glycerin, Alcohol, PEG-40, Hydrogenated Castor Oil, Triethanolamine Carboner, Cannabis Sat<a href=\"https:\/\/konopiafarmacja.pl\/\">i<\/a>va Seed Oil Glycereth-8 Esters, Sodium Sulfate, Glycol, Benzyl Alcohol, Camphor, PPG-2 Methyl Ether, MEK, Sodium Chloride, 2-Bromo-2-Nitropropane-1,3-Diol, Eucalyptus Globulus Leaf Oil, lodopropynyl Butylcarbanate, Trideceth-9, Menthol, Lavandula Angustifolia Oil, Capsicum Frutescens Resin, Limonene, CI 19140, CI 42090.<\/p>\n<p><strong>Pojemno\u015b\u0107:<\/strong>\u00a0500ml<\/p>\n","protected":false},"excerpt":{"rendered":"<p>\u017bel rozgrzewaj\u0105cy Putorius na b\u00f3le mi\u0119\u015bni to wyj\u0105tkowa receptura, wzbogacona o wysok\u0105 zawarto\u015b\u0107 oleju konopnego oraz olejku eukaliptusowego. Ta skuteczna formu\u0142a oparta na po\u0142\u0105czeniu naturalnych substancji i ekstrakt\u00f3w wspomaga miejscowe ukrwienie i sch\u0142adza nadwyr\u0119\u017cone mi\u0119\u015bnie i stawy. Masa\u017c relaksacyjny pomaga rozlu\u017ani\u0107 zm\u0119czone mi\u0119\u015bnie, zmniejsza sztywno\u015b\u0107 i poprawia mobilno\u015b\u0107. \u015awietnie sprawdza si\u0119 po intensywnym wysi\u0142ku fizycznym [&hellip;]<\/p>\n","protected":false},"featured_media":391,"template":"","meta":[],"product_brand":[26],"product_cat":[25],"product_tag":[],"class_list":{"0":"post-390","1":"product","2":"type-product","3":"status-publish","4":"has-post-thumbnail","6":"product_brand-putorius","7":"product_cat-putorius","9":"first","10":"instock","11":"taxable","12":"shipping-taxable","13":"purchasable","14":"product-type-simple"},"_links":{"self":[{"href":"https:\/\/27-215.pl\/index.php\/wp-json\/wp\/v2\/product\/390","targetHints":{"allow":["GET"]}}],"collection":[{"href":"https:\/\/27-215.pl\/index.php\/wp-json\/wp\/v2\/product"}],"about":[{"href":"https:\/\/27-215.pl\/index.php\/wp-json\/wp\/v2\/types\/product"}],"wp:featuredmedia":[{"embeddable":true,"href":"https:\/\/27-215.pl\/index.php\/wp-json\/wp\/v2\/media\/391"}],"wp:attachment":[{"href":"https:\/\/27-215.pl\/index.php\/wp-json\/wp\/v2\/media?parent=390"}],"wp:term":[{"taxonomy":"product_brand","embeddable":true,"href":"https:\/\/27-215.pl\/index.php\/wp-json\/wp\/v2\/product_brand?post=390"},{"taxonomy":"product_cat","embeddable":true,"href":"https:\/\/27-215.pl\/index.php\/wp-json\/wp\/v2\/product_cat?post=390"},{"taxonomy":"product_tag","embeddable":true,"href":"https:\/\/27-215.pl\/index.php\/wp-json\/wp\/v2\/product_tag?post=390"}],"curies":[{"name":"wp","href":"https:\/\/api.w.org\/{rel}","templated":true}]}}