{"id":396,"date":"2025-09-01T12:28:19","date_gmt":"2025-09-01T10:28:19","guid":{"rendered":"https:\/\/www.27-215.pl\/?post_type=product&#038;p=396"},"modified":"2026-04-04T08:48:48","modified_gmt":"2026-04-04T06:48:48","slug":"masc-z-jadem-pszczelim-20-g","status":"publish","type":"product","link":"https:\/\/27-215.pl\/index.php\/produkt\/masc-z-jadem-pszczelim-20-g\/","title":{"rendered":"Ma\u015b\u0107 z jadem pszczelim 20 g"},"content":{"rendered":"<p data-start=\"0\" data-end=\"55\">\ud83d\udc1d <strong data-start=\"3\" data-end=\"48\">Ma\u015b\u0107 z apisinem \u2013 z jadem pszczelim <\/strong>\ud83c\udf3f\ud83d\udc9b<\/p>\n<p data-start=\"57\" data-end=\"414\">Naturalna, skuteczna i ceniona od lat \u2013 <strong data-start=\"97\" data-end=\"134\">ma\u015b\u0107 z jadem pszczelim (apisinem)<\/strong> to produkt czeskiej rodzinnej firmy <strong data-start=\"171\" data-end=\"180\">Pleva<\/strong>, kt\u00f3ry przynosi ulg\u0119 przy dolegliwo\u015bciach stawowych i nerwob\u00f3lach. Dzi\u0119ki wyj\u0105tkowemu po\u0142\u0105czeniu naturalnych sk\u0142adnik\u00f3w, w tym <strong data-start=\"308\" data-end=\"327\">jadu pszczelego<\/strong>, pobudza kr\u0105\u017cenie, rozlu\u017ania i pomaga utrzyma\u0107 mi\u0119\u015bnie oraz stawy w dobrej kondycji.<\/p>\n<p data-start=\"416\" data-end=\"715\">\ud83d\udcaa <strong data-start=\"419\" data-end=\"433\">Dzia\u0142anie:<\/strong><br data-start=\"433\" data-end=\"436\" \/>Ma\u015b\u0107 dzia\u0142a rozgrzewaj\u0105co i pobudzaj\u0105co na kr\u0105\u017cenie w miejscu aplikacji. Regularne stosowanie wspiera regeneracj\u0119 tkanek, przynosi ulg\u0119 w uczuciu sztywno\u015bci i napi\u0119cia oraz poprawia ruchomo\u015b\u0107 staw\u00f3w. Wystarczy niewielka ilo\u015b\u0107, by odczu\u0107 przyjemne ciep\u0142o i popraw\u0119 samopoczucia.<\/p>\n<p data-start=\"717\" data-end=\"741\">\ud83c\udf38 <strong data-start=\"720\" data-end=\"739\">Dlaczego warto:<\/strong><\/p>\n<ul data-start=\"742\" data-end=\"976\">\n<li data-start=\"742\" data-end=\"790\">\n<p data-start=\"744\" data-end=\"790\">pomaga \u0142agodzi\u0107 <strong data-start=\"760\" data-end=\"787\">b\u00f3le staw\u00f3w i nerwob\u00f3le<\/strong>,<\/p>\n<\/li>\n<li data-start=\"791\" data-end=\"824\">\n<p data-start=\"793\" data-end=\"824\">wspomaga <strong data-start=\"802\" data-end=\"821\">ukrwienie sk\u00f3ry<\/strong>,<\/p>\n<\/li>\n<li data-start=\"825\" data-end=\"873\">\n<p data-start=\"827\" data-end=\"873\">zawiera <strong data-start=\"835\" data-end=\"870\">naturalny jad pszczeli (apisin)<\/strong>,<\/p>\n<\/li>\n<li data-start=\"874\" data-end=\"916\">\n<p data-start=\"876\" data-end=\"916\">ma <strong data-start=\"879\" data-end=\"913\">\u0142agodn\u0105, piel\u0119gnacyjn\u0105 formu\u0142\u0119<\/strong>,<\/p>\n<\/li>\n<li data-start=\"917\" data-end=\"976\">\n<p data-start=\"919\" data-end=\"976\">pakowana w <strong data-start=\"930\" data-end=\"950\">szklany s\u0142oiczek<\/strong> \u2013 przyjazny \u015brodowisku.<\/p>\n<\/li>\n<\/ul>\n<p data-start=\"978\" data-end=\"1270\">\ud83d\udc1d <strong data-start=\"981\" data-end=\"1019\">Jak pozyskiwany jest jad pszczeli:<\/strong><br data-start=\"1019\" data-end=\"1022\" \/>Firma Pleva wykorzystuje humanitarn\u0105 metod\u0119 pozyskiwania apisinu \u2013 pszczo\u0142y pozostaj\u0105 bezpieczne. Dzi\u0119ki delikatnym impulsom elektrycznym zostawiaj\u0105 na specjalnej powierzchni male\u0144k\u0105 kropl\u0119 jadu, nie trac\u0105c \u017c\u0105d\u0142a i mog\u0105c dalej spokojnie odlecie\u0107.<\/p>\n<p data-start=\"1272\" data-end=\"1406\">\ud83e\uddf4 <strong data-start=\"1275\" data-end=\"1293\">Spos\u00f3b u\u017cycia:<\/strong><br data-start=\"1293\" data-end=\"1296\" \/>Nanie\u015b niewielk\u0105 ilo\u015b\u0107 ma\u015bci na bol\u0105ce miejsce i delikatnie wmasuj. Stosuj 1\u20132 razy dziennie wed\u0142ug potrzeb.<\/p>\n<p data-start=\"1408\" data-end=\"1521\">\ud83e\uddfe <strong data-start=\"1411\" data-end=\"1421\">Sk\u0142ad:<\/strong><br data-start=\"1421\" data-end=\"1424\" \/>Petrolatum, Lanolin, Salicylic acid, Bee Venom (Apisin), Parfum, Benzyl salicylate, Citronellol<\/p>\n<p data-start=\"1523\" data-end=\"1600\">\ud83d\udce6 <strong data-start=\"1526\" data-end=\"1541\">Opakowanie:<\/strong> 20 g<\/p>\n","protected":false},"excerpt":{"rendered":"<p>\ud83d\udc1d Ma\u015b\u0107 z apisinem \u2013 z jadem pszczelim \ud83c\udf3f\ud83d\udc9b Naturalna, skuteczna i ceniona od lat \u2013 ma\u015b\u0107 z jadem pszczelim (apisinem) to produkt czeskiej rodzinnej firmy Pleva, kt\u00f3ry przynosi ulg\u0119 przy dolegliwo\u015bciach stawowych i nerwob\u00f3lach. Dzi\u0119ki wyj\u0105tkowemu po\u0142\u0105czeniu naturalnych sk\u0142adnik\u00f3w, w tym jadu pszczelego, pobudza kr\u0105\u017cenie, rozlu\u017ania i pomaga utrzyma\u0107 mi\u0119\u015bnie oraz stawy w dobrej [&hellip;]<\/p>\n","protected":false},"featured_media":393,"template":"","meta":[],"product_brand":[27],"product_cat":[28],"product_tag":[],"class_list":{"0":"post-396","1":"product","2":"type-product","3":"status-publish","4":"has-post-thumbnail","6":"product_brand-pleva","7":"product_cat-pleva","9":"first","10":"outofstock","11":"taxable","12":"shipping-taxable","13":"purchasable","14":"product-type-simple"},"_links":{"self":[{"href":"https:\/\/27-215.pl\/index.php\/wp-json\/wp\/v2\/product\/396","targetHints":{"allow":["GET"]}}],"collection":[{"href":"https:\/\/27-215.pl\/index.php\/wp-json\/wp\/v2\/product"}],"about":[{"href":"https:\/\/27-215.pl\/index.php\/wp-json\/wp\/v2\/types\/product"}],"wp:featuredmedia":[{"embeddable":true,"href":"https:\/\/27-215.pl\/index.php\/wp-json\/wp\/v2\/media\/393"}],"wp:attachment":[{"href":"https:\/\/27-215.pl\/index.php\/wp-json\/wp\/v2\/media?parent=396"}],"wp:term":[{"taxonomy":"product_brand","embeddable":true,"href":"https:\/\/27-215.pl\/index.php\/wp-json\/wp\/v2\/product_brand?post=396"},{"taxonomy":"product_cat","embeddable":true,"href":"https:\/\/27-215.pl\/index.php\/wp-json\/wp\/v2\/product_cat?post=396"},{"taxonomy":"product_tag","embeddable":true,"href":"https:\/\/27-215.pl\/index.php\/wp-json\/wp\/v2\/product_tag?post=396"}],"curies":[{"name":"wp","href":"https:\/\/api.w.org\/{rel}","templated":true}]}}