{"id":399,"date":"2025-01-25T12:42:55","date_gmt":"2025-01-25T11:42:55","guid":{"rendered":"https:\/\/www.27-215.pl\/?post_type=product&#038;p=399"},"modified":"2026-04-04T08:48:32","modified_gmt":"2026-04-04T06:48:32","slug":"alpa-zel-z-kasztanowca-na-ciezkie-bolace-nogi-100-ml","status":"publish","type":"product","link":"https:\/\/27-215.pl\/index.php\/produkt\/alpa-zel-z-kasztanowca-na-ciezkie-bolace-nogi-100-ml\/","title":{"rendered":"Alpa \u017bel z kasztanowca na cie\u017ckie, bol\u0105ce nogi 100 ml"},"content":{"rendered":"<p><strong>\u017bel zio\u0142owy o w\u0142a\u015bciwo\u015bciach przeciwobrz\u0119kowych i uszczelniaj\u0105cych naczynia krwiono\u015bne, polecany do masa\u017cu zm\u0119czonych i ci\u0119\u017ckich n\u00f3g z tendencj\u0105 do \u017cylak\u00f3w.<br \/>\n<\/strong><br \/>\n<strong>\u017bel zio\u0142owy\u00a0z wyci\u0105giem z kasztanowca\u00a0<\/strong>przynosi ukojenie obola\u0142ym nogom, przynosi ulg\u0119 i uczucie odci\u0105\u017cenia, zmniejsza opuchlizn\u0119.<\/p>\n<p><strong>Ekstrakt z kasztanowca i olejek rozmarynowy\u00a0<\/strong>dzia\u0142aj\u0105 koj\u0105co, przynosz\u0105 uczucie orze\u017awienia i maj\u0105 korzystny wp\u0142yw na popraw\u0119 kr\u0105\u017cenia w ko\u0144czynach dolnych, poprzez uszczelnienie i zwi\u0119kszenie spr\u0119\u017cysto\u015bci naczy\u0144 \u017cylnych.<\/p>\n<p><strong>\u017bel dobrze si\u0119 wch\u0142ania i nie pozostawia uczucia lepko\u015bci.<\/strong><\/p>\n<p>Dzi\u0119ki\u00a0zawarto\u015bci naturalnych olejk\u00f3w eterycznych przynosi szybk\u0105 ulg\u0119 w stanach zm\u0119czenia, napi\u0119cia i b\u00f3lu.<\/p>\n<p><strong>Kasztanowy\u00a0Zio\u0142owy \u017bel do masa\u017cu 100 ml zawiera:<\/strong><\/p>\n<p><strong>Ekstrakt z kasztanowca\u00a0<\/strong>&#8211;<strong>\u00a0<\/strong>pomaga uszczelni\u0107 \u015bciany \u017cy\u0142, zwi\u0119ksza elastyczno\u015b\u0107 naczy\u0144 krwiono\u015bnych i limfatycznych, przyczynia si\u0119 do zmniejszenia obrz\u0119k\u00f3w.<\/p>\n<p>Mentol\u00a0&#8211; przynosi pocz\u0105tkowo przyjemne uczucie ch\u0142odzenia, co mniejsza tkliwo\u015b\u0107 masowanego obszaru.<\/p>\n<p><strong>Olejek rozmarynowy<\/strong>&#8211; dzia\u0142a antyseptycznie, delikatnie rozgrzewa, u\u0142atwia przep\u0142yw krwi przez naczynia, tonizuje i usuwa objawy zm\u0119czenia.<\/p>\n<p><strong>Kamfor\u0119<\/strong>\u00a0&#8211;\u00a0\u00a0pobudza kr\u0105\u017cenie krwi i delikatnie znieczula, dzia\u0142a przeciwzapalnie, przeciwgrzybiczo, dezynfekuj\u0105co i \u015bci\u0105gaj\u0105co, mo\u017ce powodowa\u0107 miejscowe zaczerwienienie sk\u00f3ry.<\/p>\n<p><strong>Kasztanowy\u00a0\u017bel zio\u0142owy 100 ml Alpa polecany jest:<\/strong><\/p>\n<ul class=\"produkt\">\n<li>do masa\u017cu na zm\u0119czonych i\u00a0spuchni\u0119tych n\u00f3g,<\/li>\n<li>w dolegliwo\u015bciach spowodowanych \u017cylakami,<\/li>\n<li>przy uczuciu ci\u0119\u017ckich n\u00f3g.<\/li>\n<\/ul>\n<h4>Sk\u0142adniki:<\/h4>\n<p>Aqua, Alcohol Denat, PEG-40 Hydrogenated Castor Oil, Aesculus Hippocastanum Seed Extract, Glycerin, Glyceryl\/Acrylate\/Acrylic Acid Copolymer, Propylene Glycol, PVM\/MA Copolymer, Acrylates\/C10-30 Alkyl Acrylate Crosspolymer, Rosmarinus Officinails Oil, Menthol, Phenoxyethanol, Enthylhexylglycerin, Camphor, Cinnamal, Citral, d-Limonene, Linalool, CI 19140, CI 15985, CI 28440, CI 73015, CI 14720<\/p>\n<h4>Spos\u00f3b u\u017cycia:<\/h4>\n<p>Produkt przeznaczony do masa\u017cu miejscowego na obola\u0142e miejsca. Nanie\u015b\u0107 odpowiedni\u0105 ilo\u015b\u0107 \u017celu na d\u0142o\u0144 i wmasowywa\u0107 okr\u0119\u017cnymi ruchami. Stosowa\u0107 na bol\u0105ce miejsca kilka razy dziennie.<\/p>\n<h4>Zawarto\u015b\u0107 netto:<\/h4>\n<p>100 ml<\/p>\n<h4>Termin przydatno\u015bci:<\/h4>\n<p>Wszystkie oferowane produkty s\u0105 \u015bwie\u017ce, o ile nie napisano inaczej w ofercie.<br \/>\nNa \u017cyczenie podajemy dok\u0142adny termin przydatno\u015bci e-mailowo lub telefonicznie.<\/p>\n<h4>Ostrze\u017cenia:<\/h4>\n<p>Nie stosowa\u0107 u dzieci poni\u017cej 3 roku \u017cycia.<br \/>\nPrzechowywa\u0107 w temperaturze od 5 do 25 'C<br \/>\nProdukt nieodpowiedni dla dzieci w wieku poni\u017cej 3 lat.<br \/>\nData wa\u017cno\u015bci znajduje si\u0119 na opakowaniu.<\/p>\n","protected":false},"excerpt":{"rendered":"<p>\u017bel zio\u0142owy o w\u0142a\u015bciwo\u015bciach przeciwobrz\u0119kowych i uszczelniaj\u0105cych naczynia krwiono\u015bne, polecany do masa\u017cu zm\u0119czonych i ci\u0119\u017ckich n\u00f3g z tendencj\u0105 do \u017cylak\u00f3w. \u017bel zio\u0142owy\u00a0z wyci\u0105giem z kasztanowca\u00a0przynosi ukojenie obola\u0142ym nogom, przynosi ulg\u0119 i uczucie odci\u0105\u017cenia, zmniejsza opuchlizn\u0119. Ekstrakt z kasztanowca i olejek rozmarynowy\u00a0dzia\u0142aj\u0105 koj\u0105co, przynosz\u0105 uczucie orze\u017awienia i maj\u0105 korzystny wp\u0142yw na popraw\u0119 kr\u0105\u017cenia w ko\u0144czynach dolnych, [&hellip;]<\/p>\n","protected":false},"featured_media":400,"template":"","meta":[],"product_brand":[24],"product_cat":[23],"product_tag":[],"class_list":{"0":"post-399","1":"product","2":"type-product","3":"status-publish","4":"has-post-thumbnail","6":"product_brand-alpa","7":"product_cat-alpa","9":"first","10":"instock","11":"taxable","12":"shipping-taxable","13":"purchasable","14":"product-type-simple"},"_links":{"self":[{"href":"https:\/\/27-215.pl\/index.php\/wp-json\/wp\/v2\/product\/399","targetHints":{"allow":["GET"]}}],"collection":[{"href":"https:\/\/27-215.pl\/index.php\/wp-json\/wp\/v2\/product"}],"about":[{"href":"https:\/\/27-215.pl\/index.php\/wp-json\/wp\/v2\/types\/product"}],"wp:featuredmedia":[{"embeddable":true,"href":"https:\/\/27-215.pl\/index.php\/wp-json\/wp\/v2\/media\/400"}],"wp:attachment":[{"href":"https:\/\/27-215.pl\/index.php\/wp-json\/wp\/v2\/media?parent=399"}],"wp:term":[{"taxonomy":"product_brand","embeddable":true,"href":"https:\/\/27-215.pl\/index.php\/wp-json\/wp\/v2\/product_brand?post=399"},{"taxonomy":"product_cat","embeddable":true,"href":"https:\/\/27-215.pl\/index.php\/wp-json\/wp\/v2\/product_cat?post=399"},{"taxonomy":"product_tag","embeddable":true,"href":"https:\/\/27-215.pl\/index.php\/wp-json\/wp\/v2\/product_tag?post=399"}],"curies":[{"name":"wp","href":"https:\/\/api.w.org\/{rel}","templated":true}]}}