{"id":415,"date":"2025-01-25T11:11:38","date_gmt":"2025-01-25T10:11:38","guid":{"rendered":"https:\/\/www.27-215.pl\/?post_type=product&#038;p=415"},"modified":"2026-04-04T08:48:23","modified_gmt":"2026-04-04T06:48:23","slug":"alpa-francovka-zywokost-60-ml","status":"publish","type":"product","link":"https:\/\/27-215.pl\/index.php\/produkt\/alpa-francovka-zywokost-60-ml\/","title":{"rendered":"ALPA Francovka \u017cywokost 60ml"},"content":{"rendered":"<p data-pm-slice=\"0 0 []\"><strong>Alpa Kostival 60 ml \u2013 \u017bywokostowa Ma\u015b\u0107 dla Naturalnej Ulgi<\/strong><\/p>\n<p><strong>Alpa Kostival 60 ml<\/strong>\u00a0to wyj\u0105tkowy produkt marki Alpa, oparty na tradycyjnych recepturach, kt\u00f3ry \u0142\u0105czy\u00a0<strong>moc \u017cywokostu<\/strong>\u00a0i\u00a0<strong>francovki<\/strong>. To doskona\u0142e rozwi\u0105zanie dla os\u00f3b poszukuj\u0105cych naturalnej ulgi przy b\u00f3lach mi\u0119\u015bni, staw\u00f3w oraz zm\u0119czeniu. Alpa od lat cieszy si\u0119 uznaniem dzi\u0119ki swojej wysokiej jako\u015bci oraz skuteczno\u015bci produkt\u00f3w, a\u00a0<strong>\u017cywokost<\/strong>\u00a0jest znanym od wiek\u00f3w zio\u0142em, kt\u00f3re wspiera regeneracj\u0119 tkanek, dlatego Alpa Kostival staje si\u0119 niezast\u0105pionym wsparciem w codziennej piel\u0119gnacji cia\u0142a.<\/p>\n<h3><strong>Sk\u0142adniki Aktywne: \u017bywokost i Francovka<\/strong><\/h3>\n<p>G\u0142\u00f3wnym sk\u0142adnikiem aktywnym w\u00a0<strong>Alpa Kostival<\/strong>\u00a0jest\u00a0<strong>\u017cywokost<\/strong>, kt\u00f3rego dzia\u0142anie jest doceniane w medycynie ludowej od pokole\u0144. \u017bywokost (Symphytum officinale) to ro\u015blina znana ze swoich w\u0142a\u015bciwo\u015bci regeneruj\u0105cych, kt\u00f3re wspomagaj\u0105 odbudow\u0119 uszkodzonych tkanek, dzia\u0142aj\u0105c koj\u0105co na mi\u0119\u015bnie, stawy oraz ko\u015bci. Dzi\u0119ki zastosowaniu \u017cywokostu, Alpa Kostival jest doskona\u0142ym wyborem do masa\u017cu po wysi\u0142ku fizycznym lub w sytuacjach, gdy odczuwamy b\u00f3le reumatyczne, st\u0142uczenia, czy naci\u0105gni\u0119cia mi\u0119\u015bni.<\/p>\n<p><strong>Francovka<\/strong>\u00a0to tradycyjny roztw\u00f3r alkoholowy stosowany od lat w produktach Alpy, kt\u00f3ry dzia\u0142a przeciwb\u00f3lowo i rozgrzewaj\u0105co. Francovka pomaga w szybkim wch\u0142anianiu substancji aktywnych, dzi\u0119ki czemu efekt dzia\u0142ania \u017cywokostu jest jeszcze bardziej intensywny.\u00a0<strong>Alpa francovka<\/strong>\u00a0stanowi doskona\u0142e uzupe\u0142nienie ma\u015bci \u017cywokostowej, wspomagaj\u0105c kr\u0105\u017cenie oraz \u0142agodz\u0105c b\u00f3l i napi\u0119cie mi\u0119\u015bniowe.<\/p>\n<h3><strong>Dzia\u0142anie Alpa Kostival<\/strong><\/h3>\n<p><strong>Alpa Kostival<\/strong>\u00a0to produkt o szerokim spektrum dzia\u0142ania. Dzi\u0119ki kombinacji\u00a0<strong>\u017cywokostu<\/strong>\u00a0i\u00a0<strong>francovki<\/strong>, oferuje:<\/p>\n<ul data-spread=\"false\">\n<li><strong>Regeneracj\u0119 tkanek<\/strong>\u00a0\u2013 wspiera naturalne procesy odbudowy tkanek, co jest szczeg\u00f3lnie przydatne w przypadku st\u0142ucze\u0144, siniak\u00f3w oraz drobnych uraz\u00f3w.<\/li>\n<li><strong>\u0141agodzenie b\u00f3lu staw\u00f3w i mi\u0119\u015bni<\/strong>\u00a0\u2013\u00a0<strong>\u017cywokost<\/strong>\u00a0\u0142agodzi b\u00f3l i przynosi ulg\u0119, a\u00a0<strong>francovka<\/strong>\u00a0dzia\u0142a dodatkowo rozgrzewaj\u0105co.<\/li>\n<li><strong>Popraw\u0119 kr\u0105\u017cenia<\/strong>\u00a0\u2013 obecno\u015b\u0107\u00a0<strong>francovki<\/strong>\u00a0w sk\u0142adzie wspomaga lepsze ukrwienie tkanek, co przyspiesza regeneracj\u0119 oraz redukuje napi\u0119cie mi\u0119\u015bniowe.<\/li>\n<li><strong>Relaksacj\u0119 i odpr\u0119\u017cenie<\/strong>\u00a0\u2013 stosowanie\u00a0<strong>Alpa Kostival<\/strong>\u00a0po ci\u0119\u017ckim dniu pracy lub intensywnym treningu pomaga z\u0142agodzi\u0107 napi\u0119cie i poczu\u0107 ulg\u0119.<\/li>\n<\/ul>\n<h3><strong>Zastosowanie i Spos\u00f3b U\u017cycia<\/strong><\/h3>\n<p><strong>Alpa Kostival<\/strong>\u00a0jest przeznaczony do stosowania miejscowego na sk\u00f3r\u0119. Wystarczy niewielk\u0105 ilo\u015b\u0107 ma\u015bci wmasowa\u0107 w obola\u0142e lub zm\u0119czone miejsce, a\u017c do ca\u0142kowitego wch\u0142oni\u0119cia. Mo\u017cna go stosowa\u0107 kilka razy dziennie, w zale\u017cno\u015bci od potrzeb. Produkt nadaje si\u0119 idealnie do masa\u017cu leczniczego, szczeg\u00f3lnie w przypadku b\u00f3l\u00f3w mi\u0119\u015bniowych po intensywnym wysi\u0142ku fizycznym lub problem\u00f3w reumatycznych. Masa\u017c z u\u017cyciem\u00a0<strong>Alpa francovka<\/strong>\u00a0i \u017cywokostu pomaga w rozlu\u017anieniu mi\u0119\u015bni oraz przywr\u00f3ceniu pe\u0142nej sprawno\u015bci.<\/p>\n<h3><strong>Naturalna Formu\u0142a dla Ka\u017cdego<\/strong><\/h3>\n<p>Produkt\u00a0<strong>Alpa Kostival<\/strong>\u00a0\u0142\u0105czy naturalne sk\u0142adniki, kt\u00f3re s\u0105 bezpieczne i skuteczne. Dzi\u0119ki zawarto\u015bci wyci\u0105gu z\u00a0<strong>\u017cywokostu<\/strong>\u00a0oraz tradycyjnej\u00a0<strong>francovki<\/strong>, Alpa oferuje preparat, kt\u00f3ry jest doceniany przez osoby poszukuj\u0105ce naturalnych metod na \u0142agodzenie b\u00f3lu. Ma\u015b\u0107 jest odpowiednia dla doros\u0142ych, sportowc\u00f3w, a tak\u017ce os\u00f3b starszych, kt\u00f3re cz\u0119sto borykaj\u0105 si\u0119 z dolegliwo\u015bciami reumatycznymi.<\/p>\n<h3><strong>Dlaczego Warto Wybra\u0107 Alpa Kostival?<\/strong><\/h3>\n<ul data-spread=\"false\">\n<li><strong>Wieloletnia tradycja<\/strong>\u00a0\u2013 marka Alpa to synonim jako\u015bci i skuteczno\u015bci od dziesi\u0119cioleci. Dzi\u0119ki sprawdzonym recepturom produkty Alpa ciesz\u0105 si\u0119 uznaniem zar\u00f3wno w\u015br\u00f3d starszego pokolenia, jak i m\u0142odszych u\u017cytkownik\u00f3w.<\/li>\n<li><strong>Skuteczno\u015b\u0107 \u017cywokostu<\/strong>\u00a0\u2013\u00a0<strong>\u017cywokost<\/strong>\u00a0to naturalny spos\u00f3b na regeneracj\u0119, kt\u00f3ry wspomaga leczenie b\u00f3lu i uraz\u00f3w.<\/li>\n<li><strong>\u0141atwo\u015b\u0107 aplikacji<\/strong>\u00a0\u2013\u00a0<strong>Alpa Kostival<\/strong>\u00a0ma wygodn\u0105 formu\u0142\u0119 ma\u015bci, kt\u00f3ra \u0142atwo si\u0119 wch\u0142ania, nie pozostawiaj\u0105c t\u0142ustych \u015blad\u00f3w.<\/li>\n<li><strong>Wszechstronne zastosowanie<\/strong>\u00a0\u2013 produkt doskona\u0142y zar\u00f3wno na b\u00f3le mi\u0119\u015bniowe, reumatyczne, jak i regeneracj\u0119 po urazach.<\/li>\n<\/ul>\n<h3><strong>Podsumowanie<\/strong><\/h3>\n<p><strong>Alpa Kostival 60 ml<\/strong>\u00a0to niezawodny produkt oparty na naturalnych sk\u0142adnikach, kt\u00f3ry \u0142\u0105czy w sobie moc\u00a0<strong>\u017cywokostu<\/strong>\u00a0oraz\u00a0<strong>francovki<\/strong>. To idealne rozwi\u0105zanie na b\u00f3le mi\u0119\u015bni, staw\u00f3w, a tak\u017ce regeneracj\u0119 po wysi\u0142ku fizycznym. Wybieraj\u0105c\u00a0<strong>Alpa Kostival<\/strong>, decydujesz si\u0119 na produkt sprawdzony, efektywny i w pe\u0142ni naturalny, kt\u00f3ry pomo\u017ce Ci odzyska\u0107 komfort i sprawno\u015b\u0107 fizyczn\u0105. Marka Alpa od lat dostarcza skuteczne rozwi\u0105zania, a\u00a0<strong>\u017cywokost<\/strong>\u00a0i\u00a0<strong>francovka<\/strong>\u00a0s\u0105 kluczowymi sk\u0142adnikami, kt\u00f3re zapewniaj\u0105 maksymaln\u0105 skuteczno\u015b\u0107 i szybkie dzia\u0142anie.<\/p>\n<p>Spr\u00f3buj\u00a0<strong>Alpa Kostival<\/strong>\u00a0ju\u017c dzi\u015b i poczuj ulg\u0119, kt\u00f3r\u0105 przynosi natura!<\/p>\n<p>&nbsp;<\/p>\n<p>Produkt nieodpowiedni dla dzieci w wieku poni\u017cej 3 lat. Tylko do u\u017cytku zewn\u0119trznego<\/p>\n","protected":false},"excerpt":{"rendered":"<p>Alpa Kostival 60 ml \u2013 \u017bywokostowa Ma\u015b\u0107 dla Naturalnej Ulgi Alpa Kostival 60 ml\u00a0to wyj\u0105tkowy produkt marki Alpa, oparty na tradycyjnych recepturach, kt\u00f3ry \u0142\u0105czy\u00a0moc \u017cywokostu\u00a0i\u00a0francovki. To doskona\u0142e rozwi\u0105zanie dla os\u00f3b poszukuj\u0105cych naturalnej ulgi przy b\u00f3lach mi\u0119\u015bni, staw\u00f3w oraz zm\u0119czeniu. Alpa od lat cieszy si\u0119 uznaniem dzi\u0119ki swojej wysokiej jako\u015bci oraz skuteczno\u015bci produkt\u00f3w, a\u00a0\u017cywokost\u00a0jest znanym od [&hellip;]<\/p>\n","protected":false},"featured_media":416,"template":"","meta":[],"product_brand":[24],"product_cat":[23],"product_tag":[],"class_list":{"0":"post-415","1":"product","2":"type-product","3":"status-publish","4":"has-post-thumbnail","6":"product_brand-alpa","7":"product_cat-alpa","9":"first","10":"instock","11":"taxable","12":"shipping-taxable","13":"purchasable","14":"product-type-simple"},"_links":{"self":[{"href":"https:\/\/27-215.pl\/index.php\/wp-json\/wp\/v2\/product\/415","targetHints":{"allow":["GET"]}}],"collection":[{"href":"https:\/\/27-215.pl\/index.php\/wp-json\/wp\/v2\/product"}],"about":[{"href":"https:\/\/27-215.pl\/index.php\/wp-json\/wp\/v2\/types\/product"}],"wp:featuredmedia":[{"embeddable":true,"href":"https:\/\/27-215.pl\/index.php\/wp-json\/wp\/v2\/media\/416"}],"wp:attachment":[{"href":"https:\/\/27-215.pl\/index.php\/wp-json\/wp\/v2\/media?parent=415"}],"wp:term":[{"taxonomy":"product_brand","embeddable":true,"href":"https:\/\/27-215.pl\/index.php\/wp-json\/wp\/v2\/product_brand?post=415"},{"taxonomy":"product_cat","embeddable":true,"href":"https:\/\/27-215.pl\/index.php\/wp-json\/wp\/v2\/product_cat?post=415"},{"taxonomy":"product_tag","embeddable":true,"href":"https:\/\/27-215.pl\/index.php\/wp-json\/wp\/v2\/product_tag?post=415"}],"curies":[{"name":"wp","href":"https:\/\/api.w.org\/{rel}","templated":true}]}}