{"id":417,"date":"2025-01-25T11:11:02","date_gmt":"2025-01-25T10:11:02","guid":{"rendered":"https:\/\/www.27-215.pl\/?post_type=product&#038;p=417"},"modified":"2026-04-19T20:00:52","modified_gmt":"2026-04-19T18:00:52","slug":"alpa-francovka-arnika-60-ml","status":"publish","type":"product","link":"https:\/\/27-215.pl\/index.php\/produkt\/alpa-francovka-arnika-60-ml\/","title":{"rendered":"ALPA Francovka arnika 60ml"},"content":{"rendered":"<p><b>Alpa Francovka Arnika<\/b>\u00a0\u2013 to spirytusowa mikstura zio\u0142owa stworzona na bazie wyci\u0105g\u00f3w ro\u015blinnych i olejk\u00f3w eterycznych. Ma\u00a0w\u0142a\u015bciwo\u015bci przeciwb\u00f3lowe, przeciwzapalne oraz regeneruj\u0105ce. Do stosowania na sk\u00f3r\u0119 jako dora\u017ana substancja na\u00a0b\u00f3le mi\u0119\u015bni, plec\u00f3w, staw\u00f3w, a tak\u017ce na\u00a0st\u0142uczenia, nadwyr\u0119\u017cenia i przem\u0119czenie mi\u0119\u015bni. \u00a0U\u017cywana w formie p\u0142ukanki na\u00a0problemy z drogami oddechowymi\u00a0\u2013 mo\u017ce by\u0107 stosowana r\u00f3wnie\u017c profilaktycznie przeciwko\u00a0grypie i przezi\u0119bieniu.\u00a0Charakteryzuje si\u0119 aromatycznym, silnym zapachem \u017cywicy.<\/p>\n<div class=\"_1bo4a _xu6h2 _1ylmp _2d49e_YrWCD\">\n<div class=\"_1voj4 _z9prt _1xzdi _ai5yc _5d6n2 _15lj1\">\n<div class=\"_2d49e_5pK0q\">\n<p><b>Dzia\u0142anie:<\/b>\u00a0Podczas masa\u017cu wspomaga kr\u0105\u017cenie krwi, usuwa zm\u0119czenie po intensywnym wysi\u0142ku fizycznym. \u0141agodzi b\u00f3l i dyskomfort spowodowany reumatycznym zapaleniem staw\u00f3w i mi\u0119\u015bni, rw\u0105 kulszow\u0105, chorobami kr\u0119gos\u0142upa oraz w przypadku obrz\u0119ku n\u00f3g (st\u0142uczenia, opuchlizna, b\u00f3le mi\u0119\u015bniowe). Ma dzia\u0142anie znieczulaj\u0105ce. Dzia\u0142a wspomagaj\u0105co w walce z przezi\u0119bieniem i problemami z g\u00f3rnymi drogami oddechowymi. Dzia\u0142a dezynfekuj\u0105co, zapobiega potliwo\u015bci st\u00f3p.<\/p>\n<p><b>Zastosowanie:<\/b>\u00a0b\u00f3l mi\u0119\u015bni; zapalenie mi\u0119\u015bni; napi\u0119te mi\u0119\u015bnie; \u0142agodzenie skurcz\u00f3w mi\u0119\u015bni; st\u0142uczenia; b\u00f3l kr\u0119gos\u0142upa; napi\u0119ty kr\u0119gos\u0142up; urazy i nadwyr\u0119\u017cenia \u015bci\u0119gien i wi\u0119zade\u0142; reumatyzm; artretyzm; b\u00f3l staw\u00f3w; zapalenie staw\u00f3w; choroby staw\u00f3w; rwa kulszowa; opuchlizna; regeneracja mi\u0119\u015bni po wysi\u0142ku; zakwasy; zapobieganie odle\u017cynom; b\u00f3l z\u0119b\u00f3w; b\u00f3l g\u0142owy; przezi\u0119bienie i grypa; problemy z drogami oddechowymi; krwiaki; potliwo\u015b\u0107 st\u00f3p<\/p>\n<p><b>Spos\u00f3b u\u017cycia i przeciwwskazania:<\/b>\u00a0W przypadku u\u017cytku zewn\u0119trznego, stosowa\u0107 w postaci ok\u0142ad\u00f3w (w formie rozcie\u0144czonej) b\u0105d\u017a do masa\u017cu miejscowego na obola\u0142e miejsca. W przypadku stosowania w leczeniu przezi\u0119bienia, grypy i dolegliwo\u015bci oddechowych nale\u017cy wykona\u0107 roztw\u00f3r do p\u0142ukania gard\u0142a \u2013 1 \u0142y\u017ceczka preparatu na szklank\u0119 ciep\u0142ej wody. Stosowa\u0107 na bol\u0105ce miejsca kilka razy dziennie. Produkt nieodpowiedni dla dzieci w wieku poni\u017cej 3 lat.\u00a0Data wa\u017cno\u015bci znajduje si\u0119 na opakowaniu.<\/p>\n<\/div>\n<\/div>\n<\/div>\n<div class=\"_1bo4a _xu6h2 _1ylmp _2d49e_YrWCD\">\n<div class=\"_1voj4 _z9prt _1xzdi _ai5yc _5d6n2 _15lj1\">\n<div class=\"_2d49e_5pK0q\">\n<p><b>Sk\u0142adniki aktywne:<\/b><\/p>\n<ul>\n<li><b>arnika<\/b>\u00a0\u2013 w\u00a0sk\u0142ad arniki wchodz\u0105 flawonoidy, saponiny, olejki eteryczne, garbniki, karotenoidy oraz tymol. Ma ona w\u0142a\u015bciwo\u015bci przeciwzapalne, przeciwreumatyczne, wzmacniaj\u0105ce, bakteriob\u00f3jcze i przeciwwirusowe. Ro\u015blina ta \u0142agodzi r\u00f3wnie\u017c r\u00f3\u017cnego rodzaju b\u00f3le, w tym nerwob\u00f3le, poprawia wydolno\u015b\u0107 serca i kr\u0105\u017cenie krwi. Ponadto arnika ma dzia\u0142anie uszczelniaj\u0105ce naczynia krwiono\u015bne \u2013 zapobiega powstawaniu wylew\u00f3w podsk\u00f3rnych, zakrzep\u00f3w i obrz\u0119k\u00f3w. Arnik\u0119 stosuje si\u0119 pomocniczo w st\u0142uczeniach, szczeg\u00f3lnie przy wyst\u0105pieniu siniak\u00f3w, w przypadku skr\u0119ce\u0144 ko\u0144czyn z obrz\u0119kiem pourazowym, a tak\u017ce w leczeniu dolegliwo\u015bci zwi\u0105zanych ze schorzeniami reumatycznymi.<\/li>\n<li><b>mentol<\/b>\u00a0\u2013 ma dzia\u0142anie przeciwb\u00f3lowe oraz antyseptyczne; obni\u017ca wra\u017cliwo\u015b\u0107 nerw\u00f3w czuciowych, czego efektem jest zjawisko miejscowego znieczulenia; ma dzia\u0142anie ch\u0142odz\u0105ce powoduj\u0105ce zmniejszenie przep\u0142ywu krwi oraz zapotrzebowanie metaboliczne, co wp\u0142ywa na z\u0142agodzenie obecnych na ciele stan\u00f3w zapalnych oraz obrz\u0119k\u00f3w<\/li>\n<li><b>alkohol<\/b>\u00a0\u2013 silnie dezynfekuje i zapobiegaj\u0105 rozwojowi bakterii<\/li>\n<\/ul>\n<p><b>Pojemno\u015b\u0107:<\/b>\u00a060 ml<\/p>\n<\/div>\n<\/div>\n<\/div>\n","protected":false},"excerpt":{"rendered":"<p>Alpa Francovka Arnika\u00a0\u2013 to spirytusowa mikstura zio\u0142owa stworzona na bazie wyci\u0105g\u00f3w ro\u015blinnych i olejk\u00f3w eterycznych. Ma\u00a0w\u0142a\u015bciwo\u015bci przeciwb\u00f3lowe, przeciwzapalne oraz regeneruj\u0105ce. Do stosowania na sk\u00f3r\u0119 jako dora\u017ana substancja na\u00a0b\u00f3le mi\u0119\u015bni, plec\u00f3w, staw\u00f3w, a tak\u017ce na\u00a0st\u0142uczenia, nadwyr\u0119\u017cenia i przem\u0119czenie mi\u0119\u015bni. \u00a0U\u017cywana w formie p\u0142ukanki na\u00a0problemy z drogami oddechowymi\u00a0\u2013 mo\u017ce by\u0107 stosowana r\u00f3wnie\u017c profilaktycznie przeciwko\u00a0grypie i przezi\u0119bieniu.\u00a0Charakteryzuje si\u0119 [&hellip;]<\/p>\n","protected":false},"featured_media":418,"template":"","meta":[],"product_brand":[24],"product_cat":[23],"product_tag":[],"class_list":{"0":"post-417","1":"product","2":"type-product","3":"status-publish","4":"has-post-thumbnail","6":"product_brand-alpa","7":"product_cat-alpa","9":"first","10":"instock","11":"taxable","12":"shipping-taxable","13":"purchasable","14":"product-type-simple"},"_links":{"self":[{"href":"https:\/\/27-215.pl\/index.php\/wp-json\/wp\/v2\/product\/417","targetHints":{"allow":["GET"]}}],"collection":[{"href":"https:\/\/27-215.pl\/index.php\/wp-json\/wp\/v2\/product"}],"about":[{"href":"https:\/\/27-215.pl\/index.php\/wp-json\/wp\/v2\/types\/product"}],"wp:featuredmedia":[{"embeddable":true,"href":"https:\/\/27-215.pl\/index.php\/wp-json\/wp\/v2\/media\/418"}],"wp:attachment":[{"href":"https:\/\/27-215.pl\/index.php\/wp-json\/wp\/v2\/media?parent=417"}],"wp:term":[{"taxonomy":"product_brand","embeddable":true,"href":"https:\/\/27-215.pl\/index.php\/wp-json\/wp\/v2\/product_brand?post=417"},{"taxonomy":"product_cat","embeddable":true,"href":"https:\/\/27-215.pl\/index.php\/wp-json\/wp\/v2\/product_cat?post=417"},{"taxonomy":"product_tag","embeddable":true,"href":"https:\/\/27-215.pl\/index.php\/wp-json\/wp\/v2\/product_tag?post=417"}],"curies":[{"name":"wp","href":"https:\/\/api.w.org\/{rel}","templated":true}]}}