{"id":422,"date":"2025-01-25T11:12:37","date_gmt":"2025-01-25T10:12:37","guid":{"rendered":"https:\/\/www.27-215.pl\/?post_type=product&#038;p=422"},"modified":"2026-04-04T08:47:56","modified_gmt":"2026-04-04T06:47:56","slug":"alpa-francovka-konopna-160ml","status":"publish","type":"product","link":"https:\/\/27-215.pl\/index.php\/produkt\/alpa-francovka-konopna-160ml\/","title":{"rendered":"Alpa Francovka konopna 160ml"},"content":{"rendered":"<div id=\"pg-5663-0\" class=\"panel-grid panel-has-style\">\n<div id=\"services\" class=\"panel-row-style panel-row-style-for-5663-0\">\n<div id=\"pgc-5663-0-0\" class=\"panel-grid-cell\">\n<div id=\"panel-5663-0-0-0\" class=\"so-panel widget widget_sow-headline panel-first-child\" data-index=\"0\">\n<div class=\"so-widget-sow-headline so-widget-sow-headline-default-bf200031221e\">\n<div class=\"sow-headline-container \">\n<p class=\"sow-headline\"><strong>Alpa Francovka konopna<\/strong><\/p>\n<p class=\"sow-sub-headline\">To produkt z naturalnym mentolem i ekstraktem z konopi (Cannabis Sativa L). Ro\u015blina ta wykazuje silne\u00a0<strong>w\u0142a\u015bciwo\u015bci regeneruj\u0105ce, odpr\u0119\u017caj\u0105ce i od\u015bwie\u017caj\u0105ce.<\/strong>\u00a0Mentol w sk\u0142adzie produktu daje bardzo przyjemny efekt ch\u0142odzenia podczas nacierania. Substancje czynne zawarte w Alpie maj\u0105 silne dzia\u0142anie dezynfekuj\u0105ce i antyseptyczne.<\/p>\n<\/div>\n<\/div>\n<\/div>\n<div id=\"panel-5663-0-0-1\" class=\"so-panel widget widget_sow-headline\" data-index=\"1\">\n<div class=\"so-widget-sow-headline so-widget-sow-headline-default-bf200031221e\">\n<div class=\"sow-headline-container \">\n<p class=\"sow-headline\"><strong>Do czego stosowa\u0107 ALP\u0118?<\/strong><\/p>\n<p class=\"sow-sub-headline\">Dora\u017anie stosuje si\u0119\u00a0<strong>w r\u00f3\u017cnego rodzaju b\u00f3lach.<\/strong>\u00a0U\u017cywana do masa\u017cu usuwa zm\u0119czenie po du\u017cym wysi\u0142ku fizycznym np. u os\u00f3b uprawiaj\u0105cych sport. Mo\u017ce by\u0107 stosowana r\u00f3wnie\u017c do piel\u0119gnacji os\u00f3b ob\u0142o\u017cnie chorych \u2013 nale\u017cy naciera\u0107 wra\u017cliwe miejsca preparatem Alpa Franc\u00f3wka, co skutecznie chroni przed odle\u017cynami. Stosowana tak\u017ce do higieny jamy ustnej.<\/p>\n<\/div>\n<\/div>\n<\/div>\n<div id=\"panel-5663-0-0-2\" class=\"so-panel widget widget_sow-headline\" data-index=\"2\">\n<div class=\"so-widget-sow-headline so-widget-sow-headline-default-bf200031221e\">\n<h2 class=\"sow-headline-container \"><b>Zastosowanie:<\/b><\/h2>\n<\/div>\n<\/div>\n<div id=\"panel-5663-0-0-3\" class=\"so-panel widget widget_sow-features\" data-index=\"3\">\n<div class=\"panel-widget-style panel-widget-style-for-5663-0-0-3\">\n<div class=\"so-widget-sow-features so-widget-sow-features-default-6cbe90c45447\">\n<div class=\"sow-features-list sow-features-responsive\">\n<div class=\"sow-features-feature sow-icon-container-position-top \">\n<div class=\"textwidget\">\n<ul>\n<li><strong>Zmniejsza b\u00f3le mi\u0119\u015bni i reumatyczny b\u00f3l staw\u00f3w<\/strong>.<br \/>\n<strong>\u0141agodzi b\u00f3l<\/strong>\u00a0i dyskomfort z powodu reumatycznego zapalenia staw\u00f3w i mi\u0119\u015bni, oraz w przypadku reumatyzmu.<\/li>\n<li><strong>Jako profilaktyka w przezi\u0119bieniu<br \/>\n<\/strong><strong>Przy przezi\u0119bieniu i grypie<\/strong>\u00a0\u2013 umie\u015bci\u0107 kilka kropli ALPA francovka w ciep\u0142ej wodzie i p\u0142ucz gard\u0142o.<\/li>\n<li><strong>Do inhalacji dr\u00f3g oddechowych<br \/>\n<\/strong><strong>Na drogi oddechowe<\/strong>\u00a0\u2013 wdychanie olej\u00f3w z ALPA francovka \u0142agodzi kaszel, katar, gryp\u0119, przezi\u0119bienie i oddechowe problemy.<\/li>\n<li><strong>Pomaga zwalczy\u0107 zm\u0119czenie i nadwyr\u0119\u017cenie<\/strong><\/li>\n<li><strong>\u0141agodzi zm\u0119czenie<\/strong>\u00a0cia\u0142a po intensywnym wysi\u0142ku fizycznym.<\/li>\n<li><strong>Do k\u0105pieli<br \/>\n<\/strong>Jako dodatek do orze\u017awiaj\u0105cej i pachn\u0105cej<strong>\u00a0k\u0105pieli<\/strong><\/li>\n<li><strong>Dezynfekcja<br \/>\n<\/strong>Do dezynfekcji drobnych ran, zadrapa\u0144 ,na krwiaka, zwichni\u0119cia i st\u0142uczenia \u2013 wciera\u0107 w sk\u00f3r\u0119 w obszarach dotkni\u0119tych b\u00f3lem<\/li>\n<li><strong>Zapobiega wyst\u0119powaniu odle\u017cyn<br \/>\n<\/strong>Przy piel\u0119gnacji os\u00f3b ob\u0142o\u017cnie chorych jako\u00a0<strong>pomoc w zapobieganiu odle\u017cynom<\/strong><\/li>\n<li><strong>Spocone stopy<br \/>\n<\/strong>Na spocone stopy \u2013 moczy\u0107 nogi w roztworze ciep\u0142ej wody i ALPA francovka<\/li>\n<li><strong>Na b\u00f3le g\u0142owy<br \/>\n<\/strong>B\u00f3le g\u0142owy \u2013 natrze\u0107 kilka kropel francovka Alpa w ty\u0142u g\u0142owy lub w skronie, w przypadku wielkiego b\u00f3lu u\u017cy\u0107 kompresu<\/li>\n<li><strong>B\u00f3l z\u0119ba<br \/>\n<\/strong>Na b\u00f3l z\u0119b\u00f3w \u2013 umie\u015bci\u0107 kilka kropli ALPA francovka na wat\u0119 i przy\u0142o\u017cy\u0107 do bol\u0105cego z\u0119ba<\/li>\n<li><strong>Tonik do sk\u00f3ry<br \/>\n<\/strong>Jako tonik do sk\u00f3ry (w formie rozcie\u0144czonej), do usuwania resztek makija\u017cu, pudr\u00f3w i krem\u00f3w, do oczyszczania sk\u00f3ry<\/li>\n<li><strong>Do masa\u017cu<br \/>\n<\/strong>W przypadku reumatycznym b\u00f3lu mi\u0119\u015bni oraz przy fizycznych nadwyr\u0119\u017ceniach<\/li>\n<\/ul>\n<\/div>\n<\/div>\n<div class=\"sow-features-feature sow-icon-container-position-top \">\n<div class=\"textwidget\"><\/div>\n<\/div>\n<\/div>\n<\/div>\n<\/div>\n<\/div>\n<div id=\"panel-5663-0-0-4\" class=\"so-panel widget widget_sow-headline\" data-index=\"4\">\n<div class=\"so-widget-sow-headline so-widget-sow-headline-default-de6e560838ad\">\n<div class=\"sow-headline-container \">\n<p class=\"sow-sub-headline\"><b>Spos\u00f3b u\u017cycia: naciera\u0107 bol\u0105ce miejsca kilka razy dziennie.<\/b><\/p>\n<\/div>\n<\/div>\n<\/div>\n<div id=\"panel-5663-0-0-5\" class=\"so-panel widget widget_sow-headline panel-last-child\" data-index=\"5\">\n<div class=\"so-widget-sow-headline so-widget-sow-headline-default-de6e560838ad\">\n<div class=\"sow-headline-container \">\n<p class=\"sow-sub-headline\">ALPA produkuje preparaty pochodzenia naturalnego, wykorzystywane s\u0105 w leczeniu ludzi od ponad 100 lat! Produkty s\u0105 stosowane w ponad 30 krajach \u015bwiata \u2013 ciesz\u0105 si\u0119 du\u017c\u0105 popularno\u015bci\u0105 i uznaniem, sprzedawane s\u0105 jako wyroby kosmetyczne.<\/p>\n<\/div>\n<\/div>\n<\/div>\n<\/div>\n<\/div>\n<\/div>\n<div id=\"pg-5663-2\" class=\"panel-grid panel-has-style\">\n<div id=\"testimonials\" class=\"panel-row-style panel-row-style-for-5663-2\">\n<div id=\"pgc-5663-2-0\" class=\"panel-grid-cell\">\n<div id=\"panel-5663-2-0-0\" class=\"so-panel widget widget_sow-headline panel-first-child\" data-index=\"8\">\n<div class=\"so-widget-sow-headline so-widget-sow-headline-default-c237397ad041\">\n<div class=\"sow-headline-container \">\n<p class=\"sow-sub-headline\">Alpa francovka to produkt na bazie alkoholu, naturalnych olejk\u00f3w eterycznych i ich substancji (mentol, linalol, nerol, itp.), ale tak\u017ce zawiera ekstrakty aromatyczne.<\/p>\n<\/div>\n<\/div>\n<\/div>\n<div id=\"panel-5663-2-0-1\" class=\"so-panel widget widget_sow-headline panel-last-child\" data-index=\"9\">\n<div class=\"so-widget-sow-headline so-widget-sow-headline-default-c237397ad041\">\n<div class=\"sow-headline-container \">\n<p class=\"sow-sub-headline\">Nie dla dzieci do 3 r. \u017cycia<\/p>\n<\/div>\n<\/div>\n<\/div>\n<\/div>\n<\/div>\n<\/div>\n","protected":false},"excerpt":{"rendered":"<p>Alpa Francovka konopna To produkt z naturalnym mentolem i ekstraktem z konopi (Cannabis Sativa L). Ro\u015blina ta wykazuje silne\u00a0w\u0142a\u015bciwo\u015bci regeneruj\u0105ce, odpr\u0119\u017caj\u0105ce i od\u015bwie\u017caj\u0105ce.\u00a0Mentol w sk\u0142adzie produktu daje bardzo przyjemny efekt ch\u0142odzenia podczas nacierania. Substancje czynne zawarte w Alpie maj\u0105 silne dzia\u0142anie dezynfekuj\u0105ce i antyseptyczne. Do czego stosowa\u0107 ALP\u0118? Dora\u017anie stosuje si\u0119\u00a0w r\u00f3\u017cnego rodzaju b\u00f3lach.\u00a0U\u017cywana do [&hellip;]<\/p>\n","protected":false},"featured_media":423,"template":"","meta":[],"product_brand":[24],"product_cat":[23],"product_tag":[],"class_list":{"0":"post-422","1":"product","2":"type-product","3":"status-publish","4":"has-post-thumbnail","6":"product_brand-alpa","7":"product_cat-alpa","9":"first","10":"outofstock","11":"taxable","12":"shipping-taxable","13":"purchasable","14":"product-type-simple"},"_links":{"self":[{"href":"https:\/\/27-215.pl\/index.php\/wp-json\/wp\/v2\/product\/422","targetHints":{"allow":["GET"]}}],"collection":[{"href":"https:\/\/27-215.pl\/index.php\/wp-json\/wp\/v2\/product"}],"about":[{"href":"https:\/\/27-215.pl\/index.php\/wp-json\/wp\/v2\/types\/product"}],"wp:featuredmedia":[{"embeddable":true,"href":"https:\/\/27-215.pl\/index.php\/wp-json\/wp\/v2\/media\/423"}],"wp:attachment":[{"href":"https:\/\/27-215.pl\/index.php\/wp-json\/wp\/v2\/media?parent=422"}],"wp:term":[{"taxonomy":"product_brand","embeddable":true,"href":"https:\/\/27-215.pl\/index.php\/wp-json\/wp\/v2\/product_brand?post=422"},{"taxonomy":"product_cat","embeddable":true,"href":"https:\/\/27-215.pl\/index.php\/wp-json\/wp\/v2\/product_cat?post=422"},{"taxonomy":"product_tag","embeddable":true,"href":"https:\/\/27-215.pl\/index.php\/wp-json\/wp\/v2\/product_tag?post=422"}],"curies":[{"name":"wp","href":"https:\/\/api.w.org\/{rel}","templated":true}]}}