{"id":430,"date":"2025-01-25T14:22:55","date_gmt":"2025-01-25T13:22:55","guid":{"rendered":"https:\/\/www.27-215.pl\/?post_type=product&#038;p=430"},"modified":"2026-04-04T08:48:03","modified_gmt":"2026-04-04T06:48:03","slug":"palacio-sol-do-kapieli-z-olejem-konopnym-1200g","status":"publish","type":"product","link":"https:\/\/27-215.pl\/index.php\/produkt\/palacio-sol-do-kapieli-z-olejem-konopnym-1200g\/","title":{"rendered":"Palacio S\u00f3l do k\u0105pieli z olejem konopnym 1200g"},"content":{"rendered":"<h2>Palacio Cannabis &#8211; S\u00f3l do k\u0105pieli z olejem konopnym 1200 g<\/h2>\n<p><strong>S\u00f3l do k\u0105pieli\u00a0Palacio\u00a0Cannabis<\/strong>\u00a0z naturalnym olejem konopnym.<br \/>\n<strong>Zawiera 99.9% sk\u0142adnik\u00f3w pochodzenia naturalnego.<\/strong><br \/>\nUnikalna kompozycja soli do k\u0105pieli z olejem z nasion konopi (Cannabis Sativa Seed Oil) t\u0142oczonym na zimno.<br \/>\nS\u00f3l do k\u0105pieli\u00a0Palacio Cannabis\u00a0w naturalny spos\u00f3b od\u015bwie\u017ca i rewitalizuje sk\u00f3r\u0119 oraz pomaga usun\u0105\u0107 oznaki zm\u0119czenia i stresu.<br \/>\nOlej konopny polecany jest do wszystkich rodzaj\u00f3w sk\u00f3ry, znany jest z szerokiego spektrum dzia\u0142ania i skuteczno\u015bci.<br \/>\nPoprawia jako\u015b\u0107 sk\u00f3ry nadwra\u017cliwej i sk\u0142onnej do wysuszenia, dzia\u0142a zmi\u0119kczaj\u0105co i od\u017cywczo oraz zmniejsza ryzyko p\u0119kania.<\/p>\n<h3>Cechy soli Palacio Cannabis:<\/h3>\n<ul>\n<li>relaksuje i regeneruje<\/li>\n<li>usuwa oznaki zm\u0119czenia<\/li>\n<li>dzia\u0142a zmi\u0119kczaj\u0105co na sk\u00f3r\u0119<\/li>\n<li>pomaga w og\u00f3lnej regeneracji organizmu<\/li>\n<li>uspokaja zm\u0119czony umys\u0142<\/li>\n<li>testowany dermatologicznie<\/li>\n<\/ul>\n<p><strong>Jak u\u017cywa\u0107:<\/strong><\/p>\n<ul>\n<li>Dodaj 1 do 2 gar\u015bci soli do ciep\u0142ej k\u0105pieli, aby zrelaksowa\u0107 si\u0119 i zregenerowa\u0107 organizm.<\/li>\n<li>Dodaj 1 gar\u015b\u0107 do miski z ciep\u0142\u0105 wod\u0105, aby zmi\u0119kczy\u0107 zrogowacia\u0142\u0105 sk\u00f3r\u0119 st\u00f3p.<\/li>\n<li>Zalecany czas k\u0105pieli to oko\u0142o 20 min.<\/li>\n<\/ul>\n<p><strong>Sk\u0142ad:<\/strong><\/p>\n<ul>\n<li>99,9% pochodzenia naturalnego w tym:<\/li>\n<li>olej konopny<\/li>\n<li>s\u00f3l<\/li>\n<li>substancja zapachowa<\/li>\n<\/ul>\n<p><strong>Opakowanie: 1200 g<\/strong><\/p>\n","protected":false},"excerpt":{"rendered":"<p>Palacio Cannabis &#8211; S\u00f3l do k\u0105pieli z olejem konopnym 1200 g S\u00f3l do k\u0105pieli\u00a0Palacio\u00a0Cannabis\u00a0z naturalnym olejem konopnym. Zawiera 99.9% sk\u0142adnik\u00f3w pochodzenia naturalnego. Unikalna kompozycja soli do k\u0105pieli z olejem z nasion konopi (Cannabis Sativa Seed Oil) t\u0142oczonym na zimno. S\u00f3l do k\u0105pieli\u00a0Palacio Cannabis\u00a0w naturalny spos\u00f3b od\u015bwie\u017ca i rewitalizuje sk\u00f3r\u0119 oraz pomaga usun\u0105\u0107 oznaki zm\u0119czenia i [&hellip;]<\/p>\n","protected":false},"featured_media":431,"template":"","meta":[],"product_brand":[22],"product_cat":[21],"product_tag":[],"class_list":{"0":"post-430","1":"product","2":"type-product","3":"status-publish","4":"has-post-thumbnail","6":"product_brand-palacio","7":"product_cat-palacio","9":"first","10":"outofstock","11":"taxable","12":"shipping-taxable","13":"purchasable","14":"product-type-simple"},"_links":{"self":[{"href":"https:\/\/27-215.pl\/index.php\/wp-json\/wp\/v2\/product\/430","targetHints":{"allow":["GET"]}}],"collection":[{"href":"https:\/\/27-215.pl\/index.php\/wp-json\/wp\/v2\/product"}],"about":[{"href":"https:\/\/27-215.pl\/index.php\/wp-json\/wp\/v2\/types\/product"}],"wp:featuredmedia":[{"embeddable":true,"href":"https:\/\/27-215.pl\/index.php\/wp-json\/wp\/v2\/media\/431"}],"wp:attachment":[{"href":"https:\/\/27-215.pl\/index.php\/wp-json\/wp\/v2\/media?parent=430"}],"wp:term":[{"taxonomy":"product_brand","embeddable":true,"href":"https:\/\/27-215.pl\/index.php\/wp-json\/wp\/v2\/product_brand?post=430"},{"taxonomy":"product_cat","embeddable":true,"href":"https:\/\/27-215.pl\/index.php\/wp-json\/wp\/v2\/product_cat?post=430"},{"taxonomy":"product_tag","embeddable":true,"href":"https:\/\/27-215.pl\/index.php\/wp-json\/wp\/v2\/product_tag?post=430"}],"curies":[{"name":"wp","href":"https:\/\/api.w.org\/{rel}","templated":true}]}}