{"id":434,"date":"2025-01-25T14:40:25","date_gmt":"2025-01-25T13:40:25","guid":{"rendered":"https:\/\/www.27-215.pl\/?post_type=product&#038;p=434"},"modified":"2026-04-04T08:48:00","modified_gmt":"2026-04-04T06:48:00","slug":"palacio-konopny-szampon-z-pokrzywa-500ml","status":"publish","type":"product","link":"https:\/\/27-215.pl\/index.php\/produkt\/palacio-konopny-szampon-z-pokrzywa-500ml\/","title":{"rendered":"Palacio Konopny szampon z pokrzyw\u0105 500ml"},"content":{"rendered":"<h2>Palacio Cannabis &#8211; Szampon do w\u0142os\u00f3w z pokrzyw\u0105 500 ml<\/h2>\n<p><strong>Szampon\u00a0Palacio\u00a0Cannabis<\/strong>\u00a0z olejem z nasion konopi oraz z ekstraktem z pokrzywy zwyczajnej.<br \/>\n<strong>Przeznaczony do wszystkich rodzaj\u00f3w w\u0142os\u00f3w.<\/strong><br \/>\nPomaga przywr\u00f3ci\u0107 naturaln\u0105 r\u00f3wnowag\u0119 sk\u00f3ry g\u0142owy.<br \/>\nSzampon\u00a0Palacio Cannabis\u00a0zawiera wysokiej jako\u015bci\u00a0<strong>olej konopny t\u0142oczony na zimno (Cannabis Sativa L., Angiospermae).<\/strong><br \/>\nOlej konopny polecany jest do wszystkich rodzaj\u00f3w sk\u00f3ry &#8211; r\u00f3wnie\u017c do problematycznej.<br \/>\nZawarty w szamponie Palacio Cannabis ekstrakt z pokrzywy pomaga redukowa\u0107 nadmiar sebum oraz skutecznie oczyszcza przet\u0142uszczaj\u0105ce si\u0119 w\u0142osy oraz sk\u00f3r\u0119 g\u0142owy.<br \/>\nUnikalna kombinacja ekstrakt\u00f3w ro\u015blinnych dok\u0142adnie myje i przywraca w\u0142osom naturalne pi\u0119kno.<\/p>\n<p><strong>Cechy:<\/strong><\/p>\n<ul>\n<li>przeznaczony do wszystkich typ\u00f3w w\u0142os\u00f3w<\/li>\n<li>ekstrakt z pokrzywy pomaga zmniejszy\u0107 wydzielanie sebum<\/li>\n<li>skutecznie oczyszcza przet\u0142uszczaj\u0105ce si\u0119 w\u0142osy i sk\u00f3r\u0119 g\u0142owy<\/li>\n<li>pomaga przywr\u00f3ci\u0107 naturaln\u0105 r\u00f3wnowag\u0119 sk\u00f3ry g\u0142owy<\/li>\n<li>pozostawia w\u0142osy lekkie i puszyste<\/li>\n<li>delikatny, \u015bwie\u017cy zapach<\/li>\n<\/ul>\n<p><strong>Sk\u0142adniki:<\/strong><\/p>\n<ul>\n<li>olej konopny<\/li>\n<li>\u0142agodne \u015brodki myj\u0105ce<\/li>\n<li>ekstrakt z pokrzywy<\/li>\n<li>ekstrakt z nagietka rumianku, sza\u0142wii, brzozy<\/li>\n<li>substancja zapachowa<\/li>\n<\/ul>\n<p><strong>Opakowanie: 500 ml<\/strong><\/p>\n","protected":false},"excerpt":{"rendered":"<p>Palacio Cannabis &#8211; Szampon do w\u0142os\u00f3w z pokrzyw\u0105 500 ml Szampon\u00a0Palacio\u00a0Cannabis\u00a0z olejem z nasion konopi oraz z ekstraktem z pokrzywy zwyczajnej. Przeznaczony do wszystkich rodzaj\u00f3w w\u0142os\u00f3w. Pomaga przywr\u00f3ci\u0107 naturaln\u0105 r\u00f3wnowag\u0119 sk\u00f3ry g\u0142owy. Szampon\u00a0Palacio Cannabis\u00a0zawiera wysokiej jako\u015bci\u00a0olej konopny t\u0142oczony na zimno (Cannabis Sativa L., Angiospermae). Olej konopny polecany jest do wszystkich rodzaj\u00f3w sk\u00f3ry &#8211; r\u00f3wnie\u017c do [&hellip;]<\/p>\n","protected":false},"featured_media":435,"template":"","meta":[],"product_brand":[22],"product_cat":[21],"product_tag":[],"class_list":{"0":"post-434","1":"product","2":"type-product","3":"status-publish","4":"has-post-thumbnail","6":"product_brand-palacio","7":"product_cat-palacio","9":"first","10":"instock","11":"taxable","12":"shipping-taxable","13":"purchasable","14":"product-type-simple"},"_links":{"self":[{"href":"https:\/\/27-215.pl\/index.php\/wp-json\/wp\/v2\/product\/434","targetHints":{"allow":["GET"]}}],"collection":[{"href":"https:\/\/27-215.pl\/index.php\/wp-json\/wp\/v2\/product"}],"about":[{"href":"https:\/\/27-215.pl\/index.php\/wp-json\/wp\/v2\/types\/product"}],"wp:featuredmedia":[{"embeddable":true,"href":"https:\/\/27-215.pl\/index.php\/wp-json\/wp\/v2\/media\/435"}],"wp:attachment":[{"href":"https:\/\/27-215.pl\/index.php\/wp-json\/wp\/v2\/media?parent=434"}],"wp:term":[{"taxonomy":"product_brand","embeddable":true,"href":"https:\/\/27-215.pl\/index.php\/wp-json\/wp\/v2\/product_brand?post=434"},{"taxonomy":"product_cat","embeddable":true,"href":"https:\/\/27-215.pl\/index.php\/wp-json\/wp\/v2\/product_cat?post=434"},{"taxonomy":"product_tag","embeddable":true,"href":"https:\/\/27-215.pl\/index.php\/wp-json\/wp\/v2\/product_tag?post=434"}],"curies":[{"name":"wp","href":"https:\/\/api.w.org\/{rel}","templated":true}]}}