{"id":442,"date":"2025-01-25T15:36:28","date_gmt":"2025-01-25T14:36:28","guid":{"rendered":"https:\/\/www.27-215.pl\/?post_type=product&#038;p=442"},"modified":"2026-04-04T08:47:59","modified_gmt":"2026-04-04T06:47:59","slug":"alpa-konopny-balsam-na-bol-stawow","status":"publish","type":"product","link":"https:\/\/27-215.pl\/index.php\/produkt\/alpa-konopny-balsam-na-bol-stawow\/","title":{"rendered":"Alpa Konopny balsam na b\u00f3l staw\u00f3w"},"content":{"rendered":"<section class=\"section\">\n<div class=\"item item-6\">\n<section class=\"text-item\">Konopny balsam jest preparatem zio\u0142owym z dodatkiem wysokiej jako\u015bci oleju konopnego, przeznaczonym do odpr\u0119\u017caj\u0105cego i regeneruj\u0105cego masa\u017cu mi\u0119\u015bni, \u015bci\u0119gien, staw\u00f3w i kr\u0119gos\u0142upa. Dzi\u0119ki swoim w\u0142a\u015bciwo\u015bciom pobudza kr\u0105\u017cenie w masowanych partiach cia\u0142a, przynosz\u0105c szybk\u0105 i d\u0142ugotrwa\u0142\u0105 ulg\u0119. Jest nieocenionym preparatem dla os\u00f3b starszych, pracuj\u0105cych fizycznie i sportowc\u00f3w.<\/section>\n<\/div>\n<div class=\"item item-6\">\n<section><\/section>\n<section class=\"image-item\"><b>\u2705 W\u0142a\u015bciwo\u015bci:<\/b><\/section>\n<\/div>\n<\/section>\n<section class=\"section\">\n<div class=\"item item-12\">\n<section class=\"text-item\">\u2796 rozlu\u017ania skurcze mi\u0119\u015bni oraz wspomaga regeneracj\u0119 posiniaczonej sk\u00f3ry i naci\u0105gni\u0119tych mi\u0119\u015bni- bezpo\u015brednio po aplikacji przyjemnie ch\u0142odzi i relaksuje sk\u00f3r\u0119, co zawdzi\u0119cza obecno\u015bci mi\u0119towego olejku\u2796 olej z konopi t\u0142oczony na zimno dzia\u0142a przeciwzapalnie i regeneruj\u0105co w przypadku przewlek\u0142ych problem\u00f3w sk\u00f3rnych<\/p>\n<p>\u2796 dzia\u0142a korzystnie w przypadku objaw\u00f3w \u0142uszczycy i atopowego zapalenia sk\u00f3ry<\/p>\n<p>\u2796 jest to wyj\u0105tkowo skuteczny preparat przeznaczony do przeciwb\u00f3lowego i odpr\u0119\u017caj\u0105cego masa\u017cu cia\u0142a w przypadku przewlek\u0142ej choroby staw\u00f3w mi\u0119\u015bni, \u015bci\u0119gien i wi\u0119zade\u0142 oraz w b\u00f3lu plec\u00f3w i obrz\u0119ku r\u0105k lub n\u00f3g<\/p>\n<\/section>\n<\/div>\n<\/section>\n<section class=\"section\">\n<div class=\"item item-12\">\n<section><\/section>\n<section class=\"text-item\"><b>\u2705 Wyj\u0105tkowe sk\u0142adniki w balsamie Alpa:<\/b>&#8211; olej konopny jest bogaty w niezb\u0119dne nienasycone kwasy t\u0142uszczowe, witaminy A, B1, B2, B6, C i E\u2796 ma silne dzia\u0142anie bakteriob\u00f3jcze<\/p>\n<p>\u2796 jest to r\u00f3wnie\u017c wa\u017cne \u017ar\u00f3d\u0142o minera\u0142\u00f3w takich jak: wap\u0144, s\u00f3d, fosfor, magnez, potas, \u017celazo, mangan, cynk, krzem i platyna<\/p>\n<p>\u2796 mentol zawarty w balsamie przynosi przyjemne, ch\u0142odne uczucie<\/p>\n<\/section>\n<\/div>\n<\/section>\n<section class=\"section\">\n<div class=\"item item-12\">\n<section><\/section>\n<section class=\"text-item\"><b>\u2705 Zastosowanie:<\/b>&#8211; stosowany przy zapaleniu staw\u00f3w, reumatyzmie, rwie kulszowej i opuchli\u017anie\u2796 b\u00f3lach mi\u0119\u015bni i staw\u00f3w<\/p>\n<p>\u2796 jest te\u017c stosowany mi\u0119dzy innymi w leczeniu atopowego zapalenia sk\u00f3ry i innych przewlek\u0142ych chor\u00f3b sk\u00f3ry<\/p>\n<p>\u2796 chroni sk\u00f3r\u0119 przed wysuszeniem i ma dzia\u0142anie przeciwzmarszczkowe<\/p>\n<\/section>\n<\/div>\n<\/section>\n<section class=\"section\">\n<div class=\"item item-12\">\n<section><\/section>\n<section class=\"text-item\"><b>Opakowanie:<\/b>\u00a0250ml<\/section>\n<\/div>\n<\/section>\n","protected":false},"excerpt":{"rendered":"<p>Konopny balsam jest preparatem zio\u0142owym z dodatkiem wysokiej jako\u015bci oleju konopnego, przeznaczonym do odpr\u0119\u017caj\u0105cego i regeneruj\u0105cego masa\u017cu mi\u0119\u015bni, \u015bci\u0119gien, staw\u00f3w i kr\u0119gos\u0142upa. Dzi\u0119ki swoim w\u0142a\u015bciwo\u015bciom pobudza kr\u0105\u017cenie w masowanych partiach cia\u0142a, przynosz\u0105c szybk\u0105 i d\u0142ugotrwa\u0142\u0105 ulg\u0119. Jest nieocenionym preparatem dla os\u00f3b starszych, pracuj\u0105cych fizycznie i sportowc\u00f3w. \u2705 W\u0142a\u015bciwo\u015bci: \u2796 rozlu\u017ania skurcze mi\u0119\u015bni oraz wspomaga regeneracj\u0119 [&hellip;]<\/p>\n","protected":false},"featured_media":443,"template":"","meta":[],"product_brand":[24],"product_cat":[23],"product_tag":[],"class_list":{"0":"post-442","1":"product","2":"type-product","3":"status-publish","4":"has-post-thumbnail","6":"product_brand-alpa","7":"product_cat-alpa","9":"first","10":"instock","11":"taxable","12":"shipping-taxable","13":"purchasable","14":"product-type-simple"},"_links":{"self":[{"href":"https:\/\/27-215.pl\/index.php\/wp-json\/wp\/v2\/product\/442","targetHints":{"allow":["GET"]}}],"collection":[{"href":"https:\/\/27-215.pl\/index.php\/wp-json\/wp\/v2\/product"}],"about":[{"href":"https:\/\/27-215.pl\/index.php\/wp-json\/wp\/v2\/types\/product"}],"wp:featuredmedia":[{"embeddable":true,"href":"https:\/\/27-215.pl\/index.php\/wp-json\/wp\/v2\/media\/443"}],"wp:attachment":[{"href":"https:\/\/27-215.pl\/index.php\/wp-json\/wp\/v2\/media?parent=442"}],"wp:term":[{"taxonomy":"product_brand","embeddable":true,"href":"https:\/\/27-215.pl\/index.php\/wp-json\/wp\/v2\/product_brand?post=442"},{"taxonomy":"product_cat","embeddable":true,"href":"https:\/\/27-215.pl\/index.php\/wp-json\/wp\/v2\/product_cat?post=442"},{"taxonomy":"product_tag","embeddable":true,"href":"https:\/\/27-215.pl\/index.php\/wp-json\/wp\/v2\/product_tag?post=442"}],"curies":[{"name":"wp","href":"https:\/\/api.w.org\/{rel}","templated":true}]}}