{"id":444,"date":"2025-01-25T15:47:11","date_gmt":"2025-01-25T14:47:11","guid":{"rendered":"https:\/\/www.27-215.pl\/?post_type=product&#038;p=444"},"modified":"2026-04-04T08:47:59","modified_gmt":"2026-04-04T06:47:59","slug":"alpa-konopny-balsam-rozgrzewajacy","status":"publish","type":"product","link":"https:\/\/27-215.pl\/index.php\/produkt\/alpa-konopny-balsam-rozgrzewajacy\/","title":{"rendered":"Alpa Konopny balsam rozgrzewaj\u0105cy"},"content":{"rendered":"<p><strong>Alpa Balsam Konopny Rozgrzewaj\u0105cy<\/strong>\u00a0nadaje si\u0119 do masa\u017cu i rozgrzania partii cia\u0142a. Stosowany przed wzmo\u017con\u0105 aktywno\u015bci\u0105 fizyczn\u0105, jak i do odpr\u0119\u017cenia i szybszej regeneracji napi\u0119tych i zm\u0119czonych mi\u0119\u015bni.\u00a0<span class=\"jlqj4b\">Znacz\u0105cy efekt rozgrzewaj\u0105cy uzyskuje si\u0119 dzi\u0119ki synergii rozgrzewaj\u0105cej substancji czynnej, kamfory, ekstraktu z imbiru oraz olejku eterycznego z rozmarynu i cynamonu. Olej z konopi bogaty w niezb\u0119dne nienasycone kwasy t\u0142uszczowe, witaminy i minera\u0142y dzia\u0142a przeciwzapalnie i regeneruj\u0105co oraz od\u017cywia sk\u00f3r\u0119. Balsam \u0142atwo wmasowuje si\u0119 w sk\u00f3r\u0119, nie skleja si\u0119 i przyjemnie pachnie zio\u0142owymi olejkami eterycznymi.<\/span><\/p>\n<p><strong>Spos\u00f3b u\u017cycia:<\/strong><span class=\"jlqj4b\">\u00a0Odpowiedni\u0105 ilo\u015b\u0107 produktu nanie\u015b\u0107 na sk\u00f3r\u0119 odpowiedniej cz\u0119\u015bci cia\u0142a. Dok\u0142adnie wmasuj produkt w sk\u00f3r\u0119 skoncentrowanymi ruchami palc\u00f3w i d\u0142oni. W ci\u0105gu kilku minut od aplikacji mo\u017cna spodziewa\u0107 si\u0119 efektu rozgrzewaj\u0105cego. Powt\u00f3rz aplikacj\u0119, aby uzyska\u0107 bardziej intensywny efekt na sk\u00f3rze<\/span><\/p>\n<p><b>Spos\u00f3b u\u017cycia:<\/b>\u00a0Wmasuj balsam w miejsce powstania b\u00f3lu.<\/p>\n<p><strong>Ostrze\u017cenie:<\/strong> Produkt nie odpowiedni dla dzieci poni\u017cej 3 roku \u017cycia. Produkt do zastosowania zewn\u0119trznego.<\/p>\n<p><b>Pojemno\u015b\u0107:<\/b> 250ml<\/p>\n<p>&nbsp;<\/p>\n","protected":false},"excerpt":{"rendered":"<p>Alpa Balsam Konopny Rozgrzewaj\u0105cy\u00a0nadaje si\u0119 do masa\u017cu i rozgrzania partii cia\u0142a. Stosowany przed wzmo\u017con\u0105 aktywno\u015bci\u0105 fizyczn\u0105, jak i do odpr\u0119\u017cenia i szybszej regeneracji napi\u0119tych i zm\u0119czonych mi\u0119\u015bni.\u00a0Znacz\u0105cy efekt rozgrzewaj\u0105cy uzyskuje si\u0119 dzi\u0119ki synergii rozgrzewaj\u0105cej substancji czynnej, kamfory, ekstraktu z imbiru oraz olejku eterycznego z rozmarynu i cynamonu. Olej z konopi bogaty w niezb\u0119dne nienasycone kwasy [&hellip;]<\/p>\n","protected":false},"featured_media":445,"template":"","meta":[],"product_brand":[24],"product_cat":[23],"product_tag":[],"class_list":{"0":"post-444","1":"product","2":"type-product","3":"status-publish","4":"has-post-thumbnail","6":"product_brand-alpa","7":"product_cat-alpa","9":"first","10":"instock","11":"taxable","12":"shipping-taxable","13":"purchasable","14":"product-type-simple"},"_links":{"self":[{"href":"https:\/\/27-215.pl\/index.php\/wp-json\/wp\/v2\/product\/444","targetHints":{"allow":["GET"]}}],"collection":[{"href":"https:\/\/27-215.pl\/index.php\/wp-json\/wp\/v2\/product"}],"about":[{"href":"https:\/\/27-215.pl\/index.php\/wp-json\/wp\/v2\/types\/product"}],"wp:featuredmedia":[{"embeddable":true,"href":"https:\/\/27-215.pl\/index.php\/wp-json\/wp\/v2\/media\/445"}],"wp:attachment":[{"href":"https:\/\/27-215.pl\/index.php\/wp-json\/wp\/v2\/media?parent=444"}],"wp:term":[{"taxonomy":"product_brand","embeddable":true,"href":"https:\/\/27-215.pl\/index.php\/wp-json\/wp\/v2\/product_brand?post=444"},{"taxonomy":"product_cat","embeddable":true,"href":"https:\/\/27-215.pl\/index.php\/wp-json\/wp\/v2\/product_cat?post=444"},{"taxonomy":"product_tag","embeddable":true,"href":"https:\/\/27-215.pl\/index.php\/wp-json\/wp\/v2\/product_tag?post=444"}],"curies":[{"name":"wp","href":"https:\/\/api.w.org\/{rel}","templated":true}]}}