{"id":452,"date":"2025-01-25T16:40:28","date_gmt":"2025-01-25T15:40:28","guid":{"rendered":"https:\/\/www.27-215.pl\/?post_type=product&#038;p=452"},"modified":"2026-04-04T08:48:31","modified_gmt":"2026-04-04T06:48:31","slug":"alpa-zel-do-masazu-gozdzikowy-100ml","status":"publish","type":"product","link":"https:\/\/27-215.pl\/index.php\/produkt\/alpa-zel-do-masazu-gozdzikowy-100ml\/","title":{"rendered":"Alpa \u017bel do masa\u017cu go\u017adzikowy 100ml"},"content":{"rendered":"<p><b>Alpa Go\u017adzik \u017cel do masa\u017cu<\/b>\u00a0\u2013 to zio\u0142owy \u017cel stworzony na bazie mentolu i go\u017adzikowca korzennego. Ma w\u0142a\u015bciwo\u015bci przeciwb\u00f3lowe, przeciwzapalne oraz regeneruj\u0105ce. Do stosowania na sk\u00f3r\u0119 jako dora\u017ana substancja na b\u00f3le mi\u0119\u015bni, plec\u00f3w, staw\u00f3w, a tak\u017ce na st\u0142uczenia, nadwyr\u0119\u017cenia i przem\u0119czenie mi\u0119\u015bni. Dzi\u0119ki wysokiemu st\u0119\u017ceniu mentolu ma dzia\u0142anie ch\u0142odz\u0105ce, gwarantuje miejscowe znieczulenie bol\u0105cej cz\u0119\u015bci cia\u0142a. Polecany r\u00f3wnie\u017c w przypadku lekkiego przezi\u0119bienia.<\/p>\n<div class=\"_1bo4a _xu6h2 _1ylmp _2d49e_YrWCD\">\n<div class=\"_1voj4 _z9prt _1xzdi _ai5yc _5d6n2 _15lj1\">\n<div class=\"_2d49e_5pK0q\">\n<p><b>Dzia\u0142anie:\u00a0<\/b>Podczas masa\u017cu wspomaga kr\u0105\u017cenie krwi, usuwa zm\u0119czenie po intensywnym wysi\u0142ku fizycznym. \u0141agodzi b\u00f3l i dyskomfort spowodowany reumatycznym zapaleniem staw\u00f3w i mi\u0119\u015bni, rw\u0105 kulszow\u0105, chorobami kr\u0119gos\u0142upa oraz w przypadku obrz\u0119ku n\u00f3g (st\u0142uczenia, opuchlizna, b\u00f3le mi\u0119\u015bniowe). Ma dzia\u0142anie znieczulaj\u0105ce. Dzia\u0142a wspomagaj\u0105co w walce z przezi\u0119bieniem i problemami z g\u00f3rnymi drogami oddechowymi.<\/p>\n<p><b>Zastosowanie:\u00a0<\/b>b\u00f3l mi\u0119\u015bni; zapalenie mi\u0119\u015bni; napi\u0119te mi\u0119\u015bnie; st\u0142uczenia; b\u00f3l kr\u0119gos\u0142upa; napi\u0119ty kr\u0119gos\u0142up; urazy i nadwyr\u0119\u017cenia \u015bci\u0119gien i wi\u0119zade\u0142; reumatyzm; artretyzm; b\u00f3l staw\u00f3w; zapalenie staw\u00f3w; choroby staw\u00f3w; rwa kulszowa; opuchlizna; \u0142agodzenie skurcz\u00f3w mi\u0119\u015bni; regeneracja mi\u0119\u015bni po wysi\u0142ku; zakwasy; zapobieganie odle\u017cynom; b\u00f3l g\u0142owy; przezi\u0119bienie<\/p>\n<p><b>Spos\u00f3b u\u017cycia i przeciwwskazania:<\/b>\u00a0Produkt przeznaczony do masa\u017cu miejscowego na obola\u0142e miejsca. Nanie\u015b\u0107 odpowiedni\u0105 ilo\u015b\u0107 \u017celu na d\u0142o\u0144 i wmasowywa\u0107 okr\u0119\u017cnymi ruchami. Stosowa\u0107 na bol\u0105ce miejsca kilka razy dziennie. Produkt nieodpowiedni dla dzieci w wieku poni\u017cej 3 lat. Data wa\u017cno\u015bci znajduje si\u0119 na opakowaniu.<\/p>\n<\/div>\n<\/div>\n<\/div>\n<div class=\"_1bo4a _xu6h2 _1ylmp _2d49e_YrWCD\">\n<div class=\"_1voj4 _z9prt _1xzdi _ai5yc _5d6n2 _15lj1\">\n<div class=\"_2d49e_5pK0q\">\n<p><b>Pojemno\u015b\u0107:<\/b>\u00a0100 ml<\/p>\n<\/div>\n<\/div>\n<\/div>\n","protected":false},"excerpt":{"rendered":"<p>Alpa Go\u017adzik \u017cel do masa\u017cu\u00a0\u2013 to zio\u0142owy \u017cel stworzony na bazie mentolu i go\u017adzikowca korzennego. Ma w\u0142a\u015bciwo\u015bci przeciwb\u00f3lowe, przeciwzapalne oraz regeneruj\u0105ce. Do stosowania na sk\u00f3r\u0119 jako dora\u017ana substancja na b\u00f3le mi\u0119\u015bni, plec\u00f3w, staw\u00f3w, a tak\u017ce na st\u0142uczenia, nadwyr\u0119\u017cenia i przem\u0119czenie mi\u0119\u015bni. Dzi\u0119ki wysokiemu st\u0119\u017ceniu mentolu ma dzia\u0142anie ch\u0142odz\u0105ce, gwarantuje miejscowe znieczulenie bol\u0105cej cz\u0119\u015bci cia\u0142a. Polecany [&hellip;]<\/p>\n","protected":false},"featured_media":453,"template":"","meta":[],"product_brand":[24],"product_cat":[23],"product_tag":[],"class_list":{"0":"post-452","1":"product","2":"type-product","3":"status-publish","4":"has-post-thumbnail","6":"product_brand-alpa","7":"product_cat-alpa","9":"first","10":"instock","11":"taxable","12":"shipping-taxable","13":"purchasable","14":"product-type-simple"},"_links":{"self":[{"href":"https:\/\/27-215.pl\/index.php\/wp-json\/wp\/v2\/product\/452","targetHints":{"allow":["GET"]}}],"collection":[{"href":"https:\/\/27-215.pl\/index.php\/wp-json\/wp\/v2\/product"}],"about":[{"href":"https:\/\/27-215.pl\/index.php\/wp-json\/wp\/v2\/types\/product"}],"wp:featuredmedia":[{"embeddable":true,"href":"https:\/\/27-215.pl\/index.php\/wp-json\/wp\/v2\/media\/453"}],"wp:attachment":[{"href":"https:\/\/27-215.pl\/index.php\/wp-json\/wp\/v2\/media?parent=452"}],"wp:term":[{"taxonomy":"product_brand","embeddable":true,"href":"https:\/\/27-215.pl\/index.php\/wp-json\/wp\/v2\/product_brand?post=452"},{"taxonomy":"product_cat","embeddable":true,"href":"https:\/\/27-215.pl\/index.php\/wp-json\/wp\/v2\/product_cat?post=452"},{"taxonomy":"product_tag","embeddable":true,"href":"https:\/\/27-215.pl\/index.php\/wp-json\/wp\/v2\/product_tag?post=452"}],"curies":[{"name":"wp","href":"https:\/\/api.w.org\/{rel}","templated":true}]}}