{"id":454,"date":"2025-01-25T16:45:20","date_gmt":"2025-01-25T15:45:20","guid":{"rendered":"https:\/\/www.27-215.pl\/?post_type=product&#038;p=454"},"modified":"2026-04-04T08:48:23","modified_gmt":"2026-04-04T06:48:23","slug":"alpa-krem-francovkovy-40g","status":"publish","type":"product","link":"https:\/\/27-215.pl\/index.php\/produkt\/alpa-krem-francovkovy-40g\/","title":{"rendered":"Alpa krem francovkovy 40g"},"content":{"rendered":"<p><strong>Alpa krem francovkovy<\/strong>\u00a0to oryginalny, czeski Krem 40g do masa\u017cu zm\u0119czonych wysi\u0142kiem mi\u0119\u015bni<\/p>\n<p>Krem wzbogacono\u00a0<b>olejem z kie\u0142k\u00f3w pszenicy oraz witaminami\u00a0E i B, dzi\u0119ki czemu nadaje\u00a0<\/b><b>sk\u00f3rze mi\u0119kko\u015b\u0107 i elastyczno\u015b\u0107.<\/b>\u00a0Dzi\u0119ki zawarto\u015bci aktywnych sk\u0142adnik\u00f3w wspomaga regeneracje\u00a0i rozlu\u017anienie mi\u0119\u015bni po ci\u0119\u017ckim wysi\u0142ku fizycznym i pomaga\u00a0zwalczy\u0107 powsta\u0142e po nim zm\u0119czenie. Pobudza kr\u0105\u017cenie krwi\u00a0w sk\u00f3rze, chroni przed szkodliwym dzia\u0142aniem czynnik\u00f3w\u00a0zewn\u0119trznych oraz przyjemnie od\u015bwie\u017ca i ch\u0142odzi sk\u00f3r\u0119.<\/p>\n<p><b>Spos\u00f3b u\u017cycia:<\/b>\u00a0Wmasuj krem w miejsce powstania b\u00f3lu.<\/p>\n<p><b>Kraj produkcji:<\/b>\u00a0Czechy<\/p>\n<p><b>Producent:<\/b>\u00a0ALPA<\/p>\n<p><b>Pojemno\u015b\u0107:<\/b>\u00a040g<\/p>\n","protected":false},"excerpt":{"rendered":"<p>Alpa krem francovkovy\u00a0to oryginalny, czeski Krem 40g do masa\u017cu zm\u0119czonych wysi\u0142kiem mi\u0119\u015bni Krem wzbogacono\u00a0olejem z kie\u0142k\u00f3w pszenicy oraz witaminami\u00a0E i B, dzi\u0119ki czemu nadaje\u00a0sk\u00f3rze mi\u0119kko\u015b\u0107 i elastyczno\u015b\u0107.\u00a0Dzi\u0119ki zawarto\u015bci aktywnych sk\u0142adnik\u00f3w wspomaga regeneracje\u00a0i rozlu\u017anienie mi\u0119\u015bni po ci\u0119\u017ckim wysi\u0142ku fizycznym i pomaga\u00a0zwalczy\u0107 powsta\u0142e po nim zm\u0119czenie. Pobudza kr\u0105\u017cenie krwi\u00a0w sk\u00f3rze, chroni przed szkodliwym dzia\u0142aniem czynnik\u00f3w\u00a0zewn\u0119trznych oraz przyjemnie [&hellip;]<\/p>\n","protected":false},"featured_media":456,"template":"","meta":[],"product_brand":[24],"product_cat":[23],"product_tag":[],"class_list":{"0":"post-454","1":"product","2":"type-product","3":"status-publish","4":"has-post-thumbnail","6":"product_brand-alpa","7":"product_cat-alpa","9":"first","10":"instock","11":"taxable","12":"shipping-taxable","13":"purchasable","14":"product-type-simple"},"_links":{"self":[{"href":"https:\/\/27-215.pl\/index.php\/wp-json\/wp\/v2\/product\/454","targetHints":{"allow":["GET"]}}],"collection":[{"href":"https:\/\/27-215.pl\/index.php\/wp-json\/wp\/v2\/product"}],"about":[{"href":"https:\/\/27-215.pl\/index.php\/wp-json\/wp\/v2\/types\/product"}],"wp:featuredmedia":[{"embeddable":true,"href":"https:\/\/27-215.pl\/index.php\/wp-json\/wp\/v2\/media\/456"}],"wp:attachment":[{"href":"https:\/\/27-215.pl\/index.php\/wp-json\/wp\/v2\/media?parent=454"}],"wp:term":[{"taxonomy":"product_brand","embeddable":true,"href":"https:\/\/27-215.pl\/index.php\/wp-json\/wp\/v2\/product_brand?post=454"},{"taxonomy":"product_cat","embeddable":true,"href":"https:\/\/27-215.pl\/index.php\/wp-json\/wp\/v2\/product_cat?post=454"},{"taxonomy":"product_tag","embeddable":true,"href":"https:\/\/27-215.pl\/index.php\/wp-json\/wp\/v2\/product_tag?post=454"}],"curies":[{"name":"wp","href":"https:\/\/api.w.org\/{rel}","templated":true}]}}