{"id":457,"date":"2025-01-25T16:49:37","date_gmt":"2025-01-25T15:49:37","guid":{"rendered":"https:\/\/www.27-215.pl\/?post_type=product&#038;p=457"},"modified":"2026-04-21T14:51:14","modified_gmt":"2026-04-21T12:51:14","slug":"alpa-krem-lesny-lesana-40g","status":"publish","type":"product","link":"https:\/\/27-215.pl\/index.php\/produkt\/alpa-krem-lesny-lesana-40g\/","title":{"rendered":"Alpa krem le\u015bny lesana 40g"},"content":{"rendered":"<p><strong>Alpa krem do masa\u017cu Le\u015bny<\/strong>\u00a0\u2013 to krem do masa\u017cu z naturalnego mentolu, wyci\u0105gu z igie\u0142 jod\u0142y syberyjskiej i kamfory. Ma w\u0142a\u015bciwo\u015bci przeciwb\u00f3lowe, przeciwzapalne oraz regeneruj\u0105ce. Do stosowania na sk\u00f3r\u0119 jako dora\u017ana substancja na b\u00f3le mi\u0119\u015bni, plec\u00f3w, staw\u00f3w, a tak\u017ce na st\u0142uczenia, nadwyr\u0119\u017cenia i przem\u0119czenie mi\u0119\u015bni. Ma dzia\u0142anie ch\u0142odz\u0105ce i orze\u017awiaj\u0105ce, gwarantuje miejscowe znieczulenie bol\u0105cej cz\u0119\u015bci cia\u0142a. Zaleca si\u0119 go tak\u017ce w przypadku infekcji dr\u00f3g oddechowych, przezi\u0119bie\u0144 i dolegliwo\u015bci grypopodobnych, oraz w celu podniesienia og\u00f3lnej odporno\u015bci organizmu.<\/p>\n<p><b>Dzia\u0142anie:<\/b>\u00a0Podczas masa\u017cu wspomaga kr\u0105\u017cenie krwi, usuwa zm\u0119czenie po intensywnym wysi\u0142ku fizycznym. \u0141agodzi b\u00f3l i dyskomfort spowodowany reumatycznym zapaleniem staw\u00f3w i mi\u0119\u015bni, rw\u0105 kulszow\u0105, chorobami kr\u0119gos\u0142upa oraz w przypadku obrz\u0119ku n\u00f3g (st\u0142uczenia, opuchlizna, b\u00f3le mi\u0119\u015bniowe). Ma dzia\u0142anie znieczulaj\u0105ce. Dzi\u0119ki dodatkowi z ekstraktu \u017cywicznego z sosnowych igie\u0142 sprawia, \u017ce zaleca si\u0119 go tak\u017ce w przypadku infekcji dr\u00f3g oddechowych, przezi\u0119bie\u0144 i dolegliwo\u015bci grypopodobnych. Stosowany do masa\u017cu klatki piersiowej oraz plec\u00f3w pobudza ukrwienie, dzia\u0142a rozgrzewaj\u0105co i wykrztu\u015bnie.<\/p>\n<p><b>Zastosowanie:<\/b>\u00a0b\u00f3l mi\u0119\u015bni; zapalenie mi\u0119\u015bni; napi\u0119te mi\u0119\u015bnie; \u0142agodzenie skurcz\u00f3w mi\u0119\u015bni; regeneracja mi\u0119\u015bni po wysi\u0142ku; zakwasy; st\u0142uczenia; siniaki; b\u00f3l kr\u0119gos\u0142upa; napi\u0119ty kr\u0119gos\u0142up; urazy i nadwyr\u0119\u017cenia \u015bci\u0119gien i wi\u0119zade\u0142; zapalenie \u015bci\u0119gien; reumatyzm; artretyzm; b\u00f3l staw\u00f3w; zapalenie staw\u00f3w; choroby staw\u00f3w; rwa kulszowa; opuchlizna; zapobieganie odle\u017cynom; b\u00f3l g\u0142owy;\u00a0 przezi\u0119bienie; grypa; kaszel; katar; problemy z drogami oddechowymi;<\/p>\n<p><b>Spos\u00f3b u\u017cycia i przeciwwskazania:<\/b>\u00a0Produkt przeznaczony do masa\u017cu miejscowego na obola\u0142e miejsca. Nanie\u015b\u0107 odpowiedni\u0105 ilo\u015b\u0107 \u017celu na d\u0142o\u0144 i wmasowywa\u0107 okr\u0119\u017cnymi ruchami. Stosowa\u0107 na bol\u0105ce miejsca kilka razy dziennie. Produkt nieodpowiedni dla dzieci w wieku poni\u017cej 3 lat.\u00a0 Data wa\u017cno\u015bci znajduje si\u0119 na opakowaniu.<\/p>\n<p><b>Sk\u0142adniki aktywne:<\/b><\/p>\n<ul>\n<li><b>alkohol<\/b>\u00a0\u2013 silnie dezynfekuje i zapobiegaj\u0105 rozwojowi bakterii<\/li>\n<li><b>mentol<\/b>\u00a0\u2013 ma dzia\u0142anie przeciwb\u00f3lowe oraz antyseptyczne; obni\u017ca wra\u017cliwo\u015b\u0107 nerw\u00f3w czuciowych, czego efektem jest zjawisko miejscowego znieczulenia; ma dzia\u0142anie ch\u0142odz\u0105ce powoduj\u0105ce zmniejszenie przep\u0142ywu krwi oraz zapotrzebowanie metaboliczne, co wp\u0142ywa na z\u0142agodzenie obecnych na ciele stan\u00f3w zapalnych oraz obrz\u0119k\u00f3w<\/li>\n<li><b>wyci\u0105g z igie\u0142 sosnowych<\/b>\u00a0\u2013 zawiera prozdrowotne\u00a0flawonoidy, garbniki, sole mineralne i olejki eteryczne. Dzia\u0142a stymuluj\u0105co na uk\u0142ad immunologiczny, dzi\u0119ki czemu stosuje si\u0119 go szczeg\u00f3lnie w profilaktyce i leczeniu infekcji dr\u00f3g oddechowych, przezi\u0119bie\u0144 i dolegliwo\u015bci grypopodobnych. Pobudza ukrwienie, dzia\u0142a rozgrzewaj\u0105co i wykrztu\u015bnie. Ma w\u0142a\u015bciwo\u015bci przeciwzapalne, przeciwbakteryjne, wykrztu\u015bne i odka\u017caj\u0105ce.<\/li>\n<li><b>eukaliptus<\/b>\u00a0\u2013 zawiera garbniki, eukaliptol, alfa-terpineol, linalol i pinen. Maj\u0105 one dzia\u0142anie przeciwzapalne, przeciwb\u00f3lowe, bakteriob\u00f3jcze oraz przeciwwirusowe. Substancje zawarte w olejku eukaliptusowym s\u0105 r\u00f3wnie\u017c pomocne w walce z problemami z drogami oddechowymi. Dzia\u0142aj\u0105 rozlu\u017aniaj\u0105co, wykrztu\u015bnie oraz \u015bci\u0105gaj\u0105co na podra\u017cnion\u0105 tkank\u0119 g\u00f3rnych dr\u00f3g oddechowych dzi\u0119ki czemu pomagaj\u0105 pozby\u0107 si\u0119 kaszlu i oczy\u015bci\u0107 zatoki. Wzmacnia odporno\u015b\u0107 organizmu, mo\u017ce by\u0107 stosowany profilaktycznie.<\/li>\n<\/ul>\n<p><b>Pojemno\u015b\u0107:<\/b>\u00a040g<\/p>\n","protected":false},"excerpt":{"rendered":"<p>Alpa krem do masa\u017cu Le\u015bny\u00a0\u2013 to krem do masa\u017cu z naturalnego mentolu, wyci\u0105gu z igie\u0142 jod\u0142y syberyjskiej i kamfory. Ma w\u0142a\u015bciwo\u015bci przeciwb\u00f3lowe, przeciwzapalne oraz regeneruj\u0105ce. Do stosowania na sk\u00f3r\u0119 jako dora\u017ana substancja na b\u00f3le mi\u0119\u015bni, plec\u00f3w, staw\u00f3w, a tak\u017ce na st\u0142uczenia, nadwyr\u0119\u017cenia i przem\u0119czenie mi\u0119\u015bni. Ma dzia\u0142anie ch\u0142odz\u0105ce i orze\u017awiaj\u0105ce, gwarantuje miejscowe znieczulenie bol\u0105cej cz\u0119\u015bci [&hellip;]<\/p>\n","protected":false},"featured_media":458,"template":"","meta":[],"product_brand":[24],"product_cat":[23],"product_tag":[],"class_list":{"0":"post-457","1":"product","2":"type-product","3":"status-publish","4":"has-post-thumbnail","6":"product_brand-alpa","7":"product_cat-alpa","9":"first","10":"instock","11":"taxable","12":"shipping-taxable","13":"purchasable","14":"product-type-simple"},"_links":{"self":[{"href":"https:\/\/27-215.pl\/index.php\/wp-json\/wp\/v2\/product\/457","targetHints":{"allow":["GET"]}}],"collection":[{"href":"https:\/\/27-215.pl\/index.php\/wp-json\/wp\/v2\/product"}],"about":[{"href":"https:\/\/27-215.pl\/index.php\/wp-json\/wp\/v2\/types\/product"}],"wp:featuredmedia":[{"embeddable":true,"href":"https:\/\/27-215.pl\/index.php\/wp-json\/wp\/v2\/media\/458"}],"wp:attachment":[{"href":"https:\/\/27-215.pl\/index.php\/wp-json\/wp\/v2\/media?parent=457"}],"wp:term":[{"taxonomy":"product_brand","embeddable":true,"href":"https:\/\/27-215.pl\/index.php\/wp-json\/wp\/v2\/product_brand?post=457"},{"taxonomy":"product_cat","embeddable":true,"href":"https:\/\/27-215.pl\/index.php\/wp-json\/wp\/v2\/product_cat?post=457"},{"taxonomy":"product_tag","embeddable":true,"href":"https:\/\/27-215.pl\/index.php\/wp-json\/wp\/v2\/product_tag?post=457"}],"curies":[{"name":"wp","href":"https:\/\/api.w.org\/{rel}","templated":true}]}}