{"id":459,"date":"2025-01-25T16:54:21","date_gmt":"2025-01-25T15:54:21","guid":{"rendered":"https:\/\/www.27-215.pl\/?post_type=product&#038;p=459"},"modified":"2026-04-04T08:48:27","modified_gmt":"2026-04-04T06:48:27","slug":"alpa-krem-z-kasztanowca-40g","status":"publish","type":"product","link":"https:\/\/27-215.pl\/index.php\/produkt\/alpa-krem-z-kasztanowca-40g\/","title":{"rendered":"Alpa krem z kasztanowca 40g"},"content":{"rendered":"<p><b>Alpa krem do masa\u017cu Kasztan<\/b>\u00a0\u2013 to zio\u0142owy krem stworzony na bazie wyci\u0105g\u00f3w z kasztanowca pospolitego i kamfory. Krem pomaga w utrzymaniu zdrowego uk\u0142adu kr\u0105\u017cenia, w szczeg\u00f3lno\u015bci \u017cy\u0142. Ma w\u0142a\u015bciwo\u015bci przeciwb\u00f3lowe, przeciwzapalne oraz regeneruj\u0105ce. Do stosowania na sk\u00f3r\u0119 jako dora\u017ana substancja na b\u00f3le mi\u0119\u015bni i staw\u00f3w, a tak\u017ce na st\u0142uczenia, nadwyr\u0119\u017cenia i przem\u0119czenie mi\u0119\u015bni. Dzi\u0119ki wysokiemu st\u0119\u017ceniu mentolu ma dzia\u0142anie ch\u0142odz\u0105ce, gwarantuje miejscowe znieczulenie bol\u0105cej cz\u0119\u015bci cia\u0142a. Szczeg\u00f3lnie polecany do ukojenia n\u00f3g zm\u0119czonych po ca\u0142ym dniu stania i zmniejszenia niekomfortowego uczucia ci\u0119\u017ckich n\u00f3g.<\/p>\n<p><b>Dzia\u0142anie:\u00a0<\/b>Podczas samrowania wspomaga kr\u0105\u017cenie krwi, usuwa b\u00f3l i zm\u0119czenie po intensywnym wysi\u0142ku fizycznym lub po ca\u0142ym dniu stania. Krem pomaga w utrzymaniu zdrowego uk\u0142adu kr\u0105\u017cenia, w szczeg\u00f3lno\u015bci \u017cy\u0142 \u2013 substancje czynne z kasztanowca uszczelniaj\u0105 \u015bciany naczy\u0144 krwiono\u015bnych i poprawiaj\u0105 ich elastyczno\u015b\u0107. Zapobiega powstawaniu \u017cylak\u00f3w, a tak\u017ce usuwa tak zwane \u201epaj\u0105czki\u201d. Przeciwdzia\u0142a kurczom nocnym, niweluje b\u00f3le spowodowane zastojem \u017cylnym, przyspiesza wch\u0142anianie si\u0119 krwiak\u00f3w. Dzi\u0119ki wysokiemu st\u0119\u017ceniu mentolu ma dzia\u0142anie ch\u0142odz\u0105ce, gwarantuje miejscowe znieczulenie bol\u0105cej cz\u0119\u015bci cia\u0142a. Poprawia kr\u0105\u017cenie krwi w tkance podsk\u00f3rnej, u\u0142atwiaj\u0105c usuwanie z niej toksyn i likwiduj\u0105c charakterystyczne dla cellulitu obrz\u0119ki. Niweluje zaburzenia unaczynienia obwodowego (zimne stopy, sine d\u0142onie). Zawarta w sk\u0142adzie kamfora u\u0142atwia wch\u0142anianie sk\u0142adnik\u00f3w naturalnych, umo\u017cliwiaj\u0105c szybkie i skuteczne dzia\u0142anie. Ma dzia\u0142anie przeciwzapalne, przeciwgrzybiczne, dezynfekuj\u0105ce i \u015bci\u0105gaj\u0105ce.<\/p>\n<p><b>Zastosowanie:\u00a0<\/b>b\u00f3l mi\u0119\u015bni; zapalenie mi\u0119\u015bni; napi\u0119te mi\u0119\u015bnie; zm\u0119czone nogi; ci\u0119\u017ckie nogi; st\u0142uczenia; urazy i nadwyr\u0119\u017cenia \u015bci\u0119gien i wi\u0119zade\u0142; reumatyzm; artretyzm; b\u00f3l staw\u00f3w; zapalenie staw\u00f3w; choroby staw\u00f3w; opuchlizna; \u0142agodzenie skurcz\u00f3w mi\u0119\u015bni; regeneracja mi\u0119\u015bni po wysi\u0142ku; zakwasy; objawy niewydolno\u015bci \u017cylnej: obrz\u0119k kostek n\u00f3g; uczucie ci\u0119\u017cko\u015bci ko\u0144czyn dolnych; kurcze nocne; b\u00f3le i parestezje spowodowane zasto\u00adjem \u017cylnym; profilaktyka \u017cylak\u00f3w; krwiaki; siniaki; cellulit; zakrzepowe zapalenie \u017cy\u0142; zimne stopy; sine d\u0142onie;<\/p>\n<p><b>Spos\u00f3b u\u017cycia i przeciwwskazania:<\/b>\u00a0Produkt przeznaczony do masa\u017cu miejscowego na obola\u0142e miejsca. Nanie\u015b\u0107 odpowiedni\u0105 ilo\u015b\u0107 kremu na d\u0142o\u0144 i wmasowywa\u0107 okr\u0119\u017cnymi ruchami. Stosowa\u0107 na bol\u0105ce miejsca kilka razy dziennie. Produkt nieodpowiedni dla dzieci w wieku poni\u017cej 3 lat. Data wa\u017cno\u015bci znajduje si\u0119 na opakowaniu.<\/p>\n<p><b>Sk\u0142adniki aktywne:<\/b><\/p>\n<ul>\n<li><b>alkohol<\/b>\u00a0\u2013 silnie dezynfekuje i zapobiegaj\u0105 rozwojowi bakterii<\/li>\n<li><b>mentol<\/b>\u00a0\u2013 ma dzia\u0142anie przeciwb\u00f3lowe oraz antyseptyczne; obni\u017ca wra\u017cliwo\u015b\u0107 nerw\u00f3w czuciowych, czego efektem jest zjawisko miejscowego znieczulenia; ma dzia\u0142anie ch\u0142odz\u0105ce powoduj\u0105ce zmniejszenie przep\u0142ywu krwi oraz zapotrzebowanie metaboliczne, co wp\u0142ywa na z\u0142agodzenie obecnych na ciele stan\u00f3w zapalnych oraz obrz\u0119k\u00f3w<\/li>\n<li><b>kasztanowiec pospolity<\/b>\u00a0\u2013 zawiera m.in. flawonoidy, garbniki, kumaryny i karotenoidy. Jednak jego najcenniejszym sk\u0142adnikiem jest escyna, czyli mieszanina saponin. S\u0105 to zwi\u0105zki, kt\u00f3re uszczelniaj\u0105 \u015bciany naczy\u0144 krwiono\u015bnych i przywracaj\u0105 im elastyczno\u015b\u0107. Dzi\u0119ki temu wyci\u0105g z kasztanowca idealnie sprawdza si\u0119 w leczeniu wszelkich dolegliwo\u015bci zwi\u0105zanych z kr\u0105\u017ceniem, jak np. \u017cylaki, zast\u00f3j \u017cylny, niewydolno\u015b\u0107 \u017cylna, krwiaki, a tak\u017ce niweluje b\u00f3l powsta\u0142y w wyniku zm\u0119czenia n\u00f3g, oraz skutecznie zwalcza cellulit.<\/li>\n<li><b>rozmaryn<\/b>\u00a0\u2013 zawiera cyneol, kamfen i borneol; kwas rozmarynowy, zwi\u0105zki flawonoidowe, kwasy fenolowe, garbniki i terpeny. Rozszerza podsk\u00f3rnie naczynia w\u0142osowate, wywo\u0142uj\u0105c \u0142agodne przekrwienie. Usuwa z tkanek szkodliwe produkty przemiany materii, dzi\u0119ki czemu \u0142agodzi b\u00f3le r\u00f3\u017cnego pochodzenia (dzia\u0142anie zatwierdzone przez Komisje Europejsk\u0105). Pomaga w b\u00f3lach mi\u0119\u015bniowych, stanach reumatycznych oraz zaburzeniach uk\u0142adu obwodowego. Wzmacnia te\u017c naczynia krwiono\u015bne.<\/li>\n<li><b>kamfora<\/b>\u00a0\u2013 pobudza kr\u0105\u017cenie krwi, lekko ch\u0142odzi i znieczula, dzia\u0142a przeciwzapalnie, przeciwgrzybiczo, dezynfekuj\u0105co i \u015bci\u0105gaj\u0105co. Dobrze przenika przez sk\u00f3r\u0119, dlatego bywa w szczeg\u00f3lno\u015bci stosowana w preparatach przeciwb\u00f3lowych i rozgrzewaj\u0105cych, cz\u0119sto powoduje miejscowe zaczerwienienie sk\u00f3ry, mo\u017ce uczula\u0107<\/li>\n<\/ul>\n<p><b>Pojemno\u015b\u0107:<\/b>\u00a040g<\/p>\n","protected":false},"excerpt":{"rendered":"<p>Alpa krem do masa\u017cu Kasztan\u00a0\u2013 to zio\u0142owy krem stworzony na bazie wyci\u0105g\u00f3w z kasztanowca pospolitego i kamfory. Krem pomaga w utrzymaniu zdrowego uk\u0142adu kr\u0105\u017cenia, w szczeg\u00f3lno\u015bci \u017cy\u0142. Ma w\u0142a\u015bciwo\u015bci przeciwb\u00f3lowe, przeciwzapalne oraz regeneruj\u0105ce. Do stosowania na sk\u00f3r\u0119 jako dora\u017ana substancja na b\u00f3le mi\u0119\u015bni i staw\u00f3w, a tak\u017ce na st\u0142uczenia, nadwyr\u0119\u017cenia i przem\u0119czenie mi\u0119\u015bni. Dzi\u0119ki wysokiemu [&hellip;]<\/p>\n","protected":false},"featured_media":460,"template":"","meta":[],"product_brand":[24],"product_cat":[23],"product_tag":[],"class_list":{"0":"post-459","1":"product","2":"type-product","3":"status-publish","4":"has-post-thumbnail","6":"product_brand-alpa","7":"product_cat-alpa","9":"first","10":"instock","11":"taxable","12":"shipping-taxable","13":"purchasable","14":"product-type-simple"},"_links":{"self":[{"href":"https:\/\/27-215.pl\/index.php\/wp-json\/wp\/v2\/product\/459","targetHints":{"allow":["GET"]}}],"collection":[{"href":"https:\/\/27-215.pl\/index.php\/wp-json\/wp\/v2\/product"}],"about":[{"href":"https:\/\/27-215.pl\/index.php\/wp-json\/wp\/v2\/types\/product"}],"wp:featuredmedia":[{"embeddable":true,"href":"https:\/\/27-215.pl\/index.php\/wp-json\/wp\/v2\/media\/460"}],"wp:attachment":[{"href":"https:\/\/27-215.pl\/index.php\/wp-json\/wp\/v2\/media?parent=459"}],"wp:term":[{"taxonomy":"product_brand","embeddable":true,"href":"https:\/\/27-215.pl\/index.php\/wp-json\/wp\/v2\/product_brand?post=459"},{"taxonomy":"product_cat","embeddable":true,"href":"https:\/\/27-215.pl\/index.php\/wp-json\/wp\/v2\/product_cat?post=459"},{"taxonomy":"product_tag","embeddable":true,"href":"https:\/\/27-215.pl\/index.php\/wp-json\/wp\/v2\/product_tag?post=459"}],"curies":[{"name":"wp","href":"https:\/\/api.w.org\/{rel}","templated":true}]}}