{"id":466,"date":"2025-01-25T17:08:37","date_gmt":"2025-01-25T16:08:37","guid":{"rendered":"https:\/\/www.27-215.pl\/?post_type=product&#038;p=466"},"modified":"2026-04-04T08:48:24","modified_gmt":"2026-04-04T06:48:24","slug":"alpa-krem-hemato-regeneracyjny-na-bol-75ml","status":"publish","type":"product","link":"https:\/\/27-215.pl\/index.php\/produkt\/alpa-krem-hemato-regeneracyjny-na-bol-75ml\/","title":{"rendered":"Alpa krem HEMATO regeneracyjny na b\u00f3l 75ml"},"content":{"rendered":"<p><strong>Alpa Hemato krem do masa\u017cu rehabilitacyjnego 75ml\u00a0<\/strong>\u2013 Unikalna mieszanka zi\u00f3\u0142 w po\u0142\u0105czeniu z salicylanem metylu znacznie przyspiesza gojenie st\u0142ucze\u0144 i siniak\u00f3w. Krem przeznaczony do regeneracji przy wszelkich urazach (skr\u0119cenia, siniaki, zwichni\u0119cia, st\u0142uczenia) oraz przy b\u00f3lach mi\u0119\u015bni i \u015bci\u0119gien spowodowanych zar\u00f3wno nadmiernym wysi\u0142kiem jak i kontuzjami. Znacz\u0105co przyspiesza rehabilitacj\u0119, ma r\u00f3wnie\u017c dzia\u0142anie przeciwb\u00f3lowe, znieczulaj\u0105ce i przeciwzapalne. Zmniejsza obrz\u0119ki i opuchlizny.<\/p>\n","protected":false},"excerpt":{"rendered":"<p>Alpa Hemato krem do masa\u017cu rehabilitacyjnego 75ml\u00a0\u2013 Unikalna mieszanka zi\u00f3\u0142 w po\u0142\u0105czeniu z salicylanem metylu znacznie przyspiesza gojenie st\u0142ucze\u0144 i siniak\u00f3w. Krem przeznaczony do regeneracji przy wszelkich urazach (skr\u0119cenia, siniaki, zwichni\u0119cia, st\u0142uczenia) oraz przy b\u00f3lach mi\u0119\u015bni i \u015bci\u0119gien spowodowanych zar\u00f3wno nadmiernym wysi\u0142kiem jak i kontuzjami. Znacz\u0105co przyspiesza rehabilitacj\u0119, ma r\u00f3wnie\u017c dzia\u0142anie przeciwb\u00f3lowe, znieczulaj\u0105ce i przeciwzapalne. [&hellip;]<\/p>\n","protected":false},"featured_media":467,"template":"","meta":[],"product_brand":[24],"product_cat":[23],"product_tag":[],"class_list":{"0":"post-466","1":"product","2":"type-product","3":"status-publish","4":"has-post-thumbnail","6":"product_brand-alpa","7":"product_cat-alpa","9":"first","10":"instock","11":"taxable","12":"shipping-taxable","13":"purchasable","14":"product-type-simple"},"_links":{"self":[{"href":"https:\/\/27-215.pl\/index.php\/wp-json\/wp\/v2\/product\/466","targetHints":{"allow":["GET"]}}],"collection":[{"href":"https:\/\/27-215.pl\/index.php\/wp-json\/wp\/v2\/product"}],"about":[{"href":"https:\/\/27-215.pl\/index.php\/wp-json\/wp\/v2\/types\/product"}],"wp:featuredmedia":[{"embeddable":true,"href":"https:\/\/27-215.pl\/index.php\/wp-json\/wp\/v2\/media\/467"}],"wp:attachment":[{"href":"https:\/\/27-215.pl\/index.php\/wp-json\/wp\/v2\/media?parent=466"}],"wp:term":[{"taxonomy":"product_brand","embeddable":true,"href":"https:\/\/27-215.pl\/index.php\/wp-json\/wp\/v2\/product_brand?post=466"},{"taxonomy":"product_cat","embeddable":true,"href":"https:\/\/27-215.pl\/index.php\/wp-json\/wp\/v2\/product_cat?post=466"},{"taxonomy":"product_tag","embeddable":true,"href":"https:\/\/27-215.pl\/index.php\/wp-json\/wp\/v2\/product_tag?post=466"}],"curies":[{"name":"wp","href":"https:\/\/api.w.org\/{rel}","templated":true}]}}