{"id":471,"date":"2025-01-25T11:11:36","date_gmt":"2025-01-25T10:11:36","guid":{"rendered":"https:\/\/www.27-215.pl\/?post_type=product&#038;p=471"},"modified":"2026-04-04T08:48:21","modified_gmt":"2026-04-04T06:48:21","slug":"alpa-francovka-klasyczna-60ml","status":"publish","type":"product","link":"https:\/\/27-215.pl\/index.php\/produkt\/alpa-francovka-klasyczna-60ml\/","title":{"rendered":"ALPA Francovka klasyczna 60ml"},"content":{"rendered":"<p>ALPA \u2013 alkoholowy roztw\u00f3r z naturalnymi olejkami eterycznymi i mentolem.<\/p>\n<p>Sk\u0142adniki aktywne:<br \/>\nolejki eteryczne \u2013 maj\u0105 dzia\u0142anie przeciwb\u00f3lowe, rozgrzewaj\u0105ce, przeciwzapalne<br \/>\nalkohol \u2013 dzia\u0142a antyseptycznie, dezynfekuj\u0105co<\/p>\n<p>Zastosowanie:<br \/>\n\u2013 \u0142agodzi b\u00f3le reumatyczne, zapalenie staw\u00f3w<br \/>\n\u2013 eliminuje b\u00f3le g\u0142owy, z\u0119b\u00f3w<br \/>\n\u2013 s\u0142u\u017cy do dezynfekcji ran, zadrapa\u0144, jamy ustnej, gard\u0142a<br \/>\n\u2013 pomocna przy inhalacjach g\u00f3rnych dr\u00f3g oddechowych<br \/>\n\u2013 u\u015bmierza b\u00f3l przy st\u0142uczeniach, zwichni\u0119ciach<br \/>\n\u2013 zapobiega wyst\u0119powaniu odle\u017cyn<\/p>\n<p>Spos\u00f3b u\u017cycia:<br \/>\n\u2013 naciera\u0107 kilka razy dziennie bol\u0105ce miejsca<br \/>\n\u2013 w przypadku dezynfekcji jamy ustnej b\u0105d\u017c inhalacji rozpu\u015bci\u0107 kilka kropli w ciep\u0142ej wodzie<\/p>\n<p>Sk\u0142ad: 60% vol.Alcohol Denat., Menthol, Aqua, Ethyl Acetate, Ethyl Formate, Parfum, Cinnamal,<br \/>\nEugenol.<\/p>\n<p>Produkt nieodpowiedni dla dzieci poni\u017cej 3-go roku \u017cycia.<\/p>\n<p>Producent: ALPA Czechy<\/p>\n<p>POJEMNO\u015a\u0106 : 60 ML<\/p>\n","protected":false},"excerpt":{"rendered":"<p>ALPA \u2013 alkoholowy roztw\u00f3r z naturalnymi olejkami eterycznymi i mentolem. Sk\u0142adniki aktywne: olejki eteryczne \u2013 maj\u0105 dzia\u0142anie przeciwb\u00f3lowe, rozgrzewaj\u0105ce, przeciwzapalne alkohol \u2013 dzia\u0142a antyseptycznie, dezynfekuj\u0105co Zastosowanie: \u2013 \u0142agodzi b\u00f3le reumatyczne, zapalenie staw\u00f3w \u2013 eliminuje b\u00f3le g\u0142owy, z\u0119b\u00f3w \u2013 s\u0142u\u017cy do dezynfekcji ran, zadrapa\u0144, jamy ustnej, gard\u0142a \u2013 pomocna przy inhalacjach g\u00f3rnych dr\u00f3g oddechowych \u2013 u\u015bmierza [&hellip;]<\/p>\n","protected":false},"featured_media":473,"template":"","meta":[],"product_brand":[24],"product_cat":[23],"product_tag":[],"class_list":{"0":"post-471","1":"product","2":"type-product","3":"status-publish","4":"has-post-thumbnail","6":"product_brand-alpa","7":"product_cat-alpa","9":"first","10":"instock","11":"taxable","12":"shipping-taxable","13":"purchasable","14":"product-type-simple"},"_links":{"self":[{"href":"https:\/\/27-215.pl\/index.php\/wp-json\/wp\/v2\/product\/471","targetHints":{"allow":["GET"]}}],"collection":[{"href":"https:\/\/27-215.pl\/index.php\/wp-json\/wp\/v2\/product"}],"about":[{"href":"https:\/\/27-215.pl\/index.php\/wp-json\/wp\/v2\/types\/product"}],"wp:featuredmedia":[{"embeddable":true,"href":"https:\/\/27-215.pl\/index.php\/wp-json\/wp\/v2\/media\/473"}],"wp:attachment":[{"href":"https:\/\/27-215.pl\/index.php\/wp-json\/wp\/v2\/media?parent=471"}],"wp:term":[{"taxonomy":"product_brand","embeddable":true,"href":"https:\/\/27-215.pl\/index.php\/wp-json\/wp\/v2\/product_brand?post=471"},{"taxonomy":"product_cat","embeddable":true,"href":"https:\/\/27-215.pl\/index.php\/wp-json\/wp\/v2\/product_cat?post=471"},{"taxonomy":"product_tag","embeddable":true,"href":"https:\/\/27-215.pl\/index.php\/wp-json\/wp\/v2\/product_tag?post=471"}],"curies":[{"name":"wp","href":"https:\/\/api.w.org\/{rel}","templated":true}]}}