{"id":481,"date":"2025-01-26T10:52:37","date_gmt":"2025-01-26T09:52:37","guid":{"rendered":"https:\/\/www.27-215.pl\/?post_type=product&#038;p=481"},"modified":"2026-04-28T15:51:45","modified_gmt":"2026-04-28T13:51:45","slug":"putorius-masc-eukaliptusowa-150ml","status":"publish","type":"product","link":"https:\/\/27-215.pl\/index.php\/produkt\/putorius-masc-eukaliptusowa-150ml\/","title":{"rendered":"Putorius Ma\u015b\u0107 eukaliptusowa 150ml"},"content":{"rendered":"<div class=\"mpof_ki myre_zn myre_8v_l m389_6m_l\">\n<div class=\"mp4t_16_s mryx_16_s mr3m_1 mli2_1 mh85_56 mh85_0_l\">\n<div class=\"mgn2_16 _0d3bd_am0a-\">\n<h2>Ma\u015b\u0107 z eukaliptusem 150 ml<\/h2>\n<p><b>Eukaliptus<\/b>\u00a0jest jednym z najskuteczniejszych \u015brodk\u00f3w naturalnych przy niedomaganiach zwi\u0105zanym z przezi\u0119bieniem.<\/p>\n<h2>\u2705Olejek eukaliptusowy<\/h2>\n<p>Usuwa stany zapalne i nie\u017cyty dr\u00f3g oddechowych. Dzia\u0142a antyseptycznie, przeciwzapalnie, przeciwbakteryjnie.<\/p>\n<h2>\u2705Ma\u015b\u0107 przeciwzapalna mo\u017ce by\u0107 stosowana r\u00f3wnie\u017c jako:<\/h2>\n<ul>\n<li>ma\u015b\u0107 na przezi\u0119bienie<\/li>\n<li>ma\u015b\u0107 antybakteryjna<\/li>\n<li>ma\u015b\u0107 na reumatyzm<\/li>\n<li>ma\u015b\u0107 na b\u00f3le reumatyczne<\/li>\n<li>ma\u015b\u0107 rozgrzewaj\u0105ca<\/li>\n<li>ma\u015b\u0107 przeciwb\u00f3lowa<\/li>\n<\/ul>\n<\/div>\n<\/div>\n<\/div>\n<div class=\"mpof_ki myre_zn myre_8v_l m389_6m_l\">\n<div class=\"mp4t_16_s mryx_16_s mr3m_1 mli2_1 mh85_56 mh85_0_l\">\n<div class=\"mg9e_8 mj7a_8 mg9e_0_s mvrt_0_s mj7a_0_s mh36_0_s mzmg_6m munh_16_l m3h2_16_l\"><\/div>\n<\/div>\n<div class=\"mp4t_16_s mryx_16_s mr3m_1 mli2_1 mh85_56 mh85_0_l\">\n<div class=\"mgn2_16 _0d3bd_am0a-\">\n<h2>\u2705Ma\u015b\u0107 dzia\u0142a przeciwbakteryjnie i przeciwwirusowo, zwalcza:<\/h2>\n<ul>\n<li>kaszel<\/li>\n<li>gryp\u0119<\/li>\n<li>przezi\u0119bienie<\/li>\n<li>angin\u0119<\/li>\n<li>stan zapalny zatok<\/li>\n<li>niskie ci\u015bnienie<\/li>\n<li>reumatyzm<\/li>\n<li>artretyzm<\/li>\n<li>nerwob\u00f3le<\/li>\n<li>mi\u0119\u015bniob\u00f3le<\/li>\n<\/ul>\n<p>Ma\u015b\u0107 przeciwb\u00f3lowa dzia\u0142a r\u00f3wnie\u017c pobudzaj\u0105co.<\/p>\n<p><b>Spos\u00f3b u\u017cycia:<\/b>\u00a0ma\u015b\u0107 stosowa\u0107 miejscowo, delikatnie wciera\u0107.<\/p>\n<p><b>Pojemno\u015b\u0107:<\/b>\u00a0150 ml<\/p>\n<\/div>\n<\/div>\n<\/div>\n","protected":false},"excerpt":{"rendered":"<p>Ma\u015b\u0107 z eukaliptusem 150 ml Eukaliptus\u00a0jest jednym z najskuteczniejszych \u015brodk\u00f3w naturalnych przy niedomaganiach zwi\u0105zanym z przezi\u0119bieniem. \u2705Olejek eukaliptusowy Usuwa stany zapalne i nie\u017cyty dr\u00f3g oddechowych. Dzia\u0142a antyseptycznie, przeciwzapalnie, przeciwbakteryjnie. \u2705Ma\u015b\u0107 przeciwzapalna mo\u017ce by\u0107 stosowana r\u00f3wnie\u017c jako: ma\u015b\u0107 na przezi\u0119bienie ma\u015b\u0107 antybakteryjna ma\u015b\u0107 na reumatyzm ma\u015b\u0107 na b\u00f3le reumatyczne ma\u015b\u0107 rozgrzewaj\u0105ca ma\u015b\u0107 przeciwb\u00f3lowa \u2705Ma\u015b\u0107 dzia\u0142a przeciwbakteryjnie [&hellip;]<\/p>\n","protected":false},"featured_media":482,"template":"","meta":[],"product_brand":[26],"product_cat":[25],"product_tag":[],"class_list":{"0":"post-481","1":"product","2":"type-product","3":"status-publish","4":"has-post-thumbnail","6":"product_brand-putorius","7":"product_cat-putorius","9":"first","10":"instock","11":"taxable","12":"shipping-taxable","13":"purchasable","14":"product-type-simple"},"_links":{"self":[{"href":"https:\/\/27-215.pl\/index.php\/wp-json\/wp\/v2\/product\/481","targetHints":{"allow":["GET"]}}],"collection":[{"href":"https:\/\/27-215.pl\/index.php\/wp-json\/wp\/v2\/product"}],"about":[{"href":"https:\/\/27-215.pl\/index.php\/wp-json\/wp\/v2\/types\/product"}],"wp:featuredmedia":[{"embeddable":true,"href":"https:\/\/27-215.pl\/index.php\/wp-json\/wp\/v2\/media\/482"}],"wp:attachment":[{"href":"https:\/\/27-215.pl\/index.php\/wp-json\/wp\/v2\/media?parent=481"}],"wp:term":[{"taxonomy":"product_brand","embeddable":true,"href":"https:\/\/27-215.pl\/index.php\/wp-json\/wp\/v2\/product_brand?post=481"},{"taxonomy":"product_cat","embeddable":true,"href":"https:\/\/27-215.pl\/index.php\/wp-json\/wp\/v2\/product_cat?post=481"},{"taxonomy":"product_tag","embeddable":true,"href":"https:\/\/27-215.pl\/index.php\/wp-json\/wp\/v2\/product_tag?post=481"}],"curies":[{"name":"wp","href":"https:\/\/api.w.org\/{rel}","templated":true}]}}