{"id":483,"date":"2025-01-26T10:57:11","date_gmt":"2025-01-26T09:57:11","guid":{"rendered":"https:\/\/www.27-215.pl\/?post_type=product&#038;p=483"},"modified":"2026-04-28T15:51:40","modified_gmt":"2026-04-28T13:51:40","slug":"putorius-masc-z-rokitnikiem-150ml","status":"publish","type":"product","link":"https:\/\/27-215.pl\/index.php\/produkt\/putorius-masc-z-rokitnikiem-150ml\/","title":{"rendered":"Putorius Ma\u015b\u0107 z rokitnikiem 150ml"},"content":{"rendered":"<div class=\"mpof_ki myre_zn myre_8v_l m389_6m_l\">\n<div class=\"mp4t_16_s mryx_16_s mr3m_1 mli2_1 mh85_56 mh85_0_l\">\n<div class=\"mgn2_16 _0d3bd_am0a-\">\n<h2>Ma\u015b\u0107 z ekstraktem z rokitnika 150 ml<\/h2>\n<p>Posiada w\u0142a\u015bciwo\u015bci regeneracyjne, poprawiaj\u0105ce elastyczno\u015b\u0107 sk\u00f3ry. Mo\u017ce by\u0107 stosowana do piel\u0119gnacji sk\u00f3ry po opalaniu lub sk\u00f3ry, kt\u00f3ra jest nara\u017cona na niskie temperatury. \u015awietnie sprawdza si\u0119 r\u00f3wnie\u017c w przypadku b\u00f3lu mi\u0119\u015bni i staw\u00f3w.<\/p>\n<h2>\u2705Ma\u015b\u0107 mo\u017ce by\u0107 stosowana jako ma\u015b\u0107:<\/h2>\n<ul>\n<li>przeciwb\u00f3lowa<\/li>\n<li>na atopowe zapalenie sk\u00f3ry &#8211; AZS<\/li>\n<li>na egzem\u0119<\/li>\n<li>na oparzenia<\/li>\n<li>na \u0142uszczyc\u0119<\/li>\n<li>regeneracyjna<\/li>\n<li>ochronna<\/li>\n<\/ul>\n<\/div>\n<\/div>\n<\/div>\n<div class=\"mpof_ki myre_zn myre_8v_l m389_6m_l\">\n<div class=\"mp4t_16_s mryx_16_s mr3m_1 mli2_1 mh85_56 mh85_0_l\">\n<div class=\"mg9e_8 mj7a_8 mg9e_0_s mvrt_0_s mj7a_0_s mh36_0_s mzmg_6m munh_16_l m3h2_16_l\"><\/div>\n<\/div>\n<div class=\"mp4t_16_s mryx_16_s mr3m_1 mli2_1 mh85_56 mh85_0_l\">\n<div class=\"mgn2_16 _0d3bd_am0a-\">\n<h2>\u2705Rokitnik w\u0142a\u015bciwo\u015bci:<\/h2>\n<ul>\n<li>przeciwzapalne<\/li>\n<li>przeciwb\u00f3lowe<\/li>\n<li>przeciwgor\u0105czkowe<\/li>\n<li>bakteriob\u00f3jcze<\/li>\n<li>uszczelniaj\u0105ce naczynia krwiono\u015bne<\/li>\n<li>regeneruj\u0105ce<\/li>\n<li>od\u017cywcze<\/li>\n<\/ul>\n<p><b>Spos\u00f3b u\u017cycia:<\/b>\u00a0ma\u015b\u0107 stosowa\u0107 miejscowo, delikatnie wciera\u0107. Ma\u015b\u0107 mo\u017cna stosowa\u0107 r\u00f3wnie\u017c do ok\u0142ad\u00f3w, nale\u017cy na\u0142o\u017cy\u0107 ma\u015b\u0107 na wybrany obszar sk\u00f3ry a nast\u0119pnie owin\u0105\u0107 banda\u017cem i pozostawi\u0107 na noc.<\/p>\n<p><b>Pojemno\u015b\u0107<\/b>: 150 ml<\/p>\n<\/div>\n<\/div>\n<\/div>\n","protected":false},"excerpt":{"rendered":"<p>Ma\u015b\u0107 z ekstraktem z rokitnika 150 ml Posiada w\u0142a\u015bciwo\u015bci regeneracyjne, poprawiaj\u0105ce elastyczno\u015b\u0107 sk\u00f3ry. Mo\u017ce by\u0107 stosowana do piel\u0119gnacji sk\u00f3ry po opalaniu lub sk\u00f3ry, kt\u00f3ra jest nara\u017cona na niskie temperatury. \u015awietnie sprawdza si\u0119 r\u00f3wnie\u017c w przypadku b\u00f3lu mi\u0119\u015bni i staw\u00f3w. \u2705Ma\u015b\u0107 mo\u017ce by\u0107 stosowana jako ma\u015b\u0107: przeciwb\u00f3lowa na atopowe zapalenie sk\u00f3ry &#8211; AZS na egzem\u0119 na [&hellip;]<\/p>\n","protected":false},"featured_media":2500,"template":"","meta":[],"product_brand":[26],"product_cat":[25],"product_tag":[],"class_list":{"0":"post-483","1":"product","2":"type-product","3":"status-publish","4":"has-post-thumbnail","6":"product_brand-putorius","7":"product_cat-putorius","9":"first","10":"instock","11":"taxable","12":"shipping-taxable","13":"purchasable","14":"product-type-simple"},"_links":{"self":[{"href":"https:\/\/27-215.pl\/index.php\/wp-json\/wp\/v2\/product\/483","targetHints":{"allow":["GET"]}}],"collection":[{"href":"https:\/\/27-215.pl\/index.php\/wp-json\/wp\/v2\/product"}],"about":[{"href":"https:\/\/27-215.pl\/index.php\/wp-json\/wp\/v2\/types\/product"}],"wp:featuredmedia":[{"embeddable":true,"href":"https:\/\/27-215.pl\/index.php\/wp-json\/wp\/v2\/media\/2500"}],"wp:attachment":[{"href":"https:\/\/27-215.pl\/index.php\/wp-json\/wp\/v2\/media?parent=483"}],"wp:term":[{"taxonomy":"product_brand","embeddable":true,"href":"https:\/\/27-215.pl\/index.php\/wp-json\/wp\/v2\/product_brand?post=483"},{"taxonomy":"product_cat","embeddable":true,"href":"https:\/\/27-215.pl\/index.php\/wp-json\/wp\/v2\/product_cat?post=483"},{"taxonomy":"product_tag","embeddable":true,"href":"https:\/\/27-215.pl\/index.php\/wp-json\/wp\/v2\/product_tag?post=483"}],"curies":[{"name":"wp","href":"https:\/\/api.w.org\/{rel}","templated":true}]}}