{"id":484,"date":"2025-01-26T11:01:17","date_gmt":"2025-01-26T10:01:17","guid":{"rendered":"https:\/\/www.27-215.pl\/?post_type=product&#038;p=484"},"modified":"2026-04-04T08:48:45","modified_gmt":"2026-04-04T06:48:45","slug":"putorius-masc-z-zywokostem-150ml","status":"publish","type":"product","link":"https:\/\/27-215.pl\/index.php\/produkt\/putorius-masc-z-zywokostem-150ml\/","title":{"rendered":"Putorius Ma\u015b\u0107 z \u017cywokostem 150ml"},"content":{"rendered":"<div class=\"mpof_ki myre_zn myre_8v_l m389_6m_l\">\n<div class=\"mp4t_16_s mryx_16_s mr3m_1 mli2_1 mh85_56 mh85_0_l\">\n<div class=\"mgn2_16 _0d3bd_am0a-\">\n<h2>Ma\u015b\u0107 Zio\u0142owa z \u017bywokostu &#8211; Naturalna Pomoc w Regeneracji i U\u015bmierzaniu B\u00f3lu<\/h2>\n<p>Ma\u015b\u0107 Zio\u0142owa z \u017bywokostu to wyj\u0105tkowy\u00a0<b>preparat stworzony na bazie naturalnych sk\u0142adnik\u00f3w<\/b>, kt\u00f3ry od wiek\u00f3w jest ceniony za swoje w\u0142a\u015bciwo\u015bci lecznicze.<\/p>\n<p>Ma\u015b\u0107 zosta\u0142a opracowana z my\u015bl\u0105 o osobach poszukuj\u0105cych skutecznego, naturalnego wsparcia w\u00a0<b>regeneracji cia\u0142a po urazach oraz u\u015bmierzaniu b\u00f3lu<\/b>\u00a0zwi\u0105zanego z intensywnym trybem \u017cycia.<\/p>\n<h2>\u2705Ma\u015b\u0107 przeciwb\u00f3lowa i przeciwzapalna &#8211; Skuteczno\u015b\u0107 i Zastosowanie<\/h2>\n<p>\u017bywokost, g\u0142\u00f3wny sk\u0142adnik aktywny ma\u015bci, odznacza si\u0119 silnymi w\u0142a\u015bciwo\u015bciami regeneracyjnymi, kt\u00f3re\u00a0<b>wspomagaj\u0105 proces gojenia siniak\u00f3w, obrz\u0119k\u00f3w, skr\u0119ce\u0144 oraz drobnych z\u0142ama\u0144.<\/b><\/p>\n<p>Dzi\u0119ki unikalnej formule, ma\u015b\u0107 doskonale sprawdza si\u0119 r\u00f3wnie\u017c\u00a0<b>w przypadku b\u00f3lu staw\u00f3w oraz zm\u0119czonych mi\u0119\u015bni<\/b>, przynosz\u0105c ulg\u0119 ju\u017c po kilku zastosowaniach.<\/p>\n<p>Regularne stosowanie preparatu\u00a0<b>mo\u017ce tak\u017ce przyczyni\u0107 si\u0119 do redukcji \u017cylak\u00f3w<\/b>\u00a0oraz zmniejszenia widoczno\u015bci blizn pooperacyjnych.<\/p>\n<h2>\u2705Ma\u015b\u0107 na b\u00f3l mi\u0119\u015bni i staw\u00f3w &#8211; Naturalny Sk\u0142ad<\/h2>\n<p>Ma\u015b\u0107 Zio\u0142owa z \u017bywokostu \u0142\u0105czy w sobie moc natury z delikatno\u015bci\u0105 piel\u0119gnacji. W jej sk\u0142adzie znajdziemy:<\/p>\n<ul>\n<li><b>\u017bywokost leczniczy<\/b>\u00a0(Symphytum Officinale) &#8211; wspiera regeneracj\u0119 tkanek, przyspiesza gojenie oraz \u0142agodzi b\u00f3l.<\/li>\n<li><b>Wazelina kosmetyczna<\/b>\u00a0&#8211; tworzy na sk\u00f3rze ochronn\u0105 barier\u0119, zapewniaj\u0105c odpowiednie nawil\u017cenie.<\/li>\n<li><b>Oliwa z oliwek<\/b>\u00a0&#8211; znana ze swoich w\u0142a\u015bciwo\u015bci od\u017cywczych, dodatkowo wspomaga regeneracj\u0119 sk\u00f3ry.<\/li>\n<\/ul>\n<\/div>\n<\/div>\n<\/div>\n<div class=\"mpof_ki myre_zn myre_8v_l m389_6m_l\">\n<div class=\"mp4t_16_s mryx_16_s mr3m_1 mli2_1 mh85_56 mh85_0_l\">\n<div class=\"mg9e_8 mj7a_8 mg9e_0_s mvrt_0_s mj7a_0_s mh36_0_s mzmg_6m munh_16_l m3h2_16_l\"><\/div>\n<\/div>\n<div class=\"mp4t_16_s mryx_16_s mr3m_1 mli2_1 mh85_56 mh85_0_l\">\n<div class=\"mgn2_16 _0d3bd_am0a-\">\n<h2>\u2705Przeznaczenie i Zalecenia<\/h2>\n<p>Ma\u015b\u0107 jest idealnym rozwi\u0105zaniem dla doros\u0142ych i nastolatk\u00f3w, kt\u00f3rzy na co dzie\u0144 wykonuj\u0105 intensywne czynno\u015bci, takie jak uprawianie sportu czy praca fizyczna.<\/p>\n<p>Jej dzia\u0142anie doceni\u0105 r\u00f3wnie\u017c osoby borykaj\u0105ce si\u0119 z problemami uk\u0142adu ruchu oraz ci, kt\u00f3rzy potrzebuj\u0105 skutecznej pomocy w regeneracji po urazach.<\/p>\n<h2>\u2705Spos\u00f3b U\u017cycia<\/h2>\n<p><b>Stosowanie ma\u015bci jest proste i wygodne:<\/b><\/p>\n<ol>\n<li>Na\u0142\u00f3\u017c niewielk\u0105 ilo\u015b\u0107 ma\u015bci na dotkni\u0119ty obszar sk\u00f3ry.<\/li>\n<li>Delikatnie wmasuj, a\u017c do ca\u0142kowitego wch\u0142oni\u0119cia.<\/li>\n<li>Stosuj regularnie, aby uzyska\u0107 najlepsze rezultaty.<\/li>\n<\/ol>\n<h2>\u2705Wa\u017cne Informacje<\/h2>\n<p>Ma\u015b\u0107 przeznaczona jest wy\u0142\u0105cznie do u\u017cytku zewn\u0119trznego. Unikaj kontaktu preparatu z otwartymi ranami oraz okolicami oczu. Produkt nie jest przeznaczony do spo\u017cycia i nie powinien by\u0107 stosowany u dzieci poni\u017cej trzeciego roku \u017cycia. Przed u\u017cyciem upewnij si\u0119, \u017ce nie jeste\u015b uczulony na \u017caden ze sk\u0142adnik\u00f3w ma\u015bci.<\/p>\n<p><b>Pojemno\u015b\u0107<\/b>: 150 ml<\/p>\n<\/div>\n<\/div>\n<\/div>\n","protected":false},"excerpt":{"rendered":"<p>Ma\u015b\u0107 Zio\u0142owa z \u017bywokostu &#8211; Naturalna Pomoc w Regeneracji i U\u015bmierzaniu B\u00f3lu Ma\u015b\u0107 Zio\u0142owa z \u017bywokostu to wyj\u0105tkowy\u00a0preparat stworzony na bazie naturalnych sk\u0142adnik\u00f3w, kt\u00f3ry od wiek\u00f3w jest ceniony za swoje w\u0142a\u015bciwo\u015bci lecznicze. Ma\u015b\u0107 zosta\u0142a opracowana z my\u015bl\u0105 o osobach poszukuj\u0105cych skutecznego, naturalnego wsparcia w\u00a0regeneracji cia\u0142a po urazach oraz u\u015bmierzaniu b\u00f3lu\u00a0zwi\u0105zanego z intensywnym trybem \u017cycia. \u2705Ma\u015b\u0107 [&hellip;]<\/p>\n","protected":false},"featured_media":485,"template":"","meta":[],"product_brand":[26],"product_cat":[25],"product_tag":[],"class_list":{"0":"post-484","1":"product","2":"type-product","3":"status-publish","4":"has-post-thumbnail","6":"product_brand-putorius","7":"product_cat-putorius","9":"first","10":"outofstock","11":"taxable","12":"shipping-taxable","13":"purchasable","14":"product-type-simple"},"_links":{"self":[{"href":"https:\/\/27-215.pl\/index.php\/wp-json\/wp\/v2\/product\/484","targetHints":{"allow":["GET"]}}],"collection":[{"href":"https:\/\/27-215.pl\/index.php\/wp-json\/wp\/v2\/product"}],"about":[{"href":"https:\/\/27-215.pl\/index.php\/wp-json\/wp\/v2\/types\/product"}],"wp:featuredmedia":[{"embeddable":true,"href":"https:\/\/27-215.pl\/index.php\/wp-json\/wp\/v2\/media\/485"}],"wp:attachment":[{"href":"https:\/\/27-215.pl\/index.php\/wp-json\/wp\/v2\/media?parent=484"}],"wp:term":[{"taxonomy":"product_brand","embeddable":true,"href":"https:\/\/27-215.pl\/index.php\/wp-json\/wp\/v2\/product_brand?post=484"},{"taxonomy":"product_cat","embeddable":true,"href":"https:\/\/27-215.pl\/index.php\/wp-json\/wp\/v2\/product_cat?post=484"},{"taxonomy":"product_tag","embeddable":true,"href":"https:\/\/27-215.pl\/index.php\/wp-json\/wp\/v2\/product_tag?post=484"}],"curies":[{"name":"wp","href":"https:\/\/api.w.org\/{rel}","templated":true}]}}