{"id":491,"date":"2025-01-26T11:15:31","date_gmt":"2025-01-26T10:15:31","guid":{"rendered":"https:\/\/www.27-215.pl\/?post_type=product&#038;p=491"},"modified":"2026-04-28T15:51:38","modified_gmt":"2026-04-28T13:51:38","slug":"putorius-masc-z-nagietkiem-150ml","status":"publish","type":"product","link":"https:\/\/27-215.pl\/index.php\/produkt\/putorius-masc-z-nagietkiem-150ml\/","title":{"rendered":"Putorius Ma\u015b\u0107 z nagietkiem 150ml"},"content":{"rendered":"<div class=\"mpof_ki myre_zn myre_8v_l m389_6m_l\">\n<div class=\"mp4t_16_s mryx_16_s mr3m_1 mli2_1 mh85_56 mh85_0_l\">\n<div class=\"mgn2_16 _0d3bd_am0a-\">\n<h2>Ma\u015b\u0107 nagietkowa 150 ml<\/h2>\n<p>Ma\u015b\u0107 z ekstraktem z nagietka ma dzia\u0142anie antybakteryjne, antyseptyczne, posiada w\u0142a\u015bciwo\u015bci przeciwzapalne wspomaga regeneracj\u0119 i gojenie. Ma\u015b\u0107 nagietkowa to tradycyjny \u015brodek leczniczy, znany w medycynie naturalnej.<\/p>\n<h2>\u2705Ma\u015b\u0107 nagietkowa na:<\/h2>\n<ul>\n<li>\u017cylaki<\/li>\n<li>tr\u0105dzik<\/li>\n<li>hemoroidy<\/li>\n<li>oparzenia<\/li>\n<li>blizny<\/li>\n<li>inne problemy sk\u00f3rne<\/li>\n<\/ul>\n<p>Ma\u015b\u0107 nagietkowa mo\u017ce by\u0107 r\u00f3wnie\u017c u\u017cywana przez diabetyk\u00f3w. Ma\u015b\u0107 mo\u017ce by\u0107 stosowana przy: suchej, pop\u0119kanej sk\u00f3rze, problemach sk\u00f3rnych. Przy\u015bpiesza gojenie ran, pomaga zwalczy\u0107 r\u00f3wnie\u017c atopowe zapalenie sk\u00f3ry.<\/p>\n<\/div>\n<\/div>\n<\/div>\n<div class=\"mpof_ki myre_zn myre_8v_l m389_6m_l\">\n<div class=\"mp4t_16_s mryx_16_s mr3m_1 mli2_1 mh85_56 mh85_0_l\">\n<div class=\"mgn2_16 _0d3bd_am0a-\">\n<h2>\u2705Ma\u015b\u0107 przeciwzapalna mo\u017ce by\u0107 stosowana jako ma\u015b\u0107:<\/h2>\n<ul>\n<li>antybakteryjna<\/li>\n<li>na problemy sk\u00f3rne<\/li>\n<li>na zrogowacenia<\/li>\n<li>na oparzenia<\/li>\n<li>na zajady<\/li>\n<li>na atopowe zapalenie sk\u00f3ry<\/li>\n<li>na blizny<\/li>\n<li>na egzem\u0119<\/li>\n<li>na opryszczk\u0119<\/li>\n<li>na siniaki<\/li>\n<li>na blizny<\/li>\n<\/ul>\n<p><b>Spos\u00f3b u\u017cycia<\/b>: rano i wieczorem na\u0142o\u017cy\u0107 ma\u015b\u0107 na wybrane miejsca i delikatnie wciera\u0107. Ma\u015b\u0107 przeznaczona jest do u\u017cytku zewn\u0119trznego.<\/p>\n<p><b>Pojemno\u015b\u0107<\/b>: 150 ml<\/p>\n<\/div>\n<\/div>\n<\/div>\n","protected":false},"excerpt":{"rendered":"<p>Ma\u015b\u0107 nagietkowa 150 ml Ma\u015b\u0107 z ekstraktem z nagietka ma dzia\u0142anie antybakteryjne, antyseptyczne, posiada w\u0142a\u015bciwo\u015bci przeciwzapalne wspomaga regeneracj\u0119 i gojenie. Ma\u015b\u0107 nagietkowa to tradycyjny \u015brodek leczniczy, znany w medycynie naturalnej. \u2705Ma\u015b\u0107 nagietkowa na: \u017cylaki tr\u0105dzik hemoroidy oparzenia blizny inne problemy sk\u00f3rne Ma\u015b\u0107 nagietkowa mo\u017ce by\u0107 r\u00f3wnie\u017c u\u017cywana przez diabetyk\u00f3w. Ma\u015b\u0107 mo\u017ce by\u0107 stosowana przy: suchej, [&hellip;]<\/p>\n","protected":false},"featured_media":492,"template":"","meta":[],"product_brand":[26],"product_cat":[25],"product_tag":[],"class_list":{"0":"post-491","1":"product","2":"type-product","3":"status-publish","4":"has-post-thumbnail","6":"product_brand-putorius","7":"product_cat-putorius","9":"first","10":"instock","11":"taxable","12":"shipping-taxable","13":"purchasable","14":"product-type-simple"},"_links":{"self":[{"href":"https:\/\/27-215.pl\/index.php\/wp-json\/wp\/v2\/product\/491","targetHints":{"allow":["GET"]}}],"collection":[{"href":"https:\/\/27-215.pl\/index.php\/wp-json\/wp\/v2\/product"}],"about":[{"href":"https:\/\/27-215.pl\/index.php\/wp-json\/wp\/v2\/types\/product"}],"wp:featuredmedia":[{"embeddable":true,"href":"https:\/\/27-215.pl\/index.php\/wp-json\/wp\/v2\/media\/492"}],"wp:attachment":[{"href":"https:\/\/27-215.pl\/index.php\/wp-json\/wp\/v2\/media?parent=491"}],"wp:term":[{"taxonomy":"product_brand","embeddable":true,"href":"https:\/\/27-215.pl\/index.php\/wp-json\/wp\/v2\/product_brand?post=491"},{"taxonomy":"product_cat","embeddable":true,"href":"https:\/\/27-215.pl\/index.php\/wp-json\/wp\/v2\/product_cat?post=491"},{"taxonomy":"product_tag","embeddable":true,"href":"https:\/\/27-215.pl\/index.php\/wp-json\/wp\/v2\/product_tag?post=491"}],"curies":[{"name":"wp","href":"https:\/\/api.w.org\/{rel}","templated":true}]}}