{"id":493,"date":"2025-01-26T11:19:45","date_gmt":"2025-01-26T10:19:45","guid":{"rendered":"https:\/\/www.27-215.pl\/?post_type=product&#038;p=493"},"modified":"2026-04-28T15:51:45","modified_gmt":"2026-04-28T13:51:45","slug":"putorius-masc-z-rzepikiem-150ml","status":"publish","type":"product","link":"https:\/\/27-215.pl\/index.php\/produkt\/putorius-masc-z-rzepikiem-150ml\/","title":{"rendered":"Putorius Ma\u015b\u0107 z rzepikiem 150ml"},"content":{"rendered":"<div class=\"mpof_ki myre_zn myre_8v_l m389_6m_l\">\n<div class=\"mp4t_16_s mryx_16_s mr3m_1 mli2_1 mh85_56 mh85_0_l\">\n<div class=\"mgn2_16 _0d3bd_am0a-\">\n<h2>Ma\u015b\u0107 zio\u0142owa z rzepikiem lekarskim 150 ml<\/h2>\n<p>Ma\u015b\u0107 z ekstraktem z rzepiku jest polecana na niewielkie otarcia, p\u0119kni\u0119cia i inne uszkodzenia sk\u00f3ry (wywo\u0142ane przez dzia\u0142anie mechaniczne), stany zapalne paznokcia tzw. &#8222;zadziory&#8221;, niewydolno\u015b\u0107 naczyniow\u0105. Dzi\u0119ki swojemu sk\u0142adowi\u00a0<b>skutecznie dzia\u0142a na hemoroidy.<\/b><\/p>\n<h2>\u2705Wskazania do stosowania:<\/h2>\n<ul>\n<li>hemoroidy<\/li>\n<li>oparzenia<\/li>\n<li>egzema<\/li>\n<li>\u017cylaki<\/li>\n<li>wysypka<\/li>\n<li>zapalenie \u017cy\u0142<\/li>\n<li>problemy sk\u00f3rne<\/li>\n<\/ul>\n<p>Posiada w\u0142a\u015bciwo\u015bci przeciwzapalne, przeciwbakteryjne, \u015bci\u0105gaj\u0105ce.<\/p>\n<h2>\u2705Ma\u015b\u0107 z rzepikiem mo\u017ce by\u0107 stosowana jako:<\/h2>\n<ul>\n<li>ma\u015b\u0107 na hemoroidy<\/li>\n<li>ma\u015b\u0107 na otarcia<\/li>\n<li>ma\u015b\u0107 antybakteryjna<\/li>\n<li>ma\u015b\u0107 ochronna<\/li>\n<li>ma\u015b\u0107 na problemy sk\u00f3rne<\/li>\n<li>ma\u015b\u0107 na \u017cylaki<\/li>\n<li>ma\u015b\u0107 przeciwzapalna<\/li>\n<\/ul>\n<\/div>\n<\/div>\n<\/div>\n<div class=\"mpof_ki myre_zn myre_8v_l m389_6m_l\">\n<div class=\"mp4t_16_s mryx_16_s mr3m_1 mli2_1 mh85_56 mh85_0_l\">\n<div class=\"mg9e_8 mj7a_8 mg9e_0_s mvrt_0_s mj7a_0_s mh36_0_s mzmg_6m munh_16_l m3h2_16_l\"><\/div>\n<\/div>\n<div class=\"mp4t_16_s mryx_16_s mr3m_1 mli2_1 mh85_56 mh85_0_l\">\n<div class=\"mgn2_16 _0d3bd_am0a-\">\n<p><b>Ma\u015b\u0107 przeciwzapalna<\/b>\u00a0wzbogacona zosta\u0142a o wosk pszczeli. Posiada on w\u0142a\u015bciwo\u015bci ochronne i nawil\u017caj\u0105ce<\/p>\n<p><b>Pojemno\u015b\u0107:<\/b>\u00a0150 ml<\/p>\n<\/div>\n<\/div>\n<\/div>\n","protected":false},"excerpt":{"rendered":"<p>Ma\u015b\u0107 zio\u0142owa z rzepikiem lekarskim 150 ml Ma\u015b\u0107 z ekstraktem z rzepiku jest polecana na niewielkie otarcia, p\u0119kni\u0119cia i inne uszkodzenia sk\u00f3ry (wywo\u0142ane przez dzia\u0142anie mechaniczne), stany zapalne paznokcia tzw. &#8222;zadziory&#8221;, niewydolno\u015b\u0107 naczyniow\u0105. Dzi\u0119ki swojemu sk\u0142adowi\u00a0skutecznie dzia\u0142a na hemoroidy. \u2705Wskazania do stosowania: hemoroidy oparzenia egzema \u017cylaki wysypka zapalenie \u017cy\u0142 problemy sk\u00f3rne Posiada w\u0142a\u015bciwo\u015bci przeciwzapalne, przeciwbakteryjne, [&hellip;]<\/p>\n","protected":false},"featured_media":494,"template":"","meta":[],"product_brand":[26],"product_cat":[25],"product_tag":[],"class_list":{"0":"post-493","1":"product","2":"type-product","3":"status-publish","4":"has-post-thumbnail","6":"product_brand-putorius","7":"product_cat-putorius","9":"first","10":"instock","11":"taxable","12":"shipping-taxable","13":"purchasable","14":"product-type-simple"},"_links":{"self":[{"href":"https:\/\/27-215.pl\/index.php\/wp-json\/wp\/v2\/product\/493","targetHints":{"allow":["GET"]}}],"collection":[{"href":"https:\/\/27-215.pl\/index.php\/wp-json\/wp\/v2\/product"}],"about":[{"href":"https:\/\/27-215.pl\/index.php\/wp-json\/wp\/v2\/types\/product"}],"wp:featuredmedia":[{"embeddable":true,"href":"https:\/\/27-215.pl\/index.php\/wp-json\/wp\/v2\/media\/494"}],"wp:attachment":[{"href":"https:\/\/27-215.pl\/index.php\/wp-json\/wp\/v2\/media?parent=493"}],"wp:term":[{"taxonomy":"product_brand","embeddable":true,"href":"https:\/\/27-215.pl\/index.php\/wp-json\/wp\/v2\/product_brand?post=493"},{"taxonomy":"product_cat","embeddable":true,"href":"https:\/\/27-215.pl\/index.php\/wp-json\/wp\/v2\/product_cat?post=493"},{"taxonomy":"product_tag","embeddable":true,"href":"https:\/\/27-215.pl\/index.php\/wp-json\/wp\/v2\/product_tag?post=493"}],"curies":[{"name":"wp","href":"https:\/\/api.w.org\/{rel}","templated":true}]}}