{"id":495,"date":"2025-01-26T11:26:53","date_gmt":"2025-01-26T10:26:53","guid":{"rendered":"https:\/\/www.27-215.pl\/?post_type=product&#038;p=495"},"modified":"2026-04-28T15:51:44","modified_gmt":"2026-04-28T13:51:44","slug":"putorius-masc-z-rumiankiem-150ml","status":"publish","type":"product","link":"https:\/\/27-215.pl\/index.php\/produkt\/putorius-masc-z-rumiankiem-150ml\/","title":{"rendered":"Putorius Ma\u015b\u0107 z rumiankiem 150ml"},"content":{"rendered":"<div class=\"mpof_ki myre_zn myre_8v_l m389_6m_l\">\n<div class=\"mp4t_16_s mryx_16_s mr3m_1 mli2_1 mh85_56 mh85_0_l\">\n<div class=\"mgn2_16 _0d3bd_am0a-\">\n<p><b>Ma\u015b\u0107 zio\u0142owa<\/b>\u00a0zawieraj\u0105ca wyci\u0105g z rumianku ma dzia\u0142anie przeciwzapalne, antybakteryjne oraz antywirusowe.<\/p>\n<h2>\u2705<b>Ma\u015b\u0107 rumiankowa mo\u017ce by\u0107 stosowana r\u00f3wnie\u017c jako:<\/b><\/h2>\n<ul>\n<li>ma\u015b\u0107 antybakteryjna<\/li>\n<li>ma\u015b\u0107 na problemy sk\u00f3rne<\/li>\n<li>ma\u015b\u0107 na zrogowacenia<\/li>\n<li>ma\u015b\u0107 przeciwzapalna<\/li>\n<li>ma\u015b\u0107 ochronna<\/li>\n<li>ma\u015b\u0107 na tr\u0105dzik<\/li>\n<li>ma\u015b\u0107 na hemoroidy<\/li>\n<li>ma\u015b\u0107 na \u017cylaki odbytu<\/li>\n<li>ma\u015b\u0107 na \u015bwi\u0105d<\/li>\n<\/ul>\n<\/div>\n<\/div>\n<\/div>\n<div class=\"mpof_ki myre_zn myre_8v_l m389_6m_l\">\n<div class=\"mp4t_16_s mryx_16_s mr3m_1 mli2_1 mh85_56 mh85_0_l\">\n<div class=\"mgn2_16 _0d3bd_am0a-\">\n<h2>\u2705<b>Ma\u015b\u0107 z rumiankiem<\/b>\u00a0mo\u017ce by\u0107 stosowana przy:<\/h2>\n<ul>\n<li>odparzeniach (odparzenia spowodowane przez pieluszki),<\/li>\n<li>hemoroidach, \u017cylakach odbytu, \u015bwi\u0105dzie odbytu,<\/li>\n<li>podra\u017cnionej i problematycznej sk\u00f3rze,<\/li>\n<li>tr\u0105dziku,<\/li>\n<li>sk\u00f3rze nara\u017conej na nadmierne promienie s\u0142o\u0144ca lub wiatr.<\/li>\n<\/ul>\n<\/div>\n<\/div>\n<\/div>\n<div class=\"mpof_ki myre_zn myre_8v_l m389_6m_l\">\n<div class=\"mp4t_16_s mryx_16_s mr3m_1 mli2_1 mh85_56 mh85_0_l\">\n<div class=\"mgn2_16 _0d3bd_am0a-\">\n<h2>\u2705<b>Rumianek w\u0142a\u015bciwo\u015bci lecznicze:<\/b><\/h2>\n<ul>\n<li>przeciwzapalne<\/li>\n<li>przyspieszaj\u0105ce gojenie ran<\/li>\n<li>rozkurczaj\u0105ce mi\u0119\u015bnie g\u0142adkie<\/li>\n<li>dezodoryzuj\u0105ce<\/li>\n<li>przeciwbakteryjne i neutralizuj\u0105ce toksyny<\/li>\n<li>pobudzaj\u0105ce przemian\u0119 materii w sk\u00f3rze<\/li>\n<\/ul>\n<\/div>\n<\/div>\n<\/div>\n<div class=\"mpof_ki myre_zn myre_8v_l m389_6m_l\">\n<div class=\"mp4t_16_s mryx_16_s mr3m_1 mli2_1 mh85_56 mh85_0_l\">\n<div class=\"mgn2_16 _0d3bd_am0a-\">\n<p><b>Spos\u00f3b u\u017cycia:<\/b>\u00a0Ma\u015b\u0107 stosowa\u0107 kilka razy dziennie na wybrane obszary sk\u00f3rne. Dla zwi\u0119kszenia efektu ma\u015b\u0107 mo\u017cna stosowa\u0107 w wi\u0119kszej ilo\u015bci, dodatkowo zawin\u0105\u0107 (o ile to mo\u017cliwe) i pozostawi\u0107 na noc.<\/p>\n<p><b>Pojemno\u015b\u0107:<\/b> 150 ml<\/p>\n<\/div>\n<\/div>\n<\/div>\n","protected":false},"excerpt":{"rendered":"<p>Ma\u015b\u0107 zio\u0142owa\u00a0zawieraj\u0105ca wyci\u0105g z rumianku ma dzia\u0142anie przeciwzapalne, antybakteryjne oraz antywirusowe. \u2705Ma\u015b\u0107 rumiankowa mo\u017ce by\u0107 stosowana r\u00f3wnie\u017c jako: ma\u015b\u0107 antybakteryjna ma\u015b\u0107 na problemy sk\u00f3rne ma\u015b\u0107 na zrogowacenia ma\u015b\u0107 przeciwzapalna ma\u015b\u0107 ochronna ma\u015b\u0107 na tr\u0105dzik ma\u015b\u0107 na hemoroidy ma\u015b\u0107 na \u017cylaki odbytu ma\u015b\u0107 na \u015bwi\u0105d \u2705Ma\u015b\u0107 z rumiankiem\u00a0mo\u017ce by\u0107 stosowana przy: odparzeniach (odparzenia spowodowane przez pieluszki), [&hellip;]<\/p>\n","protected":false},"featured_media":496,"template":"","meta":[],"product_brand":[26],"product_cat":[25],"product_tag":[],"class_list":{"0":"post-495","1":"product","2":"type-product","3":"status-publish","4":"has-post-thumbnail","6":"product_brand-putorius","7":"product_cat-putorius","9":"first","10":"instock","11":"taxable","12":"shipping-taxable","13":"purchasable","14":"product-type-simple"},"_links":{"self":[{"href":"https:\/\/27-215.pl\/index.php\/wp-json\/wp\/v2\/product\/495","targetHints":{"allow":["GET"]}}],"collection":[{"href":"https:\/\/27-215.pl\/index.php\/wp-json\/wp\/v2\/product"}],"about":[{"href":"https:\/\/27-215.pl\/index.php\/wp-json\/wp\/v2\/types\/product"}],"wp:featuredmedia":[{"embeddable":true,"href":"https:\/\/27-215.pl\/index.php\/wp-json\/wp\/v2\/media\/496"}],"wp:attachment":[{"href":"https:\/\/27-215.pl\/index.php\/wp-json\/wp\/v2\/media?parent=495"}],"wp:term":[{"taxonomy":"product_brand","embeddable":true,"href":"https:\/\/27-215.pl\/index.php\/wp-json\/wp\/v2\/product_brand?post=495"},{"taxonomy":"product_cat","embeddable":true,"href":"https:\/\/27-215.pl\/index.php\/wp-json\/wp\/v2\/product_cat?post=495"},{"taxonomy":"product_tag","embeddable":true,"href":"https:\/\/27-215.pl\/index.php\/wp-json\/wp\/v2\/product_tag?post=495"}],"curies":[{"name":"wp","href":"https:\/\/api.w.org\/{rel}","templated":true}]}}