{"id":497,"date":"2025-01-26T11:30:37","date_gmt":"2025-01-26T10:30:37","guid":{"rendered":"https:\/\/www.27-215.pl\/?post_type=product&#038;p=497"},"modified":"2026-04-19T16:01:41","modified_gmt":"2026-04-19T14:01:41","slug":"putorius-masc-z-propolisem-i-woskiem-150ml","status":"publish","type":"product","link":"https:\/\/27-215.pl\/index.php\/produkt\/putorius-masc-z-propolisem-i-woskiem-150ml\/","title":{"rendered":"Putorius Ma\u015b\u0107 z propolisem i woskiem 150ml"},"content":{"rendered":"<div class=\"mpof_ki myre_zn myre_8v_l m389_6m_l\">\n<div class=\"mp4t_16_s mryx_16_s mr3m_1 mli2_1 mh85_56 mh85_0_l\">\n<div class=\"mgn2_16 _0d3bd_am0a-\">\n<p>Dzia\u0142anie ma\u015bci jest zwi\u0105zane z w\u0142a\u015bciwo\u015bciami propolisu.\u00a0<b>Propolis<\/b>\u00a0to pszczeli skarb, kt\u00f3ry posiada w\u0142a\u015bciwo\u015bci wykorzystywane w kosmetyce i medycynie. Propolis r\u00f3wnie\u017c sk\u0142adnikiem wielu preparat\u00f3w do stosowania na cia\u0142o i w\u0142osy.<\/p>\n<h2>\u2705Ma\u015b\u0107 propolisowa zastosowanie:<\/h2>\n<ul>\n<li>problemy sk\u00f3rne<\/li>\n<li>odparzenia<\/li>\n<li>odmro\u017cenia<\/li>\n<li>opryszczka<\/li>\n<li>zajady<\/li>\n<li>tr\u0105dzik<\/li>\n<li>p\u0119kaj\u0105ce usta<\/li>\n<\/ul>\n<h2>\u2705Ma\u015b\u0107 z propolisu mo\u017ce by\u0107 stosowana r\u00f3wnie\u017c jako ma\u015b\u0107:<\/h2>\n<ul>\n<li>ochronn\u0105<\/li>\n<li>antybakteryjn\u0105<\/li>\n<li>na problemy sk\u00f3rne<\/li>\n<li>aseptyczn\u0105<\/li>\n<li>na zrogowacenia<\/li>\n<li>na odparzenia<\/li>\n<li>na zajady<\/li>\n<li>na tr\u0105dzik<\/li>\n<li>na suche pi\u0119ty<\/li>\n<\/ul>\n<\/div>\n<\/div>\n<\/div>\n<div class=\"mpof_ki myre_zn myre_8v_l m389_6m_l\">\n<div class=\"mp4t_16_s mryx_16_s mr3m_1 mli2_1 mh85_56 mh85_0_l\">\n<div class=\"mg9e_8 mj7a_8 mg9e_0_s mvrt_0_s mj7a_0_s mh36_0_s mzmg_6m munh_16_l m3h2_16_l\"><\/div>\n<\/div>\n<div class=\"mp4t_16_s mryx_16_s mr3m_1 mli2_1 mh85_56 mh85_0_l\">\n<div class=\"mgn2_16 _0d3bd_am0a-\">\n<p><b>Stosowanie:<\/b>\u00a0Ma\u015b\u0107 propolisow\u0105 nale\u017cy stosowa\u0107 2-3 razy w ci\u0105gu dnia.\u00a0Ma\u015b\u0107 zawiera ekstrakt z propolisu.<\/p>\n<p><b>Pojemno\u015b\u0107:<\/b>\u00a0150 ml<\/p>\n<\/div>\n<\/div>\n<\/div>\n","protected":false},"excerpt":{"rendered":"<p>Dzia\u0142anie ma\u015bci jest zwi\u0105zane z w\u0142a\u015bciwo\u015bciami propolisu.\u00a0Propolis\u00a0to pszczeli skarb, kt\u00f3ry posiada w\u0142a\u015bciwo\u015bci wykorzystywane w kosmetyce i medycynie. Propolis r\u00f3wnie\u017c sk\u0142adnikiem wielu preparat\u00f3w do stosowania na cia\u0142o i w\u0142osy. \u2705Ma\u015b\u0107 propolisowa zastosowanie: problemy sk\u00f3rne odparzenia odmro\u017cenia opryszczka zajady tr\u0105dzik p\u0119kaj\u0105ce usta \u2705Ma\u015b\u0107 z propolisu mo\u017ce by\u0107 stosowana r\u00f3wnie\u017c jako ma\u015b\u0107: ochronn\u0105 antybakteryjn\u0105 na problemy sk\u00f3rne aseptyczn\u0105 [&hellip;]<\/p>\n","protected":false},"featured_media":498,"template":"","meta":[],"product_brand":[26],"product_cat":[25],"product_tag":[],"class_list":{"0":"post-497","1":"product","2":"type-product","3":"status-publish","4":"has-post-thumbnail","6":"product_brand-putorius","7":"product_cat-putorius","9":"first","10":"instock","11":"taxable","12":"shipping-taxable","13":"purchasable","14":"product-type-simple"},"_links":{"self":[{"href":"https:\/\/27-215.pl\/index.php\/wp-json\/wp\/v2\/product\/497","targetHints":{"allow":["GET"]}}],"collection":[{"href":"https:\/\/27-215.pl\/index.php\/wp-json\/wp\/v2\/product"}],"about":[{"href":"https:\/\/27-215.pl\/index.php\/wp-json\/wp\/v2\/types\/product"}],"wp:featuredmedia":[{"embeddable":true,"href":"https:\/\/27-215.pl\/index.php\/wp-json\/wp\/v2\/media\/498"}],"wp:attachment":[{"href":"https:\/\/27-215.pl\/index.php\/wp-json\/wp\/v2\/media?parent=497"}],"wp:term":[{"taxonomy":"product_brand","embeddable":true,"href":"https:\/\/27-215.pl\/index.php\/wp-json\/wp\/v2\/product_brand?post=497"},{"taxonomy":"product_cat","embeddable":true,"href":"https:\/\/27-215.pl\/index.php\/wp-json\/wp\/v2\/product_cat?post=497"},{"taxonomy":"product_tag","embeddable":true,"href":"https:\/\/27-215.pl\/index.php\/wp-json\/wp\/v2\/product_tag?post=497"}],"curies":[{"name":"wp","href":"https:\/\/api.w.org\/{rel}","templated":true}]}}