{"id":505,"date":"2025-01-26T12:02:29","date_gmt":"2025-01-26T11:02:29","guid":{"rendered":"https:\/\/www.27-215.pl\/?post_type=product&#038;p=505"},"modified":"2026-04-04T08:48:37","modified_gmt":"2026-04-04T06:48:37","slug":"palacio-masc-konopna-do-stop-i-piet-100-ml","status":"publish","type":"product","link":"https:\/\/27-215.pl\/index.php\/produkt\/palacio-masc-konopna-do-stop-i-piet-100-ml\/","title":{"rendered":"Palacio Ma\u015b\u0107 konopna do st\u00f3p i pi\u0119t 100 ml"},"content":{"rendered":"<h2>Palacio Cannabis &#8211; Ma\u015b\u0107 konopna do st\u00f3p i pi\u0119t 100 ml<\/h2>\n<p><strong>Ma\u015b\u0107 do st\u00f3p i pi\u0119t<\/strong>\u00a0czeskiego producenta\u00a0<strong>Palacio\u00a0Cannabis.<\/strong><br \/>\nZawiera wazelin\u0119 medyczn\u0105 oraz olej z nasion konopi (Cannabis Sativa Seed Oil).<br \/>\nMa\u015b\u0107 Palacio pomaga zmi\u0119kczy\u0107 such\u0105, tward\u0105 i pop\u0119kan\u0105 sk\u00f3r\u0119 st\u00f3p i d\u0142oni.<br \/>\nZawarty w niej olej konopny zapewnia szybkie nawil\u017cenie i zmi\u0119kczenie stwardnia\u0142ych miejsc na sk\u00f3rze.<br \/>\n<strong>Przynosi odczuwalne rezultaty ju\u017c po poierwszym u\u017cyciu.<\/strong><br \/>\nOlej konopny jest odpowiedni dla wi\u0119kszo\u015bci rodzaj\u00f3w sk\u00f3ry.<br \/>\nZapewnia skuteczne wyg\u0142adzenie i ochron\u0119 dla sk\u00f3ry suchej, t\u0142ustej i wra\u017cliwej, a jego w\u0142a\u015bciwo\u015bci antyoksydacyjne pomagaj\u0105 zwalcza\u0107 zmarszczki.<\/p>\n<h2>\u2705Cechy ma\u015bci Palacio Cannabis Foot Balm:<\/h2>\n<ul>\n<li>regeneruje such\u0105, pop\u0119kan\u0105 sk\u00f3r\u0119<\/li>\n<li>zmi\u0119kcza zrogowacia\u0142\u0105 sk\u00f3r\u0119 st\u00f3p i \u0142okci<\/li>\n<li>widoczne rezultaty ju\u017c od pierwszego u\u017cycia<\/li>\n<li>zawiera olej konopny t\u0142oczony na zimno<\/li>\n<\/ul>\n<h2>\u2705<strong>Sk\u0142ad:<\/strong><\/h2>\n<ul>\n<li>wazelina medyczna<\/li>\n<li>olej konopny<\/li>\n<li>substancja zapachowa<\/li>\n<\/ul>\n<p><strong>Opakowanie: 100 ml<\/strong><\/p>\n","protected":false},"excerpt":{"rendered":"<p>Palacio Cannabis &#8211; Ma\u015b\u0107 konopna do st\u00f3p i pi\u0119t 100 ml Ma\u015b\u0107 do st\u00f3p i pi\u0119t\u00a0czeskiego producenta\u00a0Palacio\u00a0Cannabis. Zawiera wazelin\u0119 medyczn\u0105 oraz olej z nasion konopi (Cannabis Sativa Seed Oil). Ma\u015b\u0107 Palacio pomaga zmi\u0119kczy\u0107 such\u0105, tward\u0105 i pop\u0119kan\u0105 sk\u00f3r\u0119 st\u00f3p i d\u0142oni. Zawarty w niej olej konopny zapewnia szybkie nawil\u017cenie i zmi\u0119kczenie stwardnia\u0142ych miejsc na sk\u00f3rze. [&hellip;]<\/p>\n","protected":false},"featured_media":506,"template":"","meta":[],"product_brand":[22],"product_cat":[21],"product_tag":[],"class_list":{"0":"post-505","1":"product","2":"type-product","3":"status-publish","4":"has-post-thumbnail","6":"product_brand-palacio","7":"product_cat-palacio","9":"first","10":"instock","11":"taxable","12":"shipping-taxable","13":"purchasable","14":"product-type-simple"},"_links":{"self":[{"href":"https:\/\/27-215.pl\/index.php\/wp-json\/wp\/v2\/product\/505","targetHints":{"allow":["GET"]}}],"collection":[{"href":"https:\/\/27-215.pl\/index.php\/wp-json\/wp\/v2\/product"}],"about":[{"href":"https:\/\/27-215.pl\/index.php\/wp-json\/wp\/v2\/types\/product"}],"wp:featuredmedia":[{"embeddable":true,"href":"https:\/\/27-215.pl\/index.php\/wp-json\/wp\/v2\/media\/506"}],"wp:attachment":[{"href":"https:\/\/27-215.pl\/index.php\/wp-json\/wp\/v2\/media?parent=505"}],"wp:term":[{"taxonomy":"product_brand","embeddable":true,"href":"https:\/\/27-215.pl\/index.php\/wp-json\/wp\/v2\/product_brand?post=505"},{"taxonomy":"product_cat","embeddable":true,"href":"https:\/\/27-215.pl\/index.php\/wp-json\/wp\/v2\/product_cat?post=505"},{"taxonomy":"product_tag","embeddable":true,"href":"https:\/\/27-215.pl\/index.php\/wp-json\/wp\/v2\/product_tag?post=505"}],"curies":[{"name":"wp","href":"https:\/\/api.w.org\/{rel}","templated":true}]}}