{"id":509,"date":"2025-01-26T12:45:41","date_gmt":"2025-01-26T11:45:41","guid":{"rendered":"https:\/\/www.27-215.pl\/?post_type=product&#038;p=509"},"modified":"2026-04-04T08:48:46","modified_gmt":"2026-04-04T06:48:46","slug":"putorius-zel-konopny-ekstra-silny-150-ml","status":"publish","type":"product","link":"https:\/\/27-215.pl\/index.php\/produkt\/putorius-zel-konopny-ekstra-silny-150-ml\/","title":{"rendered":"Putorius \u017bel konopny ekstra silny 150 ml"},"content":{"rendered":"<p data-pm-slice=\"0 0 []\"><strong>\u017bel konopny extra silna marki Putorius \u2013 naturalne wsparcie dla Twojego cia\u0142a<\/strong><\/p>\n<p><strong>\u017bel konopny<\/strong>\u00a0extra silna marki Putorius to zaawansowany produkt stworzony z my\u015bl\u0105 o osobach, kt\u00f3re poszukuj\u0105 skutecznej ulgi w b\u00f3lach mi\u0119\u015bniowych i stawowych. Dzi\u0119ki wyj\u0105tkowemu po\u0142\u0105czeniu naturalnych sk\u0142adnik\u00f3w i du\u017cej zawarto\u015bci\u00a0<strong>oleju konopnego<\/strong>, \u017cel Putorius zapewnia intensywne dzia\u0142anie przeciwb\u00f3lowe oraz relaksuj\u0105ce. Idealnie nadaje si\u0119 dla os\u00f3b aktywnych fizycznie, sportowc\u00f3w, jak i tych, kt\u00f3rzy odczuwaj\u0105 dolegliwo\u015bci zwi\u0105zane z wiekiem lub prac\u0105 siedz\u0105c\u0105.<\/p>\n<p><strong>\u017bel konopny Putorius<\/strong>\u00a0wyr\u00f3\u017cnia si\u0119 swoj\u0105 unikaln\u0105 formu\u0142\u0105 opart\u0105 na ekstrakcie z konopi, kt\u00f3ry jest bogaty w\u00a0<strong>kannabinoidy<\/strong>, zw\u0142aszcza\u00a0<strong>CBD<\/strong>\u00a0(kannabidiol).\u00a0<strong>\u017bele konopne<\/strong>\u00a0s\u0105 cenione za swoje w\u0142a\u015bciwo\u015bci regeneracyjne i \u0142agodz\u0105ce, a\u00a0<strong>CBD<\/strong>\u00a0znane jest ze swojego dzia\u0142ania przeciwzapalnego i przeciwb\u00f3lowego, co sprawia, \u017ce jest to niezast\u0105piony produkt w ka\u017cdej domowej apteczce. Dzi\u0119ki temu\u00a0<strong>\u017cel konopny na b\u00f3le staw\u00f3w<\/strong>\u00a0przynosi szybk\u0105 ulg\u0119 i pozwala cieszy\u0107 si\u0119 pe\u0142ni\u0105 aktywno\u015bci fizycznej bez zb\u0119dnych ogranicze\u0144.<\/p>\n<p><strong>Korzy\u015bci z u\u017cywania \u017belu konopnego extra silna marki Putorius:<\/strong><\/p>\n<ul data-spread=\"false\">\n<li><strong>Szybka ulga w b\u00f3lu<\/strong>\u00a0\u2013 \u017cel dzia\u0142a niemal natychmiast po aplikacji, redukuj\u0105c odczuwany b\u00f3l mi\u0119\u015bni i staw\u00f3w. Sk\u0142adniki aktywne, takie jak olej konopny i mentol, wnikaj\u0105 g\u0142\u0119boko w sk\u00f3r\u0119, przynosz\u0105c wyra\u017an\u0105 ulg\u0119 i ukojenie.<\/li>\n<li><strong>W\u0142a\u015bciwo\u015bci przeciwzapalne<\/strong>\u00a0\u2013 dzi\u0119ki zawarto\u015bci naturalnych ekstrakt\u00f3w konopnych,\u00a0<strong>\u017cel konopny przeciwb\u00f3lowy<\/strong>\u00a0pomaga zmniejszy\u0107 stany zapalne i obrz\u0119ki. To idealne rozwi\u0105zanie dla os\u00f3b cierpi\u0105cych na chroniczne b\u00f3le staw\u00f3w oraz na b\u00f3le wynikaj\u0105ce z intensywnego wysi\u0142ku fizycznego.<\/li>\n<li><strong>Relaksacja i odpr\u0119\u017cenie<\/strong>\u00a0\u2013 opr\u00f3cz dzia\u0142ania przeciwb\u00f3lowego, \u017cel Putorius doskonale relaksuje napi\u0119te mi\u0119\u015bnie, pomagaj\u0105c w ich regeneracji.\u00a0<strong>\u017bel konopny na mi\u0119\u015bnie<\/strong>\u00a0jest \u015bwietnym wsparciem po ci\u0119\u017ckim treningu lub w przypadku przem\u0119czenia mi\u0119\u015bniowego.<\/li>\n<\/ul>\n<p><strong>Naturalny sk\u0142ad dla zdrowia i bezpiecze\u0144stwa<\/strong><\/p>\n<p>\u017bel Putorius wyr\u00f3\u017cnia si\u0119 na rynku dzi\u0119ki swojej naturalnej formule.\u00a0<strong>\u017bele konopne do masa\u017cu<\/strong>\u00a0tej marki nie zawieraj\u0105 sztucznych barwnik\u00f3w ani paraben\u00f3w, co sprawia, \u017ce s\u0105 bezpieczne nawet dla os\u00f3b z wra\u017cliw\u0105 sk\u00f3r\u0105. Olej konopny, b\u0119d\u0105cy g\u0142\u00f3wnym sk\u0142adnikiem \u017celu, posiada liczne w\u0142a\u015bciwo\u015bci piel\u0119gnacyjne, od\u017cywia sk\u00f3r\u0119, a tak\u017ce przyspiesza regeneracj\u0119 mikrouszkodze\u0144. Wzbogacenie formu\u0142y o sk\u0142adniki takie jak mentol, arnika, czy wyci\u0105g z eukaliptusa dodatkowo wspiera proces \u0142agodzenia b\u00f3lu i poprawia kr\u0105\u017cenie.<\/p>\n<p><strong>Jak stosowa\u0107 \u017cel konopny Putorius?<\/strong><\/p>\n<p>Aplikacja\u00a0<strong>\u017celu konopnego<\/strong>\u00a0jest niezwykle prosta. Wystarczy na\u0142o\u017cy\u0107 niewielk\u0105 ilo\u015b\u0107 \u017celu na bolesne miejsce i delikatnie wmasowa\u0107, a\u017c do pe\u0142nego wch\u0142oni\u0119cia. Produkt dzia\u0142a najlepiej, gdy stosowany jest 2-3 razy dziennie, w zale\u017cno\u015bci od potrzeb. Dzi\u0119ki swojej lekkiej konsystencji\u00a0<strong>\u017cel konopny do staw\u00f3w<\/strong>\u00a0szybko si\u0119 wch\u0142ania, nie pozostawiaj\u0105c t\u0142ustej warstwy na sk\u00f3rze, co czyni go wygodnym w u\u017cyciu na co dzie\u0144.<\/p>\n<p><strong>Dla kogo jest przeznaczony \u017bel konopny extra silna Putorius?<\/strong><\/p>\n<p><strong>\u017bel konopny na stawy<\/strong>\u00a0Putorius jest polecany dla szerokiej grupy u\u017cytkownik\u00f3w:<\/p>\n<ul data-spread=\"false\">\n<li>Os\u00f3b, kt\u00f3re borykaj\u0105 si\u0119 z przewlek\u0142ymi b\u00f3lami staw\u00f3w i mi\u0119\u015bni, takimi jak artretyzm czy reumatyzm.<\/li>\n<li>Sportowc\u00f3w, kt\u00f3rzy potrzebuj\u0105 szybkiej regeneracji po intensywnych treningach.\u00a0<strong>\u017bel konopny dla sportowc\u00f3w<\/strong>\u00a0zapewnia ulg\u0119 i przyspiesza proces odbudowy mi\u0119\u015bni.<\/li>\n<li>Os\u00f3b starszych, kt\u00f3re cierpi\u0105 na zwyrodnienia staw\u00f3w i potrzebuj\u0105 naturalnego wsparcia w codziennym funkcjonowaniu.<\/li>\n<li>Ka\u017cdego, kto odczuwa dolegliwo\u015bci b\u00f3lowe zwi\u0105zane z nadmiernym stresem, przem\u0119czeniem lub niew\u0142a\u015bciw\u0105 postaw\u0105 cia\u0142a.<\/li>\n<\/ul>\n<p><strong>Dlaczego warto wybra\u0107 \u017cel konopny Putorius?<\/strong><\/p>\n<p>Na rynku dost\u0119pnych jest wiele r\u00f3\u017cnych produkt\u00f3w, jednak \u017cel konopny Putorius extra silna wyr\u00f3\u017cnia si\u0119 swoj\u0105 skuteczno\u015bci\u0105 oraz naturalnym sk\u0142adem. U\u017cytkownicy doceniaj\u0105 jego\u00a0<strong>silne dzia\u0142anie przeciwb\u00f3lowe<\/strong>\u00a0oraz to, jak szybko przynosi ulg\u0119 bez uczucia pieczenia czy nieprzyjemnego zapachu. Jest to jeden z najlepszych\u00a0<strong>\u017celi konopnych na b\u00f3l staw\u00f3w<\/strong>\u00a0dost\u0119pnych obecnie, a jego unikalna formu\u0142a sprawia, \u017ce nie tylko \u0142agodzi b\u00f3l, ale r\u00f3wnie\u017c piel\u0119gnuje sk\u00f3r\u0119 i wspiera jej zdrowie.<\/p>\n<p>Je\u015bli poszukujesz\u00a0<strong>\u017celu konopnego do masa\u017cu<\/strong>, kt\u00f3ry pomo\u017ce Ci zredukowa\u0107 b\u00f3le staw\u00f3w i mi\u0119\u015bni, \u017cel Putorius b\u0119dzie idealnym wyborem. Dzi\u0119ki swojej ekstra silnej formule zapewnia d\u0142ugotrwa\u0142\u0105 ulg\u0119 i relaks, wspieraj\u0105c Tw\u00f3j komfort fizyczny ka\u017cdego dnia.<\/p>\n<p>Postaw na sprawdzon\u0105 jako\u015b\u0107 i ciesz si\u0119 pe\u0142ni\u0105 \u017cycia bez b\u00f3lu \u2013 wybierz\u00a0<strong>\u017bel konopny extra silna marki Putorius<\/strong>\u00a0i odkryj, jak wiele mo\u017ce da\u0107 Ci moc natury w postaci oleju konopnego.<\/p>\n<p>Ostrze\u017cenie: Nie jest przeznaczony dla dzieci poni\u017cej trzeciego roku \u017cycia, nie stosowa\u0107 ma\u015bci w okolicach oczu, ma\u015b\u0107 nie jest przeznaczona do spo\u017cycia, ma\u015b\u0107 przeznaczona tylko do u\u017cytku zewn\u0119trznego.<\/p>\n<p><b>Opakowanie:<\/b> 150ml<\/p>\n","protected":false},"excerpt":{"rendered":"<p>\u017bel konopny extra silna marki Putorius \u2013 naturalne wsparcie dla Twojego cia\u0142a \u017bel konopny\u00a0extra silna marki Putorius to zaawansowany produkt stworzony z my\u015bl\u0105 o osobach, kt\u00f3re poszukuj\u0105 skutecznej ulgi w b\u00f3lach mi\u0119\u015bniowych i stawowych. Dzi\u0119ki wyj\u0105tkowemu po\u0142\u0105czeniu naturalnych sk\u0142adnik\u00f3w i du\u017cej zawarto\u015bci\u00a0oleju konopnego, \u017cel Putorius zapewnia intensywne dzia\u0142anie przeciwb\u00f3lowe oraz relaksuj\u0105ce. Idealnie nadaje si\u0119 dla [&hellip;]<\/p>\n","protected":false},"featured_media":510,"template":"","meta":[],"product_brand":[26],"product_cat":[25],"product_tag":[],"class_list":{"0":"post-509","1":"product","2":"type-product","3":"status-publish","4":"has-post-thumbnail","6":"product_brand-putorius","7":"product_cat-putorius","9":"first","10":"instock","11":"taxable","12":"shipping-taxable","13":"purchasable","14":"product-type-simple"},"_links":{"self":[{"href":"https:\/\/27-215.pl\/index.php\/wp-json\/wp\/v2\/product\/509","targetHints":{"allow":["GET"]}}],"collection":[{"href":"https:\/\/27-215.pl\/index.php\/wp-json\/wp\/v2\/product"}],"about":[{"href":"https:\/\/27-215.pl\/index.php\/wp-json\/wp\/v2\/types\/product"}],"wp:featuredmedia":[{"embeddable":true,"href":"https:\/\/27-215.pl\/index.php\/wp-json\/wp\/v2\/media\/510"}],"wp:attachment":[{"href":"https:\/\/27-215.pl\/index.php\/wp-json\/wp\/v2\/media?parent=509"}],"wp:term":[{"taxonomy":"product_brand","embeddable":true,"href":"https:\/\/27-215.pl\/index.php\/wp-json\/wp\/v2\/product_brand?post=509"},{"taxonomy":"product_cat","embeddable":true,"href":"https:\/\/27-215.pl\/index.php\/wp-json\/wp\/v2\/product_cat?post=509"},{"taxonomy":"product_tag","embeddable":true,"href":"https:\/\/27-215.pl\/index.php\/wp-json\/wp\/v2\/product_tag?post=509"}],"curies":[{"name":"wp","href":"https:\/\/api.w.org\/{rel}","templated":true}]}}