{"id":511,"date":"2025-01-26T12:54:34","date_gmt":"2025-01-26T11:54:34","guid":{"rendered":"https:\/\/www.27-215.pl\/?post_type=product&#038;p=511"},"modified":"2026-04-04T08:48:39","modified_gmt":"2026-04-04T06:48:39","slug":"putorius-zel-konopny-chlodzacy-150ml","status":"publish","type":"product","link":"https:\/\/27-215.pl\/index.php\/produkt\/putorius-zel-konopny-chlodzacy-150ml\/","title":{"rendered":"Putorius \u017bel konopny ch\u0142odz\u0105cy 150ml"},"content":{"rendered":"<div class=\"mpof_ki myre_zn myre_8v_l m389_6m_l\">\n<div class=\"mp4t_16_s mryx_16_s mr3m_1 mli2_1 mh85_56 mh85_0_l\">\n<div class=\"mgn2_16 _0d3bd_am0a-\">\n<h2>\u2705 Ma\u015b\u0107 konopna przeciwb\u00f3lowa<\/h2>\n<p>Zio\u0142owy \u017cel do masa\u017cu cia\u0142a ze zwi\u0119kszon\u0105 zawarto\u015bci\u0105 mentolu oraz olejku eukaliptusowego. \u017bel zosta\u0142 stworzony na podstawie tradycyjnej receptury, kt\u00f3ra bazuje na zio\u0142owych olejkach i wyci\u0105gach.<\/p>\n<p>Olej konopny zawarty w produkcie ma dzia\u0142anie silnie regeneruj\u0105ce i zmi\u0119kczaj\u0105ce. Konopie pomagaj\u0105 zwi\u0119kszy\u0107 elastyczno\u015b\u0107 sk\u00f3ry, zachowuj\u0105c jej blask i zdrowy wygl\u0105d.<\/p>\n<p>Udowodniono r\u00f3wnie\u017c, \u017ce konopie indyjskie dzia\u0142aj\u0105 r\u00f3wnie\u017c na egzem\u0119 i inne choroby sk\u00f3ry.<\/p>\n<\/div>\n<\/div>\n<\/div>\n<div class=\"mpof_ki myre_zn myre_8v_l m389_6m_l\">\n<div class=\"mp4t_16_s mryx_16_s mr3m_1 mli2_1 mh85_56 mh85_0_l\">\n<div class=\"mgn2_16 _0d3bd_am0a-\">\n<h2>\u2705 Ma\u015b\u0107 ch\u0142odz\u0105ca &#8211; dzia\u0142anie :<\/h2>\n<ul>\n<li>Odpr\u0119\u017ca cia\u0142a po wyt\u0119\u017conym wysi\u0142ku sportowym i fizycznym<\/li>\n<li>Dzia\u0142a tonizuj\u0105co i relaksuj\u0105co<\/li>\n<li>Przynosi ulg\u0119 obola\u0142ym i zm\u0119czonym mi\u0119\u015bniom i stawom<\/li>\n<li>Wspomaga regeneracj\u0119<\/li>\n<li>Poprawia kr\u0105\u017cenie krwi<\/li>\n<li>\u0141agodzi b\u00f3le reumatyczne<\/li>\n<li>Pomaga zmniejszy\u0107 obrz\u0119ki ko\u0144czyn<\/li>\n<li>\u0141agodzi b\u00f3le mi\u0119\u015bniowo-stawowe<\/li>\n<li>Niweluje uczucie ci\u0119\u017ckich n\u00f3g<\/li>\n<\/ul>\n<h2>\u2705 Ma\u015b\u0107 konopna dzia\u0142anie:<\/h2>\n<ul>\n<li>aseptycznie<\/li>\n<li>przeciwgrzybicze<\/li>\n<li>przeciwzapalne<\/li>\n<li>przeciwb\u00f3lowe<\/li>\n<li>ch\u0142odz\u0105ce<\/li>\n<\/ul>\n<p>Kamfora pobudza kr\u0105\u017cenie krwi, lekko ch\u0142odzi i znieczula. Ponadto ma dzia\u0142anie przeciwzapalne, przeciwgrzybicze, dezynfekuj\u0105ce i \u015bci\u0105gaj\u0105ce.<\/p>\n<p><b>Spos\u00f3b u\u017cycia:<\/b>\u00a0Ma\u015b\u0107 wmasowywa\u0107 w obola\u0142e miejsca, je\u015bli zachodzi taka potrzeba, mo\u017cna j\u0105 stosowa\u0107 do kilku razy dziennie.<\/p>\n<p><b>Pojemno\u015b\u0107:<\/b> 150ml<\/p>\n<\/div>\n<\/div>\n<\/div>\n","protected":false},"excerpt":{"rendered":"<p>\u2705 Ma\u015b\u0107 konopna przeciwb\u00f3lowa Zio\u0142owy \u017cel do masa\u017cu cia\u0142a ze zwi\u0119kszon\u0105 zawarto\u015bci\u0105 mentolu oraz olejku eukaliptusowego. \u017bel zosta\u0142 stworzony na podstawie tradycyjnej receptury, kt\u00f3ra bazuje na zio\u0142owych olejkach i wyci\u0105gach. Olej konopny zawarty w produkcie ma dzia\u0142anie silnie regeneruj\u0105ce i zmi\u0119kczaj\u0105ce. Konopie pomagaj\u0105 zwi\u0119kszy\u0107 elastyczno\u015b\u0107 sk\u00f3ry, zachowuj\u0105c jej blask i zdrowy wygl\u0105d. Udowodniono r\u00f3wnie\u017c, \u017ce [&hellip;]<\/p>\n","protected":false},"featured_media":512,"template":"","meta":[],"product_brand":[26],"product_cat":[25],"product_tag":[],"class_list":{"0":"post-511","1":"product","2":"type-product","3":"status-publish","4":"has-post-thumbnail","6":"product_brand-putorius","7":"product_cat-putorius","9":"first","10":"instock","11":"taxable","12":"shipping-taxable","13":"purchasable","14":"product-type-simple"},"_links":{"self":[{"href":"https:\/\/27-215.pl\/index.php\/wp-json\/wp\/v2\/product\/511","targetHints":{"allow":["GET"]}}],"collection":[{"href":"https:\/\/27-215.pl\/index.php\/wp-json\/wp\/v2\/product"}],"about":[{"href":"https:\/\/27-215.pl\/index.php\/wp-json\/wp\/v2\/types\/product"}],"wp:featuredmedia":[{"embeddable":true,"href":"https:\/\/27-215.pl\/index.php\/wp-json\/wp\/v2\/media\/512"}],"wp:attachment":[{"href":"https:\/\/27-215.pl\/index.php\/wp-json\/wp\/v2\/media?parent=511"}],"wp:term":[{"taxonomy":"product_brand","embeddable":true,"href":"https:\/\/27-215.pl\/index.php\/wp-json\/wp\/v2\/product_brand?post=511"},{"taxonomy":"product_cat","embeddable":true,"href":"https:\/\/27-215.pl\/index.php\/wp-json\/wp\/v2\/product_cat?post=511"},{"taxonomy":"product_tag","embeddable":true,"href":"https:\/\/27-215.pl\/index.php\/wp-json\/wp\/v2\/product_tag?post=511"}],"curies":[{"name":"wp","href":"https:\/\/api.w.org\/{rel}","templated":true}]}}