{"id":514,"date":"2025-01-26T13:23:50","date_gmt":"2025-01-26T12:23:50","guid":{"rendered":"https:\/\/www.27-215.pl\/?post_type=product&#038;p=514"},"modified":"2026-04-04T08:48:34","modified_gmt":"2026-04-04T06:48:34","slug":"palacio-konopny-zel-do-masazu-250-ml","status":"publish","type":"product","link":"https:\/\/27-215.pl\/index.php\/produkt\/palacio-konopny-zel-do-masazu-250-ml\/","title":{"rendered":"Palacio Konopny \u017cel do masa\u017cu 250 ml"},"content":{"rendered":"<h2>Cannagel &#8211; \u017bel do masa\u017cu Palacio na b\u00f3l 250 ml<\/h2>\n<p>Lekki\u00a0<strong>\u017cel do masa\u017cu<\/strong>\u00a0czeskiego producenta\u00a0<strong>Palacio<\/strong>\u00a0do stosowania zewn\u0119trznego na sk\u00f3r\u0119 w miejscu wyst\u0119powania objaw\u00f3w schorze\u0144 staw\u00f3w, mi\u0119\u015bni i \u015bci\u0119gien.<br \/>\n<strong>Zawiera 94,2% pochodzenia naturalnego<\/strong>\u00a0w tym\u00a0<strong>5% wysokiej jako\u015bci oleju konopnego t\u0142oczonego na zimno.\u00a0<\/strong><br \/>\n\u017bel do masa\u017cu Palacio dzia\u0142a regeneruj\u0105co, przynosi odczuwaln\u0105 ulg\u0119 w b\u00f3lu.<br \/>\nObecno\u015b\u0107 oleju konopnego, substancji biologicznie czynnych oraz\u00a0<strong>ekstrakt z 19 zi\u00f3\u0142<\/strong>\u00a0gwarantuje skuteczno\u015b\u0107 masa\u017cu.<br \/>\nMasa\u017c sk\u00f3ry z \u017celem Palacio Cannagel \u0142agodzi zm\u0119czenie, rozgrzewa i miejscowo poprawia kr\u0105\u017cenie krwi.<br \/>\n\u0141agodzi uczucie ci\u0119\u017ckich n\u00f3g, przyspiesza regeneracj\u0119 po wysi\u0142ku fizycznym.<\/p>\n<h2>\u2705Cechy Cannagel Palacio:<\/h2>\n<ul>\n<li>efekty rewitalizuj\u0105ce<\/li>\n<li>intensywnie regeneruje<\/li>\n<li>przynosi ulg\u0119<\/li>\n<li>\u0142atwo si\u0119 wch\u0142ania<\/li>\n<li>od\u015bwie\u017ca, \u0142agodzi i nadaje elastyczno\u015b\u0107<\/li>\n<li>przyspiesza regeneracj\u0119 po wysi\u0142ku fizycznym<\/li>\n<li>\u0142agodzi uczucie ci\u0119\u017ckich n\u00f3g<\/li>\n<li>94,2% pochodzenia naturalnego<\/li>\n<li>testowany dermatologicznie<\/li>\n<\/ul>\n<p>&nbsp;<\/p>\n<h2>\u2705<strong>Sk\u0142adniki:<\/strong><\/h2>\n<ul>\n<li>olej konopny<\/li>\n<li>gliceryna<\/li>\n<li>kamfora<\/li>\n<li>mentol<\/li>\n<li>ekstrakt z 19 zi\u00f3\u0142<\/li>\n<li>eteryczny olejek sosnowy<\/li>\n<\/ul>\n<p><strong>Opakowanie:<\/strong> 250 ml<\/p>\n","protected":false},"excerpt":{"rendered":"<p>Cannagel &#8211; \u017bel do masa\u017cu Palacio na b\u00f3l 250 ml Lekki\u00a0\u017cel do masa\u017cu\u00a0czeskiego producenta\u00a0Palacio\u00a0do stosowania zewn\u0119trznego na sk\u00f3r\u0119 w miejscu wyst\u0119powania objaw\u00f3w schorze\u0144 staw\u00f3w, mi\u0119\u015bni i \u015bci\u0119gien. Zawiera 94,2% pochodzenia naturalnego\u00a0w tym\u00a05% wysokiej jako\u015bci oleju konopnego t\u0142oczonego na zimno.\u00a0 \u017bel do masa\u017cu Palacio dzia\u0142a regeneruj\u0105co, przynosi odczuwaln\u0105 ulg\u0119 w b\u00f3lu. Obecno\u015b\u0107 oleju konopnego, substancji biologicznie [&hellip;]<\/p>\n","protected":false},"featured_media":515,"template":"","meta":[],"product_brand":[22],"product_cat":[21],"product_tag":[],"class_list":{"0":"post-514","1":"product","2":"type-product","3":"status-publish","4":"has-post-thumbnail","6":"product_brand-palacio","7":"product_cat-palacio","9":"first","10":"instock","11":"taxable","12":"shipping-taxable","13":"purchasable","14":"product-type-simple"},"_links":{"self":[{"href":"https:\/\/27-215.pl\/index.php\/wp-json\/wp\/v2\/product\/514","targetHints":{"allow":["GET"]}}],"collection":[{"href":"https:\/\/27-215.pl\/index.php\/wp-json\/wp\/v2\/product"}],"about":[{"href":"https:\/\/27-215.pl\/index.php\/wp-json\/wp\/v2\/types\/product"}],"wp:featuredmedia":[{"embeddable":true,"href":"https:\/\/27-215.pl\/index.php\/wp-json\/wp\/v2\/media\/515"}],"wp:attachment":[{"href":"https:\/\/27-215.pl\/index.php\/wp-json\/wp\/v2\/media?parent=514"}],"wp:term":[{"taxonomy":"product_brand","embeddable":true,"href":"https:\/\/27-215.pl\/index.php\/wp-json\/wp\/v2\/product_brand?post=514"},{"taxonomy":"product_cat","embeddable":true,"href":"https:\/\/27-215.pl\/index.php\/wp-json\/wp\/v2\/product_cat?post=514"},{"taxonomy":"product_tag","embeddable":true,"href":"https:\/\/27-215.pl\/index.php\/wp-json\/wp\/v2\/product_tag?post=514"}],"curies":[{"name":"wp","href":"https:\/\/api.w.org\/{rel}","templated":true}]}}