{"id":621,"date":"2025-06-11T09:41:51","date_gmt":"2025-06-11T07:41:51","guid":{"rendered":"https:\/\/www.27-215.pl\/?post_type=product&#038;p=621"},"modified":"2026-04-04T08:49:13","modified_gmt":"2026-04-04T06:49:13","slug":"dozownik-do-kwasu-mrowkowego-i-octowego-maly","status":"publish","type":"product","link":"https:\/\/27-215.pl\/index.php\/produkt\/dozownik-do-kwasu-mrowkowego-i-octowego-maly\/","title":{"rendered":"Dozownik do kwasu mr\u00f3wkowego i octowego ma\u0142y"},"content":{"rendered":"<p data-start=\"203\" data-end=\"469\">Praktyczny <strong data-start=\"214\" data-end=\"236\">dozownik do kwas\u00f3w<\/strong> przeznaczony do stosowania w pasiekach. Wykonany z <strong data-start=\"288\" data-end=\"347\">wysokiej jako\u015bci tworzywa odpornego na dzia\u0142anie kwas\u00f3w<\/strong>, sprawdzi si\u0119 doskonale podczas naturalnych metod walki z warroz\u0105 oraz barciakiem (motylic\u0105) \u2013 np. przy zastosowaniu kwasu mr\u00f3wkowego lub octowego.<\/p>\n<p data-start=\"471\" data-end=\"671\">\u2705 <strong data-start=\"473\" data-end=\"495\">Kompaktowy rozmiar<\/strong> \u2013 idealny do umieszczenia w ulu<br data-start=\"527\" data-end=\"530\" \/>\u2705 <strong data-start=\"532\" data-end=\"558\">Bezpieczne u\u017cytkowanie<\/strong> \u2013 kontrolowane parowanie<br data-start=\"583\" data-end=\"586\" \/>\u2705 <strong data-start=\"588\" data-end=\"612\">Wielorazowego u\u017cytku<\/strong> \u2013 trwa\u0142y i ekonomiczny<br data-start=\"635\" data-end=\"638\" \/>\u2705 <strong data-start=\"640\" data-end=\"671\">Lekki i \u0142atwy w czyszczeniu<\/strong><\/p>\n<p data-start=\"673\" data-end=\"692\"><strong data-start=\"673\" data-end=\"690\">Zastosowanie:<\/strong><\/p>\n<ul data-start=\"693\" data-end=\"835\">\n<li data-start=\"693\" data-end=\"744\">do odparowywania kwasu mr\u00f3wkowego lub octowego<\/li>\n<li data-start=\"745\" data-end=\"803\">jako element profilaktyki zdrowotnej rodzin pszczelich<\/li>\n<li data-start=\"804\" data-end=\"835\">w naturalnym leczeniu warrozy<\/li>\n<\/ul>\n<p data-start=\"842\" data-end=\"949\"><strong data-start=\"842\" data-end=\"854\">Wymiary:<\/strong><\/p>\n<ul>\n<li data-start=\"842\" data-end=\"949\">\u015arednica: ok. 6,5 cm<\/li>\n<li data-start=\"842\" data-end=\"949\">Wysoko\u015b\u0107: ok. 2,5 cm<\/li>\n<li data-start=\"842\" data-end=\"949\">Materia\u0142: tworzywo odporne na dzia\u0142anie kwas\u00f3w<\/li>\n<\/ul>\n<p>&nbsp;<\/p>\n","protected":false},"excerpt":{"rendered":"<p>Praktyczny dozownik do kwas\u00f3w przeznaczony do stosowania w pasiekach. Wykonany z wysokiej jako\u015bci tworzywa odpornego na dzia\u0142anie kwas\u00f3w, sprawdzi si\u0119 doskonale podczas naturalnych metod walki z warroz\u0105 oraz barciakiem (motylic\u0105) \u2013 np. przy zastosowaniu kwasu mr\u00f3wkowego lub octowego. \u2705 Kompaktowy rozmiar \u2013 idealny do umieszczenia w ulu\u2705 Bezpieczne u\u017cytkowanie \u2013 kontrolowane parowanie\u2705 Wielorazowego u\u017cytku \u2013 [&hellip;]<\/p>\n","protected":false},"featured_media":622,"template":"","meta":[],"product_brand":[],"product_cat":[36],"product_tag":[],"class_list":{"0":"post-621","1":"product","2":"type-product","3":"status-publish","4":"has-post-thumbnail","6":"product_cat-chemia-pszczelarska","8":"first","9":"outofstock","10":"taxable","11":"shipping-taxable","12":"purchasable","13":"product-type-simple"},"_links":{"self":[{"href":"https:\/\/27-215.pl\/index.php\/wp-json\/wp\/v2\/product\/621","targetHints":{"allow":["GET"]}}],"collection":[{"href":"https:\/\/27-215.pl\/index.php\/wp-json\/wp\/v2\/product"}],"about":[{"href":"https:\/\/27-215.pl\/index.php\/wp-json\/wp\/v2\/types\/product"}],"wp:featuredmedia":[{"embeddable":true,"href":"https:\/\/27-215.pl\/index.php\/wp-json\/wp\/v2\/media\/622"}],"wp:attachment":[{"href":"https:\/\/27-215.pl\/index.php\/wp-json\/wp\/v2\/media?parent=621"}],"wp:term":[{"taxonomy":"product_brand","embeddable":true,"href":"https:\/\/27-215.pl\/index.php\/wp-json\/wp\/v2\/product_brand?post=621"},{"taxonomy":"product_cat","embeddable":true,"href":"https:\/\/27-215.pl\/index.php\/wp-json\/wp\/v2\/product_cat?post=621"},{"taxonomy":"product_tag","embeddable":true,"href":"https:\/\/27-215.pl\/index.php\/wp-json\/wp\/v2\/product_tag?post=621"}],"curies":[{"name":"wp","href":"https:\/\/api.w.org\/{rel}","templated":true}]}}