{"id":626,"date":"2025-06-11T09:47:52","date_gmt":"2025-06-11T07:47:52","guid":{"rendered":"https:\/\/www.27-215.pl\/?post_type=product&#038;p=626"},"modified":"2026-04-17T23:16:27","modified_gmt":"2026-04-17T21:16:27","slug":"numerki-na-ule-plastikowe-duze-szare","status":"publish","type":"product","link":"https:\/\/27-215.pl\/index.php\/produkt\/numerki-na-ule-plastikowe-duze-szare\/","title":{"rendered":"Numerki na ule plastikowe, du\u017ce szare"},"content":{"rendered":"<p>Plastikowe numerki, kt\u00f3re mocuje si\u0119 na korpusach ula w celu identyfikacji.<\/p>\n<p>Wysoko\u015b\u0107: 4 cm<\/p>\n<p>Kolor: szare<\/p>\n","protected":false},"excerpt":{"rendered":"<p>Plastikowe numerki, kt\u00f3re mocuje si\u0119 na korpusach ula w celu identyfikacji. Wysoko\u015b\u0107: 4 cm Kolor: szare<\/p>\n","protected":false},"featured_media":627,"template":"","meta":[],"product_brand":[],"product_cat":[47],"product_tag":[],"class_list":{"0":"post-626","1":"product","2":"type-product","3":"status-publish","4":"has-post-thumbnail","6":"product_cat-numerki","8":"first","9":"instock","10":"taxable","11":"shipping-taxable","12":"purchasable","13":"product-type-simple"},"_links":{"self":[{"href":"https:\/\/27-215.pl\/index.php\/wp-json\/wp\/v2\/product\/626","targetHints":{"allow":["GET"]}}],"collection":[{"href":"https:\/\/27-215.pl\/index.php\/wp-json\/wp\/v2\/product"}],"about":[{"href":"https:\/\/27-215.pl\/index.php\/wp-json\/wp\/v2\/types\/product"}],"wp:featuredmedia":[{"embeddable":true,"href":"https:\/\/27-215.pl\/index.php\/wp-json\/wp\/v2\/media\/627"}],"wp:attachment":[{"href":"https:\/\/27-215.pl\/index.php\/wp-json\/wp\/v2\/media?parent=626"}],"wp:term":[{"taxonomy":"product_brand","embeddable":true,"href":"https:\/\/27-215.pl\/index.php\/wp-json\/wp\/v2\/product_brand?post=626"},{"taxonomy":"product_cat","embeddable":true,"href":"https:\/\/27-215.pl\/index.php\/wp-json\/wp\/v2\/product_cat?post=626"},{"taxonomy":"product_tag","embeddable":true,"href":"https:\/\/27-215.pl\/index.php\/wp-json\/wp\/v2\/product_tag?post=626"}],"curies":[{"name":"wp","href":"https:\/\/api.w.org\/{rel}","templated":true}]}}