{"id":662,"date":"2025-06-12T14:50:21","date_gmt":"2025-06-12T12:50:21","guid":{"rendered":"https:\/\/www.27-215.pl\/?post_type=product&#038;p=662"},"modified":"2026-04-04T08:49:25","modified_gmt":"2026-04-04T06:49:25","slug":"odsklepiacz-widelcowy-plastikowy-zeby-giete","status":"publish","type":"product","link":"https:\/\/27-215.pl\/index.php\/produkt\/odsklepiacz-widelcowy-plastikowy-zeby-giete\/","title":{"rendered":"Odsklepiacz widelcowy plastikowy, z\u0119by gi\u0119te"},"content":{"rendered":"<p data-start=\"221\" data-end=\"469\">Praktyczny <strong data-start=\"232\" data-end=\"277\">odsklepiacz widelcowy z plastikow\u0105 r\u0105czk\u0105<\/strong> to niezast\u0105pione narz\u0119dzie ka\u017cdego pszczelarza podczas miodobrania. Wyposa\u017cony w <strong data-start=\"359\" data-end=\"384\">stalowe, wygi\u0119te z\u0119by<\/strong>, kt\u00f3re umo\u017cliwiaj\u0105 precyzyjne usuwanie wosku z kom\u00f3rek plastr\u00f3w bez ich uszkadzania.<\/p>\n<p data-start=\"471\" data-end=\"748\">\u2705 <strong data-start=\"473\" data-end=\"510\">Wygi\u0119te z\u0119by ze stali nierdzewnej<\/strong> \u2013 skuteczne i trwa\u0142e<br data-start=\"531\" data-end=\"534\" \/>\u2705 <strong data-start=\"536\" data-end=\"570\">Ergonomiczna r\u0105czka z tworzywa<\/strong> \u2013 lekka, wygodna i \u0142atwa w czyszczeniu<br data-start=\"609\" data-end=\"612\" \/>\u2705 <strong data-start=\"614\" data-end=\"654\">Idealny do precyzyjnego <\/strong>odsklepiania plastr\u00f3w<br data-start=\"672\" data-end=\"675\" \/>\u2705 <strong data-start=\"677\" data-end=\"748\">Niezawodny zar\u00f3wno dla pocz\u0105tkuj\u0105cych, jak i zawodowych pszczelarzy<\/strong><\/p>\n<div class=\"woocommerce-tabs wc-tabs-wrapper\">\n<div id=\"tab-description\" class=\"woocommerce-Tabs-panel woocommerce-Tabs-panel--description panel entry-content wc-tab\" role=\"tabpanel\" aria-labelledby=\"tab-title-description\">\n<p>D\u0142ugo\u015b\u0107 ca\u0142kowita: 20 cm<br \/>\nSzeroko\u015b\u0107 igie\u0142: 7 cm<br \/>\nIlo\u015b\u0107 igie\u0142: 21<\/p>\n<\/div>\n<\/div>\n","protected":false},"excerpt":{"rendered":"<p>Praktyczny odsklepiacz widelcowy z plastikow\u0105 r\u0105czk\u0105 to niezast\u0105pione narz\u0119dzie ka\u017cdego pszczelarza podczas miodobrania. Wyposa\u017cony w stalowe, wygi\u0119te z\u0119by, kt\u00f3re umo\u017cliwiaj\u0105 precyzyjne usuwanie wosku z kom\u00f3rek plastr\u00f3w bez ich uszkadzania. \u2705 Wygi\u0119te z\u0119by ze stali nierdzewnej \u2013 skuteczne i trwa\u0142e\u2705 Ergonomiczna r\u0105czka z tworzywa \u2013 lekka, wygodna i \u0142atwa w czyszczeniu\u2705 Idealny do precyzyjnego odsklepiania plastr\u00f3w\u2705 [&hellip;]<\/p>\n","protected":false},"featured_media":663,"template":"","meta":[],"product_brand":[],"product_cat":[45],"product_tag":[],"class_list":{"0":"post-662","1":"product","2":"type-product","3":"status-publish","4":"has-post-thumbnail","6":"product_cat-odsklepianie","8":"first","9":"instock","10":"taxable","11":"shipping-taxable","12":"purchasable","13":"product-type-simple"},"_links":{"self":[{"href":"https:\/\/27-215.pl\/index.php\/wp-json\/wp\/v2\/product\/662","targetHints":{"allow":["GET"]}}],"collection":[{"href":"https:\/\/27-215.pl\/index.php\/wp-json\/wp\/v2\/product"}],"about":[{"href":"https:\/\/27-215.pl\/index.php\/wp-json\/wp\/v2\/types\/product"}],"wp:featuredmedia":[{"embeddable":true,"href":"https:\/\/27-215.pl\/index.php\/wp-json\/wp\/v2\/media\/663"}],"wp:attachment":[{"href":"https:\/\/27-215.pl\/index.php\/wp-json\/wp\/v2\/media?parent=662"}],"wp:term":[{"taxonomy":"product_brand","embeddable":true,"href":"https:\/\/27-215.pl\/index.php\/wp-json\/wp\/v2\/product_brand?post=662"},{"taxonomy":"product_cat","embeddable":true,"href":"https:\/\/27-215.pl\/index.php\/wp-json\/wp\/v2\/product_cat?post=662"},{"taxonomy":"product_tag","embeddable":true,"href":"https:\/\/27-215.pl\/index.php\/wp-json\/wp\/v2\/product_tag?post=662"}],"curies":[{"name":"wp","href":"https:\/\/api.w.org\/{rel}","templated":true}]}}