{"id":667,"date":"2025-06-12T15:54:35","date_gmt":"2025-06-12T13:54:35","guid":{"rendered":"https:\/\/www.27-215.pl\/?post_type=product&#038;p=667"},"modified":"2026-04-24T10:53:25","modified_gmt":"2026-04-24T08:53:25","slug":"ecocid-s-preparat-do-dezynfekcji-50g","status":"publish","type":"product","link":"https:\/\/27-215.pl\/index.php\/produkt\/ecocid-s-preparat-do-dezynfekcji-50g\/","title":{"rendered":"ECOCID S, Preparat do dezynfekcji 50g"},"content":{"rendered":"<p>Ecocid S to uniwersalny preparat dezynfekcyjny do powierzchni i sprz\u0119tu. Aktywny nawet w bardzo zimnej lub twardej wodzie. Nie powoduje korozji, ma przyjemny zapach.<\/p>\n<p>Ecocid S zapewnia ochron\u0119 przed wieloma gro\u017anymi chorobami zaka\u017anymi, w tym przed ptasi\u0105 gryp\u0105 wywo\u0142ywan\u0105 przez wirusa H5N1. Wykazuje si\u0119 szerokim spektrum aktywno\u015bci wirusob\u00f3jczej, bakteriob\u00f3jczej oraz grzybob\u00f3jczej. Ma posta\u0107 rozpuszczalnego proszku i jest \u0142atwy do u\u017cycia na ka\u017cdej powierzchni i wyposa\u017ceniu we wszelkich pomieszczeniach gospodarskich hodowli wielko- i drobnotowarowej.<\/p>\n<p>Ecocid S jako roztw\u00f3r aktywny mo\u017ce by\u0107 stosowany w postaci aerozolu, rozpylania lub zamg\u0142awiania, a tak\u017ce do stosowania na wszelkich barierach dezynfekcyjnych &#8211; np. na matach i w przejazdach.<\/p>\n<p>Zamg\u0142awianie na zimno: 1:100 (1% roztw\u00f3r) zamg\u0142awia\u0107 nale\u017cy puste pomieszczenia za pomoc\u0105 zamg\u0142awiacza w dawce 1l\/10m2 powierzchni pod\u0142ogi. Pozostawi\u0107 mg\u0142\u0119 na 30 minut. Przed wprowadzeniem zwierz\u0105t nale\u017cy wywietrzy\u0107 pomieszczenia przez ok. godzin\u0119.<\/p>\n<p>Zamg\u0142awianie na gor\u0105co: 1:25 (4% roztw\u00f3r) wskazane jest u\u017cycie 15cz\u0119\u015bci no\u015bnika mg\u0142y z 85 cz\u0119\u015bciami wody, po wymieszaniu cieczy nale\u017cy doda\u0107 Ecocid S. Uzyskanym roztworem nale\u017cy zamg\u0142awia\u0107 w ilo\u015bci 1l\/40m2 powierzchni pod\u0142ogi i pozostawi\u0107 mg\u0142\u0119 na 30-60 min. Przed wprowadzeniem zwierz\u0105t nale\u017cy wywietrzy\u0107 pomieszczenia przez ok. godzin\u0119.<\/p>\n","protected":false},"excerpt":{"rendered":"<p>Ecocid S to uniwersalny preparat dezynfekcyjny do powierzchni i sprz\u0119tu. Aktywny nawet w bardzo zimnej lub twardej wodzie. Nie powoduje korozji, ma przyjemny zapach. Ecocid S zapewnia ochron\u0119 przed wieloma gro\u017anymi chorobami zaka\u017anymi, w tym przed ptasi\u0105 gryp\u0105 wywo\u0142ywan\u0105 przez wirusa H5N1. Wykazuje si\u0119 szerokim spektrum aktywno\u015bci wirusob\u00f3jczej, bakteriob\u00f3jczej oraz grzybob\u00f3jczej. Ma posta\u0107 rozpuszczalnego proszku [&hellip;]<\/p>\n","protected":false},"featured_media":668,"template":"","meta":[],"product_brand":[34],"product_cat":[36],"product_tag":[],"class_list":{"0":"post-667","1":"product","2":"type-product","3":"status-publish","4":"has-post-thumbnail","6":"product_brand-vetanimal","7":"product_cat-chemia-pszczelarska","9":"first","10":"instock","11":"taxable","12":"shipping-taxable","13":"purchasable","14":"product-type-simple"},"_links":{"self":[{"href":"https:\/\/27-215.pl\/index.php\/wp-json\/wp\/v2\/product\/667","targetHints":{"allow":["GET"]}}],"collection":[{"href":"https:\/\/27-215.pl\/index.php\/wp-json\/wp\/v2\/product"}],"about":[{"href":"https:\/\/27-215.pl\/index.php\/wp-json\/wp\/v2\/types\/product"}],"wp:featuredmedia":[{"embeddable":true,"href":"https:\/\/27-215.pl\/index.php\/wp-json\/wp\/v2\/media\/668"}],"wp:attachment":[{"href":"https:\/\/27-215.pl\/index.php\/wp-json\/wp\/v2\/media?parent=667"}],"wp:term":[{"taxonomy":"product_brand","embeddable":true,"href":"https:\/\/27-215.pl\/index.php\/wp-json\/wp\/v2\/product_brand?post=667"},{"taxonomy":"product_cat","embeddable":true,"href":"https:\/\/27-215.pl\/index.php\/wp-json\/wp\/v2\/product_cat?post=667"},{"taxonomy":"product_tag","embeddable":true,"href":"https:\/\/27-215.pl\/index.php\/wp-json\/wp\/v2\/product_tag?post=667"}],"curies":[{"name":"wp","href":"https:\/\/api.w.org\/{rel}","templated":true}]}}