{"id":691,"date":"2025-06-12T16:28:13","date_gmt":"2025-06-12T14:28:13","guid":{"rendered":"https:\/\/www.27-215.pl\/?post_type=product&#038;p=691"},"modified":"2026-04-04T08:49:42","modified_gmt":"2026-04-04T06:49:42","slug":"pojemnik-do-spalania-siarki-knotow-siarkowych","status":"publish","type":"product","link":"https:\/\/27-215.pl\/index.php\/produkt\/pojemnik-do-spalania-siarki-knotow-siarkowych\/","title":{"rendered":"Pojemnik do spalania siarki, knot\u00f3w siarkowych"},"content":{"rendered":"<p data-start=\"311\" data-end=\"555\">Wytrzyma\u0142y <strong data-start=\"322\" data-end=\"382\">pojemnik metalowy do spalania siarki i knot\u00f3w siarkowych<\/strong> to niezast\u0105pione narz\u0119dzie w ka\u017cdej pasiece. Umo\u017cliwia bezpieczne i skuteczne przeprowadzanie dezynfekcji uli, ramek oraz sprz\u0119tu pszczelarskiego za pomoc\u0105 dymu siarkowego.<\/p>\n<p data-start=\"557\" data-end=\"808\">\u2705 <strong data-start=\"559\" data-end=\"589\">Wykonany z blachy stalowej<\/strong> \u2013 odporny na wysok\u0105 temperatur\u0119<br data-start=\"621\" data-end=\"624\" \/>\u2705 <strong data-start=\"626\" data-end=\"649\">Wentylacyjne otwory<\/strong> \u2013 zapewniaj\u0105 r\u00f3wnomierne spalanie<br data-start=\"683\" data-end=\"686\" \/>\u2705 <strong data-start=\"688\" data-end=\"716\">Bezpieczny w u\u017cytkowaniu<\/strong> \u2013 ogranicza rozprzestrzenianie si\u0119 ognia<br data-start=\"757\" data-end=\"760\" \/>\u2705 <strong data-start=\"762\" data-end=\"808\">\u0141atwy w czyszczeniu i wielokrotnego u\u017cytku<\/strong><\/p>\n<p data-start=\"815\" data-end=\"834\"><strong data-start=\"815\" data-end=\"832\">Zastosowanie:<\/strong><\/p>\n<ul data-start=\"835\" data-end=\"1017\">\n<li data-start=\"835\" data-end=\"906\">\n<p data-start=\"837\" data-end=\"906\">spalanie siarki w celu zwalczania patogen\u00f3w (np. grzyb\u00f3w, bakterii, motylicy)<\/p>\n<\/li>\n<li data-start=\"907\" data-end=\"961\">\n<p data-start=\"909\" data-end=\"961\">dezynfekcja wn\u0119trza uli i magazyn\u00f3w pszczelarskich<\/p>\n<\/li>\n<li data-start=\"962\" data-end=\"1017\">\n<p data-start=\"964\" data-end=\"1017\">u\u017cycie z knotami siarkowymi lub proszkiem siarkowym<\/p>\n<\/li>\n<\/ul>\n","protected":false},"excerpt":{"rendered":"<p>Wytrzyma\u0142y pojemnik metalowy do spalania siarki i knot\u00f3w siarkowych to niezast\u0105pione narz\u0119dzie w ka\u017cdej pasiece. Umo\u017cliwia bezpieczne i skuteczne przeprowadzanie dezynfekcji uli, ramek oraz sprz\u0119tu pszczelarskiego za pomoc\u0105 dymu siarkowego. \u2705 Wykonany z blachy stalowej \u2013 odporny na wysok\u0105 temperatur\u0119\u2705 Wentylacyjne otwory \u2013 zapewniaj\u0105 r\u00f3wnomierne spalanie\u2705 Bezpieczny w u\u017cytkowaniu \u2013 ogranicza rozprzestrzenianie si\u0119 ognia\u2705 \u0141atwy [&hellip;]<\/p>\n","protected":false},"featured_media":692,"template":"","meta":[],"product_brand":[],"product_cat":[36],"product_tag":[],"class_list":{"0":"post-691","1":"product","2":"type-product","3":"status-publish","4":"has-post-thumbnail","6":"product_cat-chemia-pszczelarska","8":"first","9":"outofstock","10":"taxable","11":"shipping-taxable","12":"purchasable","13":"product-type-simple"},"_links":{"self":[{"href":"https:\/\/27-215.pl\/index.php\/wp-json\/wp\/v2\/product\/691","targetHints":{"allow":["GET"]}}],"collection":[{"href":"https:\/\/27-215.pl\/index.php\/wp-json\/wp\/v2\/product"}],"about":[{"href":"https:\/\/27-215.pl\/index.php\/wp-json\/wp\/v2\/types\/product"}],"wp:featuredmedia":[{"embeddable":true,"href":"https:\/\/27-215.pl\/index.php\/wp-json\/wp\/v2\/media\/692"}],"wp:attachment":[{"href":"https:\/\/27-215.pl\/index.php\/wp-json\/wp\/v2\/media?parent=691"}],"wp:term":[{"taxonomy":"product_brand","embeddable":true,"href":"https:\/\/27-215.pl\/index.php\/wp-json\/wp\/v2\/product_brand?post=691"},{"taxonomy":"product_cat","embeddable":true,"href":"https:\/\/27-215.pl\/index.php\/wp-json\/wp\/v2\/product_cat?post=691"},{"taxonomy":"product_tag","embeddable":true,"href":"https:\/\/27-215.pl\/index.php\/wp-json\/wp\/v2\/product_tag?post=691"}],"curies":[{"name":"wp","href":"https:\/\/api.w.org\/{rel}","templated":true}]}}