{"id":694,"date":"2025-06-12T16:32:38","date_gmt":"2025-06-12T14:32:38","guid":{"rendered":"https:\/\/www.27-215.pl\/?post_type=product&#038;p=694"},"modified":"2026-04-04T08:49:42","modified_gmt":"2026-04-04T06:49:42","slug":"rozluzniacz-walek-do-odsklepiania-plastrow","status":"publish","type":"product","link":"https:\/\/27-215.pl\/index.php\/produkt\/rozluzniacz-walek-do-odsklepiania-plastrow\/","title":{"rendered":"Rozlu\u017aniacz, wa\u0142ek do odsklepiania plastr\u00f3w"},"content":{"rendered":"<p data-start=\"256\" data-end=\"491\">Profesjonalny <strong data-start=\"270\" data-end=\"303\">rozlu\u017aniacz do plastr\u00f3w miodu<\/strong> (tzw. rozlu\u017aniacz wrzosowy) to niezast\u0105pione narz\u0119dzie w pracowni pszczelarskiej, szczeg\u00f3lnie przy pozyskiwaniu <strong data-start=\"416\" data-end=\"444\">g\u0119stych i lepkich miod\u00f3w<\/strong> takich jak wrzosowy. Mo\u017cna r\u00f3wnie\u017c u\u017cywa\u0107 do odsklepiania ramek z miodem lub odsklepiania zapas\u00f3w zimowych na wiosn\u0119 aby u\u0142atwi\u0107 pszczo\u0142om pobieranie pokarmu.<\/p>\n<p data-start=\"493\" data-end=\"722\">\u2705 <strong data-start=\"495\" data-end=\"536\">Wa\u0142ek z kolcami z tworzywa sztucznego<\/strong> \u2013 nie uszkadza plastr\u00f3w<br data-start=\"557\" data-end=\"560\" \/>\u2705 <strong data-start=\"562\" data-end=\"585\">Ergonomiczna r\u0105czka<\/strong> \u2013 wygodna i antypo\u015blizgowa<br data-start=\"612\" data-end=\"615\" \/>\u2705 <strong data-start=\"617\" data-end=\"638\">\u0141atwe czyszczenie<\/strong> \u2013 odporno\u015b\u0107 na wod\u0119 i resztki miodu<br data-start=\"674\" data-end=\"677\" \/>\u2705 <strong data-start=\"679\" data-end=\"722\">Szybsze wirowanie i lepszy odzysk miodu<\/strong><\/p>\n<p data-start=\"729\" data-end=\"748\"><strong data-start=\"729\" data-end=\"746\">Zastosowanie:<\/strong><\/p>\n<ul data-start=\"749\" data-end=\"923\">\n<li data-start=\"749\" data-end=\"802\">\n<p data-start=\"751\" data-end=\"802\">do mechanicznego rozlu\u017aniania kom\u00f3rek w plastrach<\/p>\n<\/li>\n<li data-start=\"803\" data-end=\"857\">\n<p data-start=\"805\" data-end=\"857\">poprawia wyp\u0142yw g\u0119stego miodu z plastra w miodarce<\/p>\n<\/li>\n<li data-start=\"858\" data-end=\"923\">\n<p data-start=\"860\" data-end=\"923\">idealny dla pszczelarzy pozyskuj\u0105cych mi\u00f3d wrzosowy<\/p>\n<\/li>\n<\/ul>\n<p>&nbsp;<\/p>\n<p>D\u0142ugosc: 30 cm<br \/>\nSzeroko\u015b\u0107: 9 cm<br \/>\n\u015arednica: 6 cm<br \/>\nWysoko\u015b\u0107 z\u0119b\u00f3w: 12 mm<\/p>\n<p>&nbsp;<\/p>\n","protected":false},"excerpt":{"rendered":"<p>Profesjonalny rozlu\u017aniacz do plastr\u00f3w miodu (tzw. rozlu\u017aniacz wrzosowy) to niezast\u0105pione narz\u0119dzie w pracowni pszczelarskiej, szczeg\u00f3lnie przy pozyskiwaniu g\u0119stych i lepkich miod\u00f3w takich jak wrzosowy. Mo\u017cna r\u00f3wnie\u017c u\u017cywa\u0107 do odsklepiania ramek z miodem lub odsklepiania zapas\u00f3w zimowych na wiosn\u0119 aby u\u0142atwi\u0107 pszczo\u0142om pobieranie pokarmu. \u2705 Wa\u0142ek z kolcami z tworzywa sztucznego \u2013 nie uszkadza plastr\u00f3w\u2705 Ergonomiczna [&hellip;]<\/p>\n","protected":false},"featured_media":695,"template":"","meta":[],"product_brand":[],"product_cat":[45],"product_tag":[],"class_list":{"0":"post-694","1":"product","2":"type-product","3":"status-publish","4":"has-post-thumbnail","6":"product_cat-odsklepianie","8":"first","9":"instock","10":"taxable","11":"shipping-taxable","12":"purchasable","13":"product-type-simple"},"_links":{"self":[{"href":"https:\/\/27-215.pl\/index.php\/wp-json\/wp\/v2\/product\/694","targetHints":{"allow":["GET"]}}],"collection":[{"href":"https:\/\/27-215.pl\/index.php\/wp-json\/wp\/v2\/product"}],"about":[{"href":"https:\/\/27-215.pl\/index.php\/wp-json\/wp\/v2\/types\/product"}],"wp:featuredmedia":[{"embeddable":true,"href":"https:\/\/27-215.pl\/index.php\/wp-json\/wp\/v2\/media\/695"}],"wp:attachment":[{"href":"https:\/\/27-215.pl\/index.php\/wp-json\/wp\/v2\/media?parent=694"}],"wp:term":[{"taxonomy":"product_brand","embeddable":true,"href":"https:\/\/27-215.pl\/index.php\/wp-json\/wp\/v2\/product_brand?post=694"},{"taxonomy":"product_cat","embeddable":true,"href":"https:\/\/27-215.pl\/index.php\/wp-json\/wp\/v2\/product_cat?post=694"},{"taxonomy":"product_tag","embeddable":true,"href":"https:\/\/27-215.pl\/index.php\/wp-json\/wp\/v2\/product_tag?post=694"}],"curies":[{"name":"wp","href":"https:\/\/api.w.org\/{rel}","templated":true}]}}