{"id":711,"date":"2025-06-12T22:39:52","date_gmt":"2025-06-12T20:39:52","guid":{"rendered":"https:\/\/www.27-215.pl\/?post_type=product&#038;p=711"},"modified":"2026-04-04T08:49:43","modified_gmt":"2026-04-04T06:49:43","slug":"siarka-granulowana-1kg","status":"publish","type":"product","link":"https:\/\/27-215.pl\/index.php\/produkt\/siarka-granulowana-1kg\/","title":{"rendered":"Siarka granulowana 1kg"},"content":{"rendered":"<p>W pszczelarstwie stosowana g\u0142\u00f3wnie w walce z motylic\u0105 (barciakiem) poprzez siarkowianie pomieszczenia w kt\u00f3rym znajduj\u0105 si\u0119 plastry z woszczyzn\u0105.<\/p>\n<p>Opakowanie 1kg<\/p>\n","protected":false},"excerpt":{"rendered":"<p>W pszczelarstwie stosowana g\u0142\u00f3wnie w walce z motylic\u0105 (barciakiem) poprzez siarkowianie pomieszczenia w kt\u00f3rym znajduj\u0105 si\u0119 plastry z woszczyzn\u0105. Opakowanie 1kg<\/p>\n","protected":false},"featured_media":712,"template":"","meta":[],"product_brand":[48],"product_cat":[36],"product_tag":[],"class_list":{"0":"post-711","1":"product","2":"type-product","3":"status-publish","4":"has-post-thumbnail","6":"product_brand-biomus","7":"product_cat-chemia-pszczelarska","9":"first","10":"outofstock","11":"taxable","12":"shipping-taxable","13":"purchasable","14":"product-type-simple"},"_links":{"self":[{"href":"https:\/\/27-215.pl\/index.php\/wp-json\/wp\/v2\/product\/711","targetHints":{"allow":["GET"]}}],"collection":[{"href":"https:\/\/27-215.pl\/index.php\/wp-json\/wp\/v2\/product"}],"about":[{"href":"https:\/\/27-215.pl\/index.php\/wp-json\/wp\/v2\/types\/product"}],"wp:featuredmedia":[{"embeddable":true,"href":"https:\/\/27-215.pl\/index.php\/wp-json\/wp\/v2\/media\/712"}],"wp:attachment":[{"href":"https:\/\/27-215.pl\/index.php\/wp-json\/wp\/v2\/media?parent=711"}],"wp:term":[{"taxonomy":"product_brand","embeddable":true,"href":"https:\/\/27-215.pl\/index.php\/wp-json\/wp\/v2\/product_brand?post=711"},{"taxonomy":"product_cat","embeddable":true,"href":"https:\/\/27-215.pl\/index.php\/wp-json\/wp\/v2\/product_cat?post=711"},{"taxonomy":"product_tag","embeddable":true,"href":"https:\/\/27-215.pl\/index.php\/wp-json\/wp\/v2\/product_tag?post=711"}],"curies":[{"name":"wp","href":"https:\/\/api.w.org\/{rel}","templated":true}]}}